{"id":121,"date":"2017-02-07T07:59:29","date_gmt":"2017-02-07T07:59:29","guid":{"rendered":"http:\/\/demo.omegatheme.com\/wordpress\/wp_furnite\/?page_id=112"},"modified":"2025-04-10T08:05:06","modified_gmt":"2025-04-10T06:05:06","slug":"contact","status":"publish","type":"page","link":"https:\/\/mobiladeluxonline.ro\/en\/contact\/","title":{"rendered":"Contact"},"content":{"rendered":"<div data-elementor-type=\"wp-page\" data-elementor-id=\"121\" class=\"elementor elementor-121\" data-elementor-settings=\"{&quot;element_pack_global_tooltip_width&quot;:{&quot;unit&quot;:&quot;px&quot;,&quot;size&quot;:&quot;&quot;,&quot;sizes&quot;:[]},&quot;element_pack_global_tooltip_width_tablet&quot;:{&quot;unit&quot;:&quot;px&quot;,&quot;size&quot;:&quot;&quot;,&quot;sizes&quot;:[]},&quot;element_pack_global_tooltip_width_mobile&quot;:{&quot;unit&quot;:&quot;px&quot;,&quot;size&quot;:&quot;&quot;,&quot;sizes&quot;:[]},&quot;element_pack_global_tooltip_padding&quot;:{&quot;unit&quot;:&quot;px&quot;,&quot;top&quot;:&quot;&quot;,&quot;right&quot;:&quot;&quot;,&quot;bottom&quot;:&quot;&quot;,&quot;left&quot;:&quot;&quot;,&quot;isLinked&quot;:true},&quot;element_pack_global_tooltip_padding_tablet&quot;:{&quot;unit&quot;:&quot;px&quot;,&quot;top&quot;:&quot;&quot;,&quot;right&quot;:&quot;&quot;,&quot;bottom&quot;:&quot;&quot;,&quot;left&quot;:&quot;&quot;,&quot;isLinked&quot;:true},&quot;element_pack_global_tooltip_padding_mobile&quot;:{&quot;unit&quot;:&quot;px&quot;,&quot;top&quot;:&quot;&quot;,&quot;right&quot;:&quot;&quot;,&quot;bottom&quot;:&quot;&quot;,&quot;left&quot;:&quot;&quot;,&quot;isLinked&quot;:true},&quot;element_pack_global_tooltip_border_radius&quot;:{&quot;unit&quot;:&quot;px&quot;,&quot;top&quot;:&quot;&quot;,&quot;right&quot;:&quot;&quot;,&quot;bottom&quot;:&quot;&quot;,&quot;left&quot;:&quot;&quot;,&quot;isLinked&quot;:true},&quot;element_pack_global_tooltip_border_radius_tablet&quot;:{&quot;unit&quot;:&quot;px&quot;,&quot;top&quot;:&quot;&quot;,&quot;right&quot;:&quot;&quot;,&quot;bottom&quot;:&quot;&quot;,&quot;left&quot;:&quot;&quot;,&quot;isLinked&quot;:true},&quot;element_pack_global_tooltip_border_radius_mobile&quot;:{&quot;unit&quot;:&quot;px&quot;,&quot;top&quot;:&quot;&quot;,&quot;right&quot;:&quot;&quot;,&quot;bottom&quot;:&quot;&quot;,&quot;left&quot;:&quot;&quot;,&quot;isLinked&quot;:true}}\">\n\t\t\t\t<div class=\"elementor-element elementor-element-60a99f94 e-flex e-con-boxed e-con e-parent\" data-id=\"60a99f94\" data-element_type=\"container\" data-e-type=\"container\">\n\t\t\t\t\t<div class=\"e-con-inner\">\n\t\t<div class=\"elementor-element elementor-element-ebe6ec3 e-con-full e-flex e-con e-child\" data-id=\"ebe6ec3\" data-element_type=\"container\" data-e-type=\"container\">\n\t\t\t\t<div class=\"elementor-element elementor-element-5233c020 elementor-invisible elementor-widget elementor-widget-heading\" data-id=\"5233c020\" data-element_type=\"widget\" data-e-type=\"widget\" data-settings=\"{&quot;_animation_delay&quot;:&quot;200&quot;,&quot;_animation&quot;:&quot;fadeInUp&quot;}\" data-widget_type=\"heading.default\">\n\t\t\t\t<div class=\"elementor-widget-container\">\n\t\t\t\t\t<h2 class=\"elementor-heading-title elementor-size-default\">Suntem aici s\u0103 te ajut\u0103m<\/h2>\t\t\t\t<\/div>\n\t\t\t\t<\/div>\n\t\t\t\t<div class=\"elementor-element elementor-element-3ae873f0 elementor-invisible elementor-widget elementor-widget-text-editor\" data-id=\"3ae873f0\" data-element_type=\"widget\" data-e-type=\"widget\" data-settings=\"{&quot;_animation_delay&quot;:&quot;200&quot;,&quot;_animation&quot;:&quot;fadeInUp&quot;}\" data-widget_type=\"text-editor.default\">\n\t\t\t\t<div class=\"elementor-widget-container\">\n\t\t\t\t\t\t\t\t\t<p class=\"whitespace-pre-wrap break-words\">La Mobil\u0103 de Lux Online, suntem dedica\u021bi s\u0103 oferim un serviciu clien\u021bi de excep\u021bie.<\/p><p class=\"whitespace-pre-wrap break-words\">Indiferent dac\u0103 vrei s\u0103 afli detalii despre colec\u021biile noastre de mobilier, ai nevoie de consiliere pentru amenajarea casei, cau\u021bi informa\u021bii despre livrare \u0219i montaj sau vrei s\u0103 discu\u021bi despre o comand\u0103 existent\u0103, echipa noastr\u0103 este preg\u0103tit\u0103 s\u0103 te asiste cu profesionalism \u0219i promptitudine.<\/p><p class=\"whitespace-pre-wrap break-words\">Contacteaz\u0103-ne \u0219i transform\u0103 visul t\u0103u de locuin\u021b\u0103 \u00een realitate!<\/p>\t\t\t\t\t\t\t\t<\/div>\n\t\t\t\t<\/div>\n\t\t\t\t<div class=\"elementor-element elementor-element-bf95b17 elementor-mobile-align-center elementor-icon-list--layout-traditional elementor-list-item-link-full_width elementor-widget elementor-widget-icon-list\" data-id=\"bf95b17\" data-element_type=\"widget\" data-e-type=\"widget\" data-widget_type=\"icon-list.default\">\n\t\t\t\t<div class=\"elementor-widget-container\">\n\t\t\t\t\t\t\t<ul class=\"elementor-icon-list-items\">\n\t\t\t\t\t\t\t<li class=\"elementor-icon-list-item\">\n\t\t\t\t\t\t\t\t\t\t\t<a href=\"mailto:office@mobiladeluxonline.ro\">\n\n\t\t\t\t\t\t\t\t\t\t\t\t<span class=\"elementor-icon-list-icon\">\n\t\t\t\t\t\t\t<svg aria-hidden=\"true\" class=\"e-font-icon-svg e-far-envelope\" viewbox=\"0 0 512 512\" xmlns=\"http:\/\/www.w3.org\/2000\/svg\"><path d=\"M464 64H48C21.49 64 0 85.49 0 112v288c0 26.51 21.49 48 48 48h416c26.51 0 48-21.49 48-48V112c0-26.51-21.49-48-48-48zm0 48v40.805c-22.422 18.259-58.168 46.651-134.587 106.49-16.841 13.247-50.201 45.072-73.413 44.701-23.208.375-56.579-31.459-73.413-44.701C106.18 199.465 70.425 171.067 48 152.805V112h416zM48 400V214.398c22.914 18.251 55.409 43.862 104.938 82.646 21.857 17.205 60.134 55.186 103.062 54.955 42.717.231 80.509-37.199 103.053-54.947 49.528-38.783 82.032-64.401 104.947-82.653V400H48z\"><\/path><\/svg>\t\t\t\t\t\t<\/span>\n\t\t\t\t\t\t\t\t\t\t<span class=\"elementor-icon-list-text\">office@mobiladeluxonline.ro<\/span>\n\t\t\t\t\t\t\t\t\t\t\t<\/a>\n\t\t\t\t\t\t\t\t\t<\/li>\n\t\t\t\t\t\t\t\t<li class=\"elementor-icon-list-item\">\n\t\t\t\t\t\t\t\t\t\t\t<a href=\"tel:0724246324\">\n\n\t\t\t\t\t\t\t\t\t\t\t\t<span class=\"elementor-icon-list-icon\">\n\t\t\t\t\t\t\t<svg aria-hidden=\"true\" class=\"e-font-icon-svg e-fas-phone-alt\" viewbox=\"0 0 512 512\" xmlns=\"http:\/\/www.w3.org\/2000\/svg\"><path d=\"M497.39 361.8l-112-48a24 24 0 0 0-28 6.9l-49.6 60.6A370.66 370.66 0 0 1 130.6 204.11l60.6-49.6a23.94 23.94 0 0 0 6.9-28l-48-112A24.16 24.16 0 0 0 122.6.61l-104 24A24 24 0 0 0 0 48c0 256.5 207.9 464 464 464a24 24 0 0 0 23.4-18.6l24-104a24.29 24.29 0 0 0-14.01-27.6z\"><\/path><\/svg>\t\t\t\t\t\t<\/span>\n\t\t\t\t\t\t\t\t\t\t<span class=\"elementor-icon-list-text\">0724246324<\/span>\n\t\t\t\t\t\t\t\t\t\t\t<\/a>\n\t\t\t\t\t\t\t\t\t<\/li>\n\t\t\t\t\t\t\t\t<li class=\"elementor-icon-list-item\">\n\t\t\t\t\t\t\t\t\t\t\t<a href=\"#\">\n\n\t\t\t\t\t\t\t\t\t\t\t\t<span class=\"elementor-icon-list-icon\">\n\t\t\t\t\t\t\t<svg aria-hidden=\"true\" class=\"e-font-icon-svg e-fas-map-marker-alt\" viewbox=\"0 0 384 512\" xmlns=\"http:\/\/www.w3.org\/2000\/svg\"><path d=\"M172.268 501.67C26.97 291.031 0 269.413 0 192 0 85.961 85.961 0 192 0s192 85.961 192 192c0 77.413-26.97 99.031-172.268 309.67-9.535 13.774-29.93 13.773-39.464 0zM192 272c44.183 0 80-35.817 80-80s-35.817-80-80-80-80 35.817-80 80 35.817 80 80 80z\"><\/path><\/svg>\t\t\t\t\t\t<\/span>\n\t\t\t\t\t\t\t\t\t\t<span class=\"elementor-icon-list-text\">Bac\u0103u, Str. Milcov Nr.3-5<\/span>\n\t\t\t\t\t\t\t\t\t\t\t<\/a>\n\t\t\t\t\t\t\t\t\t<\/li>\n\t\t\t\t\t\t<\/ul>\n\t\t\t\t\t\t<\/div>\n\t\t\t\t<\/div>\n\t\t\t\t<\/div>\n\t\t<div class=\"elementor-element elementor-element-1d00a2a2 e-con-full e-flex e-con e-child\" data-id=\"1d00a2a2\" data-element_type=\"container\" data-e-type=\"container\">\n\t\t\t\t<div class=\"elementor-element elementor-element-7831a49c ui-e-submit-align--stretch elementor-invisible elementor-widget elementor-widget-uicore-contact-form\" data-id=\"7831a49c\" data-element_type=\"widget\" data-e-type=\"widget\" data-settings=\"{&quot;_animation_delay&quot;:&quot;320&quot;,&quot;_animation&quot;:&quot;fadeInUp&quot;}\" data-widget_type=\"uicore-contact-form.default\">\n\t\t\t\t<div class=\"elementor-widget-container\">\n\t\t\t\t\t\n        <form class=\"ui-e-form\" method=\"post\" name=\"New Form\" action=\"\">\n\n            <input type=\"hidden\" name=\"post_id\" value=\"121\" \/>\n            <input type=\"hidden\" name=\"widget_type\" value=\"contact-form\">\n\n            <input type=\"hidden\" name=\"required_fields_message\" value=\"Completa\u021bi toate c\u00e2mpurile necesare.\">\n\n            <div class=\"ui-e-fields-wrp\">\n\n                \n                    <div class=\"ui-e-field-type-text ui-e-field-group elementor-column ui-e-field-group-name elementor-col-50 elementor-md-100\">\n                                                    <label for=\"form-field-name\" class=\"ui-e-label elementor-screen-only\">\n                                First Name                            <\/label>\n                                                            <input size=\"1\" type=\"text\" name=\"form_fields[name]\" id=\"form-field-name\" class=\"ui-e-field  ui-e-field-textual\" placeholder=\"Prenume\">\n                                            <\/div>\n\n                \n                    <div class=\"ui-e-field-type-text ui-e-field-group elementor-column ui-e-field-group-field_bxllhh4 elementor-col-50 elementor-md-100\">\n                                                    <label for=\"form-field-field_bxllhh4\" class=\"ui-e-label elementor-screen-only\">\n                                Last Name                            <\/label>\n                                                            <input size=\"1\" type=\"text\" name=\"form_fields[field_bxllhh4]\" id=\"form-field-field_bxllhh4\" class=\"ui-e-field  ui-e-field-textual\" placeholder=\"Nume\">\n                                            <\/div>\n\n                \n                    <div class=\"ui-e-field-type-email ui-e-field-group elementor-column ui-e-field-group-email elementor-col-100\">\n                                                    <label for=\"form-field-email\" class=\"ui-e-label elementor-screen-only\">\n                                Email                            <\/label>\n                                                            <input size=\"1\" type=\"email\" name=\"form_fields[email]\" id=\"form-field-email\" class=\"ui-e-field  ui-e-field-textual\" placeholder=\"Email\" required=\"required\" aria-required=\"true\">\n                                            <\/div>\n\n                \n                    <div class=\"ui-e-field-type-tel ui-e-field-group elementor-column ui-e-field-group-field_sqxp9zj elementor-col-100\">\n                                                    <label for=\"form-field-field_sqxp9zj\" class=\"ui-e-label elementor-screen-only\">\n                                Phone Number                            <\/label>\n                                                            <input size=\"1\" type=\"tel\" name=\"form_fields[field_sqxp9zj]\" id=\"form-field-field_sqxp9zj\" class=\"ui-e-field  ui-e-field-textual\" placeholder=\"Num\u0103r telefon\">\n                                            <\/div>\n\n                \n                    <div class=\"ui-e-field-type-textarea ui-e-field-group elementor-column ui-e-field-group-message elementor-col-100\">\n                                                    <label for=\"form-field-message\" class=\"ui-e-label elementor-screen-only\">\n                                Message                            <\/label>\n                            <textarea class=\"ui-e-field\" name=\"form_fields[message]\" id=\"form-field-message\" rows=\"4\" placeholder=\"Mesajul dvs.\"><\/textarea>                    <\/div>\n\n                \n                <div class=\"ui-e-field-group elementor-column ui-e-field-type-submit elementor-col-30 e-form__buttons\">\n                    <button type=\"submit\" class=\"elementor-button\">\n                        <span >\n                                                            <span class=\"\">\n                                                                                                        <\/span>\n                                                                                        <span class=\"ui-e-text\">Trimite<\/span>\n                                                    <\/span>\n                    <\/button>\n                <\/div>\n\n            <\/div>\n\n            <div class=\"ui-e-message\">\n                            <\/div>\n        <input type=\"hidden\" name=\"trp-form-language\" value=\"en\"\/><\/form>\n                <script>\n            window.ui_e_form_validation_messages = {\"required_fields\":\"Completa\\u021bi toate c\\u00e2mpurile necesare.\"};\n        <\/script>\n\t\t\t\t<\/div>\n\t\t\t\t<\/div>\n\t\t\t\t<\/div>\n\t\t\t\t\t<\/div>\n\t\t\t\t<\/div>\n\t\t\t\t<\/div>","protected":false},"excerpt":{"rendered":"<p>Suntem aici s\u0103 te ajut\u0103m La Mobil\u0103 de Lux Online, suntem dedica\u021bi s\u0103 oferim un serviciu clien\u021bi de excep\u021bie. Indiferent dac\u0103 vrei [&hellip;]<\/p>","protected":false},"author":1,"featured_media":0,"parent":0,"menu_order":0,"comment_status":"closed","ping_status":"closed","template":"elementor_header_footer","meta":{"footnotes":""},"class_list":["post-121","page","type-page","status-publish","hentry"],"yoast_head":"<!-- This site is optimized with the Yoast SEO plugin v27.6 - https:\/\/yoast.com\/product\/yoast-seo-wordpress\/ -->\n<title>Contact - MobilaDeLuxOnline.ro<\/title>\n<meta name=\"robots\" content=\"index, follow, max-snippet:-1, max-image-preview:large, max-video-preview:-1\" \/>\n<link rel=\"canonical\" href=\"https:\/\/mobiladeluxonline.ro\/en\/contact\/\" \/>\n<meta property=\"og:locale\" content=\"en_US\" \/>\n<meta property=\"og:type\" content=\"article\" \/>\n<meta property=\"og:title\" content=\"Contact - MobilaDeLuxOnline.ro\" \/>\n<meta property=\"og:description\" content=\"Suntem aici s\u0103 te ajut\u0103m La Mobil\u0103 de Lux Online, suntem dedica\u021bi s\u0103 oferim un serviciu clien\u021bi de excep\u021bie. Indiferent dac\u0103 vrei [&hellip;]\" \/>\n<meta property=\"og:url\" content=\"https:\/\/mobiladeluxonline.ro\/en\/contact\/\" \/>\n<meta property=\"og:site_name\" content=\"MobilaDeLuxOnline.ro\" \/>\n<meta property=\"article:modified_time\" content=\"2025-04-10T06:05:06+00:00\" \/>\n<meta name=\"twitter:card\" content=\"summary_large_image\" \/>\n<meta name=\"twitter:label1\" content=\"Est. reading time\" \/>\n\t<meta name=\"twitter:data1\" content=\"1 minute\" \/>\n<script type=\"application\/ld+json\" class=\"yoast-schema-graph\">{\"@context\":\"https:\\\/\\\/schema.org\",\"@graph\":[{\"@type\":\"WebPage\",\"@id\":\"https:\\\/\\\/mobiladeluxonline.ro\\\/contact\\\/\",\"url\":\"https:\\\/\\\/mobiladeluxonline.ro\\\/contact\\\/\",\"name\":\"Contact - MobilaDeLuxOnline.ro\",\"isPartOf\":{\"@id\":\"https:\\\/\\\/mobiladeluxonline.ro\\\/#website\"},\"datePublished\":\"2017-02-07T07:59:29+00:00\",\"dateModified\":\"2025-04-10T06:05:06+00:00\",\"breadcrumb\":{\"@id\":\"https:\\\/\\\/mobiladeluxonline.ro\\\/contact\\\/#breadcrumb\"},\"inLanguage\":\"en-US\",\"potentialAction\":[{\"@type\":\"ReadAction\",\"target\":[\"https:\\\/\\\/mobiladeluxonline.ro\\\/contact\\\/\"]}]},{\"@type\":\"BreadcrumbList\",\"@id\":\"https:\\\/\\\/mobiladeluxonline.ro\\\/contact\\\/#breadcrumb\",\"itemListElement\":[{\"@type\":\"ListItem\",\"position\":1,\"name\":\"Prima pagin\u0103\",\"item\":\"https:\\\/\\\/mobiladeluxonline.ro\\\/\"},{\"@type\":\"ListItem\",\"position\":2,\"name\":\"Contact\"}]},{\"@type\":\"WebSite\",\"@id\":\"https:\\\/\\\/mobiladeluxonline.ro\\\/#website\",\"url\":\"https:\\\/\\\/mobiladeluxonline.ro\\\/\",\"name\":\"MobilaDeLuxOnline.ro\",\"description\":\"\",\"potentialAction\":[{\"@type\":\"SearchAction\",\"target\":{\"@type\":\"EntryPoint\",\"urlTemplate\":\"https:\\\/\\\/mobiladeluxonline.ro\\\/?s={search_term_string}\"},\"query-input\":{\"@type\":\"PropertyValueSpecification\",\"valueRequired\":true,\"valueName\":\"search_term_string\"}}],\"inLanguage\":\"en-US\"}]}<\/script>\n<!-- \/ Yoast SEO plugin. -->","yoast_head_json":{"title":"Contact - MobilaDeLuxOnline.ro","robots":{"index":"index","follow":"follow","max-snippet":"max-snippet:-1","max-image-preview":"max-image-preview:large","max-video-preview":"max-video-preview:-1"},"canonical":"https:\/\/mobiladeluxonline.ro\/en\/contact\/","og_locale":"en_US","og_type":"article","og_title":"Contact - MobilaDeLuxOnline.ro","og_description":"Suntem aici s\u0103 te ajut\u0103m La Mobil\u0103 de Lux Online, suntem dedica\u021bi s\u0103 oferim un serviciu clien\u021bi de excep\u021bie. Indiferent dac\u0103 vrei [&hellip;]","og_url":"https:\/\/mobiladeluxonline.ro\/en\/contact\/","og_site_name":"MobilaDeLuxOnline.ro","article_modified_time":"2025-04-10T06:05:06+00:00","twitter_card":"summary_large_image","twitter_misc":{"Est. reading time":"1 minute"},"schema":{"@context":"https:\/\/schema.org","@graph":[{"@type":"WebPage","@id":"https:\/\/mobiladeluxonline.ro\/contact\/","url":"https:\/\/mobiladeluxonline.ro\/contact\/","name":"Contact - MobilaDeLuxOnline.ro","isPartOf":{"@id":"https:\/\/mobiladeluxonline.ro\/#website"},"datePublished":"2017-02-07T07:59:29+00:00","dateModified":"2025-04-10T06:05:06+00:00","breadcrumb":{"@id":"https:\/\/mobiladeluxonline.ro\/contact\/#breadcrumb"},"inLanguage":"en-US","potentialAction":[{"@type":"ReadAction","target":["https:\/\/mobiladeluxonline.ro\/contact\/"]}]},{"@type":"BreadcrumbList","@id":"https:\/\/mobiladeluxonline.ro\/contact\/#breadcrumb","itemListElement":[{"@type":"ListItem","position":1,"name":"Prima pagin\u0103","item":"https:\/\/mobiladeluxonline.ro\/"},{"@type":"ListItem","position":2,"name":"Contact"}]},{"@type":"WebSite","@id":"https:\/\/mobiladeluxonline.ro\/#website","url":"https:\/\/mobiladeluxonline.ro\/","name":"MobilaDeLuxOnline.ro","description":"","potentialAction":[{"@type":"SearchAction","target":{"@type":"EntryPoint","urlTemplate":"https:\/\/mobiladeluxonline.ro\/?s={search_term_string}"},"query-input":{"@type":"PropertyValueSpecification","valueRequired":true,"valueName":"search_term_string"}}],"inLanguage":"en-US"}]}},"_links":{"self":[{"href":"https:\/\/mobiladeluxonline.ro\/en\/wp-json\/wp\/v2\/pages\/121","targetHints":{"allow":["GET"]}}],"collection":[{"href":"https:\/\/mobiladeluxonline.ro\/en\/wp-json\/wp\/v2\/pages"}],"about":[{"href":"https:\/\/mobiladeluxonline.ro\/en\/wp-json\/wp\/v2\/types\/page"}],"author":[{"embeddable":true,"href":"https:\/\/mobiladeluxonline.ro\/en\/wp-json\/wp\/v2\/users\/1"}],"replies":[{"embeddable":true,"href":"https:\/\/mobiladeluxonline.ro\/en\/wp-json\/wp\/v2\/comments?post=121"}],"version-history":[{"count":56,"href":"https:\/\/mobiladeluxonline.ro\/en\/wp-json\/wp\/v2\/pages\/121\/revisions"}],"predecessor-version":[{"id":7293,"href":"https:\/\/mobiladeluxonline.ro\/en\/wp-json\/wp\/v2\/pages\/121\/revisions\/7293"}],"wp:attachment":[{"href":"https:\/\/mobiladeluxonline.ro\/en\/wp-json\/wp\/v2\/media?parent=121"}],"curies":[{"name":"wp","href":"https:\/\/api.w.org\/{rel}","templated":true}]}}