{"id":2516,"date":"2020-02-18T17:59:54","date_gmt":"2020-02-18T15:59:54","guid":{"rendered":"https:\/\/mobiladeluxonline.ro\/?post_type=product&#038;p=2516"},"modified":"2025-11-07T10:31:04","modified_gmt":"2025-11-07T08:31:04","slug":"pat-tapitat-biosalt","status":"publish","type":"product","link":"https:\/\/mobiladeluxonline.ro\/en\/p\/pat-tapitat-biosalt\/","title":{"rendered":"Pat tapitat Biosalt"},"content":{"rendered":"<p>Pat tapitat Biosalt cu schelet metalic si lada de depozitare mare.<br \/>\nTablie decorativ\u0103 cu band\u0103 LED<br \/>\nO atingere estetic\u0103 pentru dormitorul t\u0103u&#8230;<br \/>\nCu detaliile sale atr\u0103g\u0103toare, t\u0103blia de pat Biosalt v\u0103 va impresiona prin designul modern \u0219i cu aspect moale, spre deosebire de modelele ascu\u021bite cu modele. Vei tr\u0103i momente de bucurie \u00een patul t\u0103u cu lampa cu LED-uri cu band\u0103 decorativ\u0103 de pe t\u0103blie.Comanda acum si beneficiezi de cele mai bune preturi. Pretul este pentru dimensiunea de 1.6x2m si nu cuprinde salteaua si noptierele. Pentru alte dimensiuni puteti sa ne contactati telefonic sau pe email.<br \/>\nPret noptiera cu sistem de incarcare telefon si boxe cu bluetooth- 2220 lei\/BUC.<\/p>","protected":false},"excerpt":{"rendered":"<p>Pat tapitat Biosalt cu schelet metalic si lada de depozitare mare. Comanda acum si beneficiezi de cele mai bune preturi. Pretul este pentru dimensiunea de 1.6x2m si nu cuprinde salteaua si noptierele. Pentru alte dimensiuni puteti sa ne contactati telefonic sau pe email.<\/p>","protected":false},"featured_media":5692,"comment_status":"open","ping_status":"closed","template":"","meta":[],"product_brand":[],"product_cat":[61],"product_tag":[],"class_list":{"0":"post-2516","1":"product","2":"type-product","3":"status-publish","4":"has-post-thumbnail","6":"product_cat-paturi-tapitate","8":"first","9":"instock","10":"sale","11":"shipping-taxable","12":"purchasable","13":"product-type-simple"},"yoast_head":"<!-- This site is optimized with the Yoast SEO plugin v27.5 - https:\/\/yoast.com\/product\/yoast-seo-wordpress\/ -->\n<title>Pat tapitat Biosalt - paturi tapitate,dormitoare,camera tineret,canapele<\/title>\n<meta name=\"description\" content=\"Pat tapitat Biosalt cu schelet metalic si lada de depozitare mare.Pret mic,calitate superioara. Comanda acum la superpret.pentru un dormitor de vis.\" \/>\n<meta name=\"robots\" content=\"index, follow, max-snippet:-1, max-image-preview:large, max-video-preview:-1\" \/>\n<link rel=\"canonical\" href=\"https:\/\/mobiladeluxonline.ro\/en\/p\/pat-tapitat-biosalt\/\" \/>\n<meta property=\"og:locale\" content=\"en_US\" \/>\n<meta property=\"og:type\" content=\"article\" \/>\n<meta property=\"og:title\" content=\"Pat tapitat Biosalt - paturi tapitate,dormitoare,camera tineret,canapele\" \/>\n<meta property=\"og:description\" content=\"Pat tapitat Biosalt cu schelet metalic si lada de depozitare mare.Pret mic,calitate superioara. Comanda acum la superpret.pentru un dormitor de vis.\" \/>\n<meta property=\"og:url\" content=\"https:\/\/mobiladeluxonline.ro\/en\/p\/pat-tapitat-biosalt\/\" \/>\n<meta property=\"og:site_name\" content=\"MobilaDeLuxOnline.ro\" \/>\n<meta property=\"article:modified_time\" content=\"2025-11-07T08:31:04+00:00\" \/>\n<meta property=\"og:image\" content=\"https:\/\/mobiladeluxonline.ro\/wp-content\/uploads\/2020\/02\/Untitled-3.jpg\" \/>\n\t<meta property=\"og:image:width\" content=\"1234\" \/>\n\t<meta property=\"og:image:height\" content=\"802\" \/>\n\t<meta property=\"og:image:type\" content=\"image\/jpeg\" \/>\n<meta name=\"twitter:card\" content=\"summary_large_image\" \/>\n<meta name=\"twitter:label1\" content=\"Est. reading time\" \/>\n\t<meta name=\"twitter:data1\" content=\"1 minute\" \/>\n<script type=\"application\/ld+json\" class=\"yoast-schema-graph\">{\"@context\":\"https:\\\/\\\/schema.org\",\"@graph\":[{\"@type\":\"WebPage\",\"@id\":\"https:\\\/\\\/mobiladeluxonline.ro\\\/p\\\/pat-tapitat-biosalt\\\/\",\"url\":\"https:\\\/\\\/mobiladeluxonline.ro\\\/p\\\/pat-tapitat-biosalt\\\/\",\"name\":\"Pat tapitat Biosalt - paturi tapitate,dormitoare,camera tineret,canapele\",\"isPartOf\":{\"@id\":\"https:\\\/\\\/mobiladeluxonline.ro\\\/#website\"},\"primaryImageOfPage\":{\"@id\":\"https:\\\/\\\/mobiladeluxonline.ro\\\/p\\\/pat-tapitat-biosalt\\\/#primaryimage\"},\"image\":{\"@id\":\"https:\\\/\\\/mobiladeluxonline.ro\\\/p\\\/pat-tapitat-biosalt\\\/#primaryimage\"},\"thumbnailUrl\":\"https:\\\/\\\/mobiladeluxonline.ro\\\/wp-content\\\/uploads\\\/2020\\\/02\\\/Untitled-3.jpg\",\"datePublished\":\"2020-02-18T15:59:54+00:00\",\"dateModified\":\"2025-11-07T08:31:04+00:00\",\"description\":\"Pat tapitat Biosalt cu schelet metalic si lada de depozitare mare.Pret mic,calitate superioara. Comanda acum la superpret.pentru un dormitor de vis.\",\"breadcrumb\":{\"@id\":\"https:\\\/\\\/mobiladeluxonline.ro\\\/p\\\/pat-tapitat-biosalt\\\/#breadcrumb\"},\"inLanguage\":\"en-US\",\"potentialAction\":[{\"@type\":\"ReadAction\",\"target\":[\"https:\\\/\\\/mobiladeluxonline.ro\\\/p\\\/pat-tapitat-biosalt\\\/\"]}]},{\"@type\":\"ImageObject\",\"inLanguage\":\"en-US\",\"@id\":\"https:\\\/\\\/mobiladeluxonline.ro\\\/p\\\/pat-tapitat-biosalt\\\/#primaryimage\",\"url\":\"https:\\\/\\\/mobiladeluxonline.ro\\\/wp-content\\\/uploads\\\/2020\\\/02\\\/Untitled-3.jpg\",\"contentUrl\":\"https:\\\/\\\/mobiladeluxonline.ro\\\/wp-content\\\/uploads\\\/2020\\\/02\\\/Untitled-3.jpg\",\"width\":1234,\"height\":802},{\"@type\":\"BreadcrumbList\",\"@id\":\"https:\\\/\\\/mobiladeluxonline.ro\\\/p\\\/pat-tapitat-biosalt\\\/#breadcrumb\",\"itemListElement\":[{\"@type\":\"ListItem\",\"position\":1,\"name\":\"Prima pagin\u0103\",\"item\":\"https:\\\/\\\/mobiladeluxonline.ro\\\/\"},{\"@type\":\"ListItem\",\"position\":2,\"name\":\"Produse\",\"item\":\"https:\\\/\\\/mobiladeluxonline.ro\\\/produse\\\/\"},{\"@type\":\"ListItem\",\"position\":3,\"name\":\"Pat tapitat Biosalt\"}]},{\"@type\":\"WebSite\",\"@id\":\"https:\\\/\\\/mobiladeluxonline.ro\\\/#website\",\"url\":\"https:\\\/\\\/mobiladeluxonline.ro\\\/\",\"name\":\"MobilaDeLuxOnline.ro\",\"description\":\"\",\"potentialAction\":[{\"@type\":\"SearchAction\",\"target\":{\"@type\":\"EntryPoint\",\"urlTemplate\":\"https:\\\/\\\/mobiladeluxonline.ro\\\/?s={search_term_string}\"},\"query-input\":{\"@type\":\"PropertyValueSpecification\",\"valueRequired\":true,\"valueName\":\"search_term_string\"}}],\"inLanguage\":\"en-US\"}]}<\/script>\n<!-- \/ Yoast SEO plugin. -->","yoast_head_json":{"title":"Pat tapitat Biosalt - paturi tapitate,dormitoare,camera tineret,canapele","description":"Pat tapitat Biosalt cu schelet metalic si lada de depozitare mare.Pret mic,calitate superioara. Comanda acum la superpret.pentru un dormitor de vis.","robots":{"index":"index","follow":"follow","max-snippet":"max-snippet:-1","max-image-preview":"max-image-preview:large","max-video-preview":"max-video-preview:-1"},"canonical":"https:\/\/mobiladeluxonline.ro\/en\/p\/pat-tapitat-biosalt\/","og_locale":"en_US","og_type":"article","og_title":"Pat tapitat Biosalt - paturi tapitate,dormitoare,camera tineret,canapele","og_description":"Pat tapitat Biosalt cu schelet metalic si lada de depozitare mare.Pret mic,calitate superioara. Comanda acum la superpret.pentru un dormitor de vis.","og_url":"https:\/\/mobiladeluxonline.ro\/en\/p\/pat-tapitat-biosalt\/","og_site_name":"MobilaDeLuxOnline.ro","article_modified_time":"2025-11-07T08:31:04+00:00","og_image":[{"width":1234,"height":802,"url":"https:\/\/mobiladeluxonline.ro\/wp-content\/uploads\/2020\/02\/Untitled-3.jpg","type":"image\/jpeg"}],"twitter_card":"summary_large_image","twitter_misc":{"Est. reading time":"1 minute"},"schema":{"@context":"https:\/\/schema.org","@graph":[{"@type":"WebPage","@id":"https:\/\/mobiladeluxonline.ro\/p\/pat-tapitat-biosalt\/","url":"https:\/\/mobiladeluxonline.ro\/p\/pat-tapitat-biosalt\/","name":"Pat tapitat Biosalt - paturi tapitate,dormitoare,camera tineret,canapele","isPartOf":{"@id":"https:\/\/mobiladeluxonline.ro\/#website"},"primaryImageOfPage":{"@id":"https:\/\/mobiladeluxonline.ro\/p\/pat-tapitat-biosalt\/#primaryimage"},"image":{"@id":"https:\/\/mobiladeluxonline.ro\/p\/pat-tapitat-biosalt\/#primaryimage"},"thumbnailUrl":"https:\/\/mobiladeluxonline.ro\/wp-content\/uploads\/2020\/02\/Untitled-3.jpg","datePublished":"2020-02-18T15:59:54+00:00","dateModified":"2025-11-07T08:31:04+00:00","description":"Pat tapitat Biosalt cu schelet metalic si lada de depozitare mare.Pret mic,calitate superioara. Comanda acum la superpret.pentru un dormitor de vis.","breadcrumb":{"@id":"https:\/\/mobiladeluxonline.ro\/p\/pat-tapitat-biosalt\/#breadcrumb"},"inLanguage":"en-US","potentialAction":[{"@type":"ReadAction","target":["https:\/\/mobiladeluxonline.ro\/p\/pat-tapitat-biosalt\/"]}]},{"@type":"ImageObject","inLanguage":"en-US","@id":"https:\/\/mobiladeluxonline.ro\/p\/pat-tapitat-biosalt\/#primaryimage","url":"https:\/\/mobiladeluxonline.ro\/wp-content\/uploads\/2020\/02\/Untitled-3.jpg","contentUrl":"https:\/\/mobiladeluxonline.ro\/wp-content\/uploads\/2020\/02\/Untitled-3.jpg","width":1234,"height":802},{"@type":"BreadcrumbList","@id":"https:\/\/mobiladeluxonline.ro\/p\/pat-tapitat-biosalt\/#breadcrumb","itemListElement":[{"@type":"ListItem","position":1,"name":"Prima pagin\u0103","item":"https:\/\/mobiladeluxonline.ro\/"},{"@type":"ListItem","position":2,"name":"Produse","item":"https:\/\/mobiladeluxonline.ro\/produse\/"},{"@type":"ListItem","position":3,"name":"Pat tapitat Biosalt"}]},{"@type":"WebSite","@id":"https:\/\/mobiladeluxonline.ro\/#website","url":"https:\/\/mobiladeluxonline.ro\/","name":"MobilaDeLuxOnline.ro","description":"","potentialAction":[{"@type":"SearchAction","target":{"@type":"EntryPoint","urlTemplate":"https:\/\/mobiladeluxonline.ro\/?s={search_term_string}"},"query-input":{"@type":"PropertyValueSpecification","valueRequired":true,"valueName":"search_term_string"}}],"inLanguage":"en-US"}]}},"_links":{"self":[{"href":"https:\/\/mobiladeluxonline.ro\/en\/wp-json\/wp\/v2\/product\/2516","targetHints":{"allow":["GET"]}}],"collection":[{"href":"https:\/\/mobiladeluxonline.ro\/en\/wp-json\/wp\/v2\/product"}],"about":[{"href":"https:\/\/mobiladeluxonline.ro\/en\/wp-json\/wp\/v2\/types\/product"}],"replies":[{"embeddable":true,"href":"https:\/\/mobiladeluxonline.ro\/en\/wp-json\/wp\/v2\/comments?post=2516"}],"wp:featuredmedia":[{"embeddable":true,"href":"https:\/\/mobiladeluxonline.ro\/en\/wp-json\/wp\/v2\/media\/5692"}],"wp:attachment":[{"href":"https:\/\/mobiladeluxonline.ro\/en\/wp-json\/wp\/v2\/media?parent=2516"}],"wp:term":[{"taxonomy":"product_brand","embeddable":true,"href":"https:\/\/mobiladeluxonline.ro\/en\/wp-json\/wp\/v2\/product_brand?post=2516"},{"taxonomy":"product_cat","embeddable":true,"href":"https:\/\/mobiladeluxonline.ro\/en\/wp-json\/wp\/v2\/product_cat?post=2516"},{"taxonomy":"product_tag","embeddable":true,"href":"https:\/\/mobiladeluxonline.ro\/en\/wp-json\/wp\/v2\/product_tag?post=2516"}],"curies":[{"name":"wp","href":"https:\/\/api.w.org\/{rel}","templated":true}]}}