{"id":2592,"date":"2020-02-19T12:59:12","date_gmt":"2020-02-19T10:59:12","guid":{"rendered":"https:\/\/mobiladeluxonline.ro\/?post_type=product&#038;p=2592"},"modified":"2025-11-07T11:20:39","modified_gmt":"2025-11-07T09:20:39","slug":"saltea-borjen-160x200","status":"publish","type":"product","link":"https:\/\/mobiladeluxonline.ro\/en\/p\/saltea-borjen-160x200\/","title":{"rendered":"Saltea Borjen 160&#215;200"},"content":{"rendered":"<p> Saltea Borjen 1.6m.<br \/>\nAceasta saltea poate fi comandata si pe alte dimensiuni<br \/>\nSe caracterizeaza prin faptul ca arcurile sunt impachetate individual, ceea ce ofera suport pentru diferite zone de greutate ale corpului. Aceasta saltea este flexibila datorita numarului mai mare de arcuri.<\/p>","protected":false},"excerpt":{"rendered":"<p>POCKET SPRING SYSTEM\u2022Se caracterizeaza prin faptul ca arcurile sunt impachetate individual, ceea ce ofera suport pentru diferite zone de greutate ale corpului. Men\u021binerea formei coloanei vertebrale \u00een pozi\u021bia corect\u0103 asigur\u0103 un somn confortabil, iar so\u021bii sunt mai pu\u021bin afecta\u021bi de mi\u0219c\u0103rile celuilalt \u00een timpul somnului.<br \/>\n\u2022IGIENA SI CONFORT: Igiena se datoreaza mineralelor de bor. Acest minereu este utilizat \u00een multe domenii, de la tehnologiile spa\u021biale, industria sticlei, industria de ap\u0103rare p\u00e2n\u0103 la sectorul energetic. Microorganismele, precum bacteriile tr\u0103iesc \u00een articolele pe care le folosim \u00een via\u021ba noastr\u0103 de zi cu zi, num\u0103rul fiind exprimat \u00een milioane. Aceste mici creaturi amenin\u021b\u0103 s\u0103n\u0103tatea uman\u0103 \u0219i declan\u0219eaz\u0103 multe boli precum astmul, reac\u021bii alergice \u0219i bron\u0219it\u0103.<br \/>\n\u2022Salteaua, de o duritate medie, este invelita in jurul perimetrului cu burete de inalta densitate, care ajuta la prevenirea deformarii;<br \/>\nHYPER SOFT BURETE\u2022 Densitatea inalta a buretelui si arcurile din otel in forma de clepsidra, adugate in partea de sus a folosirii saltelei, ofera un suport full ortopedic pentru coloana vertebrala, cap si umeri. Mineralele ob\u021binute dup\u0103 prelucrarea minei BOR sunt aplicate in acest burete creand un somn igienic si de calitate .<br \/>\n\u2022Salteaua mai dispune de patru capsule pentru o buna aerisire si circulatie a aerului.<br \/>\n\u2022Lateral, de o parte si de alta a saltelei, sunt atasate cate 2 manere pentru a facilita manipularea produsului.<br \/>\n\u2022 KNIT FABRIC &#8211; NANOTECHNOLOGY: Datorita tesaturii special concepute, la care este folosit si bumbacul, aceasta saltea este mai moale la atingere. Totodata ajuta la usurarea transferului de aer pentru a diminua umiditatea.<br \/>\n\u2022 In compozitia saltelei mai intra si vatelina siliconizata, pentru a oferi o extraigiena;<br \/>\n\u2022 Inaltimea saltelei este de 34 cm (\u00b1 1 cm)<\/p>","protected":false},"featured_media":2596,"comment_status":"open","ping_status":"closed","template":"","meta":[],"product_brand":[],"product_cat":[62],"product_tag":[246],"class_list":{"0":"post-2592","1":"product","2":"type-product","3":"status-publish","4":"has-post-thumbnail","6":"product_cat-saltele","7":"product_tag-saltea-borjen","9":"first","10":"instock","11":"sale","12":"shipping-taxable","13":"purchasable","14":"product-type-simple"},"yoast_head":"<!-- This site is optimized with the Yoast SEO plugin v27.4 - https:\/\/yoast.com\/product\/yoast-seo-wordpress\/ -->\n<title>Saltea Borjen 160x200 - saltele poket spring,saltele ortopedice, preturi mici<\/title>\n<meta name=\"description\" content=\"Saltea Borjen 1.6m poket spring .Sistem arcuri impachetate - 3 zone :Acest sistem de arcuri impachetate, cu 3 zone, ofera fermitate personalizata .\" \/>\n<meta name=\"robots\" content=\"index, follow, max-snippet:-1, max-image-preview:large, max-video-preview:-1\" \/>\n<link rel=\"canonical\" href=\"https:\/\/mobiladeluxonline.ro\/en\/p\/saltea-borjen-160x200\/\" \/>\n<meta property=\"og:locale\" content=\"en_US\" \/>\n<meta property=\"og:type\" content=\"article\" \/>\n<meta property=\"og:title\" content=\"Saltea Borjen 160x200 - saltele poket spring,saltele ortopedice, preturi mici\" \/>\n<meta property=\"og:description\" content=\"Saltea Borjen 1.6m poket spring .Sistem arcuri impachetate - 3 zone :Acest sistem de arcuri impachetate, cu 3 zone, ofera fermitate personalizata .\" \/>\n<meta property=\"og:url\" content=\"https:\/\/mobiladeluxonline.ro\/en\/p\/saltea-borjen-160x200\/\" \/>\n<meta property=\"og:site_name\" content=\"MobilaDeLuxOnline.ro\" \/>\n<meta property=\"article:modified_time\" content=\"2025-11-07T09:20:39+00:00\" \/>\n<meta property=\"og:image\" content=\"https:\/\/mobiladeluxonline.ro\/wp-content\/uploads\/2020\/02\/borjen-saltea-1.jpg\" \/>\n\t<meta property=\"og:image:width\" content=\"1500\" \/>\n\t<meta property=\"og:image:height\" content=\"1020\" \/>\n\t<meta property=\"og:image:type\" content=\"image\/jpeg\" \/>\n<meta name=\"twitter:card\" content=\"summary_large_image\" \/>\n<script type=\"application\/ld+json\" class=\"yoast-schema-graph\">{\"@context\":\"https:\\\/\\\/schema.org\",\"@graph\":[{\"@type\":\"WebPage\",\"@id\":\"https:\\\/\\\/mobiladeluxonline.ro\\\/p\\\/saltea-borjen-160x200\\\/\",\"url\":\"https:\\\/\\\/mobiladeluxonline.ro\\\/p\\\/saltea-borjen-160x200\\\/\",\"name\":\"Saltea Borjen 160x200 - saltele poket spring,saltele ortopedice, preturi mici\",\"isPartOf\":{\"@id\":\"https:\\\/\\\/mobiladeluxonline.ro\\\/#website\"},\"primaryImageOfPage\":{\"@id\":\"https:\\\/\\\/mobiladeluxonline.ro\\\/p\\\/saltea-borjen-160x200\\\/#primaryimage\"},\"image\":{\"@id\":\"https:\\\/\\\/mobiladeluxonline.ro\\\/p\\\/saltea-borjen-160x200\\\/#primaryimage\"},\"thumbnailUrl\":\"https:\\\/\\\/mobiladeluxonline.ro\\\/wp-content\\\/uploads\\\/2020\\\/02\\\/borjen-saltea-1.jpg\",\"datePublished\":\"2020-02-19T10:59:12+00:00\",\"dateModified\":\"2025-11-07T09:20:39+00:00\",\"description\":\"Saltea Borjen 1.6m poket spring .Sistem arcuri impachetate - 3 zone :Acest sistem de arcuri impachetate, cu 3 zone, ofera fermitate personalizata .\",\"breadcrumb\":{\"@id\":\"https:\\\/\\\/mobiladeluxonline.ro\\\/p\\\/saltea-borjen-160x200\\\/#breadcrumb\"},\"inLanguage\":\"en-US\",\"potentialAction\":[{\"@type\":\"ReadAction\",\"target\":[\"https:\\\/\\\/mobiladeluxonline.ro\\\/p\\\/saltea-borjen-160x200\\\/\"]}]},{\"@type\":\"ImageObject\",\"inLanguage\":\"en-US\",\"@id\":\"https:\\\/\\\/mobiladeluxonline.ro\\\/p\\\/saltea-borjen-160x200\\\/#primaryimage\",\"url\":\"https:\\\/\\\/mobiladeluxonline.ro\\\/wp-content\\\/uploads\\\/2020\\\/02\\\/borjen-saltea-1.jpg\",\"contentUrl\":\"https:\\\/\\\/mobiladeluxonline.ro\\\/wp-content\\\/uploads\\\/2020\\\/02\\\/borjen-saltea-1.jpg\",\"width\":1500,\"height\":1020,\"caption\":\"saltea Borjen\"},{\"@type\":\"BreadcrumbList\",\"@id\":\"https:\\\/\\\/mobiladeluxonline.ro\\\/p\\\/saltea-borjen-160x200\\\/#breadcrumb\",\"itemListElement\":[{\"@type\":\"ListItem\",\"position\":1,\"name\":\"Prima pagin\u0103\",\"item\":\"https:\\\/\\\/mobiladeluxonline.ro\\\/\"},{\"@type\":\"ListItem\",\"position\":2,\"name\":\"Produse\",\"item\":\"https:\\\/\\\/mobiladeluxonline.ro\\\/produse\\\/\"},{\"@type\":\"ListItem\",\"position\":3,\"name\":\"Saltea Borjen 160&#215;200\"}]},{\"@type\":\"WebSite\",\"@id\":\"https:\\\/\\\/mobiladeluxonline.ro\\\/#website\",\"url\":\"https:\\\/\\\/mobiladeluxonline.ro\\\/\",\"name\":\"MobilaDeLuxOnline.ro\",\"description\":\"\",\"potentialAction\":[{\"@type\":\"SearchAction\",\"target\":{\"@type\":\"EntryPoint\",\"urlTemplate\":\"https:\\\/\\\/mobiladeluxonline.ro\\\/?s={search_term_string}\"},\"query-input\":{\"@type\":\"PropertyValueSpecification\",\"valueRequired\":true,\"valueName\":\"search_term_string\"}}],\"inLanguage\":\"en-US\"}]}<\/script>\n<!-- \/ Yoast SEO plugin. -->","yoast_head_json":{"title":"Saltea Borjen 160x200 - saltele poket spring,saltele ortopedice, preturi mici","description":"Saltea Borjen 1.6m poket spring .Sistem arcuri impachetate - 3 zone :Acest sistem de arcuri impachetate, cu 3 zone, ofera fermitate personalizata .","robots":{"index":"index","follow":"follow","max-snippet":"max-snippet:-1","max-image-preview":"max-image-preview:large","max-video-preview":"max-video-preview:-1"},"canonical":"https:\/\/mobiladeluxonline.ro\/en\/p\/saltea-borjen-160x200\/","og_locale":"en_US","og_type":"article","og_title":"Saltea Borjen 160x200 - saltele poket spring,saltele ortopedice, preturi mici","og_description":"Saltea Borjen 1.6m poket spring .Sistem arcuri impachetate - 3 zone :Acest sistem de arcuri impachetate, cu 3 zone, ofera fermitate personalizata .","og_url":"https:\/\/mobiladeluxonline.ro\/en\/p\/saltea-borjen-160x200\/","og_site_name":"MobilaDeLuxOnline.ro","article_modified_time":"2025-11-07T09:20:39+00:00","og_image":[{"width":1500,"height":1020,"url":"https:\/\/mobiladeluxonline.ro\/wp-content\/uploads\/2020\/02\/borjen-saltea-1.jpg","type":"image\/jpeg"}],"twitter_card":"summary_large_image","schema":{"@context":"https:\/\/schema.org","@graph":[{"@type":"WebPage","@id":"https:\/\/mobiladeluxonline.ro\/p\/saltea-borjen-160x200\/","url":"https:\/\/mobiladeluxonline.ro\/p\/saltea-borjen-160x200\/","name":"Saltea Borjen 160x200 - saltele poket spring,saltele ortopedice, preturi mici","isPartOf":{"@id":"https:\/\/mobiladeluxonline.ro\/#website"},"primaryImageOfPage":{"@id":"https:\/\/mobiladeluxonline.ro\/p\/saltea-borjen-160x200\/#primaryimage"},"image":{"@id":"https:\/\/mobiladeluxonline.ro\/p\/saltea-borjen-160x200\/#primaryimage"},"thumbnailUrl":"https:\/\/mobiladeluxonline.ro\/wp-content\/uploads\/2020\/02\/borjen-saltea-1.jpg","datePublished":"2020-02-19T10:59:12+00:00","dateModified":"2025-11-07T09:20:39+00:00","description":"Saltea Borjen 1.6m poket spring .Sistem arcuri impachetate - 3 zone :Acest sistem de arcuri impachetate, cu 3 zone, ofera fermitate personalizata .","breadcrumb":{"@id":"https:\/\/mobiladeluxonline.ro\/p\/saltea-borjen-160x200\/#breadcrumb"},"inLanguage":"en-US","potentialAction":[{"@type":"ReadAction","target":["https:\/\/mobiladeluxonline.ro\/p\/saltea-borjen-160x200\/"]}]},{"@type":"ImageObject","inLanguage":"en-US","@id":"https:\/\/mobiladeluxonline.ro\/p\/saltea-borjen-160x200\/#primaryimage","url":"https:\/\/mobiladeluxonline.ro\/wp-content\/uploads\/2020\/02\/borjen-saltea-1.jpg","contentUrl":"https:\/\/mobiladeluxonline.ro\/wp-content\/uploads\/2020\/02\/borjen-saltea-1.jpg","width":1500,"height":1020,"caption":"saltea Borjen"},{"@type":"BreadcrumbList","@id":"https:\/\/mobiladeluxonline.ro\/p\/saltea-borjen-160x200\/#breadcrumb","itemListElement":[{"@type":"ListItem","position":1,"name":"Prima pagin\u0103","item":"https:\/\/mobiladeluxonline.ro\/"},{"@type":"ListItem","position":2,"name":"Produse","item":"https:\/\/mobiladeluxonline.ro\/produse\/"},{"@type":"ListItem","position":3,"name":"Saltea Borjen 160&#215;200"}]},{"@type":"WebSite","@id":"https:\/\/mobiladeluxonline.ro\/#website","url":"https:\/\/mobiladeluxonline.ro\/","name":"MobilaDeLuxOnline.ro","description":"","potentialAction":[{"@type":"SearchAction","target":{"@type":"EntryPoint","urlTemplate":"https:\/\/mobiladeluxonline.ro\/?s={search_term_string}"},"query-input":{"@type":"PropertyValueSpecification","valueRequired":true,"valueName":"search_term_string"}}],"inLanguage":"en-US"}]}},"_links":{"self":[{"href":"https:\/\/mobiladeluxonline.ro\/en\/wp-json\/wp\/v2\/product\/2592","targetHints":{"allow":["GET"]}}],"collection":[{"href":"https:\/\/mobiladeluxonline.ro\/en\/wp-json\/wp\/v2\/product"}],"about":[{"href":"https:\/\/mobiladeluxonline.ro\/en\/wp-json\/wp\/v2\/types\/product"}],"replies":[{"embeddable":true,"href":"https:\/\/mobiladeluxonline.ro\/en\/wp-json\/wp\/v2\/comments?post=2592"}],"wp:featuredmedia":[{"embeddable":true,"href":"https:\/\/mobiladeluxonline.ro\/en\/wp-json\/wp\/v2\/media\/2596"}],"wp:attachment":[{"href":"https:\/\/mobiladeluxonline.ro\/en\/wp-json\/wp\/v2\/media?parent=2592"}],"wp:term":[{"taxonomy":"product_brand","embeddable":true,"href":"https:\/\/mobiladeluxonline.ro\/en\/wp-json\/wp\/v2\/product_brand?post=2592"},{"taxonomy":"product_cat","embeddable":true,"href":"https:\/\/mobiladeluxonline.ro\/en\/wp-json\/wp\/v2\/product_cat?post=2592"},{"taxonomy":"product_tag","embeddable":true,"href":"https:\/\/mobiladeluxonline.ro\/en\/wp-json\/wp\/v2\/product_tag?post=2592"}],"curies":[{"name":"wp","href":"https:\/\/api.w.org\/{rel}","templated":true}]}}