{"id":2602,"date":"2020-02-19T13:11:57","date_gmt":"2020-02-19T11:11:57","guid":{"rendered":"https:\/\/mobiladeluxonline.ro\/?post_type=product&#038;p=2602"},"modified":"2025-11-07T11:19:39","modified_gmt":"2025-11-07T09:19:39","slug":"saltea-serenity-160x200","status":"publish","type":"product","link":"https:\/\/mobiladeluxonline.ro\/en\/p\/saltea-serenity-160x200\/","title":{"rendered":"Saltea Serenity 160&#215;200"},"content":{"rendered":"<p>Saltea Serenity 1.6m.<br \/>\nAceasta saltea poate fi comandata si pe alte dimensiuni<br \/>\n\u2022 POCKET SPRING SYSTEM : Se caracterizeaza prin faptul ca arcurile sunt impachetate individual, ceea ce ofera suport pentru diferite zone de greutate ale corpului. Aceasta saltea este flexibila datorita numarului mai mare de arcuri, a imachetarii individuale si a miscarii individuale a arcurilor, care ajuta la egalizarea presiunii greutatii corpului asupra saltelei, in timpul somnului sunt mai pu\u0163in afecta\u0163i de miscarile celuilalt.Men\u0163inerea formei coloanei vertebrale \u00een pozi\u0163ia corecta si ofera un somn confortabil.<\/p>\n<p>Densitatea inalta a buretelui si arcurile din otel in forma de clepsidra, de care beneficiaza aceasta saltea, ofera un suport full ortopedic pentru coloana vertebrala, cap si umeri.<br \/>\nHYBER SOFT BURETE &#8211; Burete Extra moale( folosit la invelisul saltelei , ofera o senzatie de atingere catifelata ) : Va ajuta sa obtineti cu usurinta un extra comfort .<br \/>\nSalteaua, de o duritate medie, este invelita in jurul perimetrului cu burete de inalta densitate, care ajuta la prevenirea deformarii;<br \/>\nLateral, de o parte si de alta a saltelei, sunt atasate cate 2 manere pentru a facilita manipularea produsului.<br \/>\nKNIT FABRIC -TESATURA TRICOT- NANOTECHNOLOGY: Datorita tesaturii special concepute, la care este folosit si bumbacul, aceasta saltea este mai moale la atingere. Totodata ajuta la usurarea transferului de aer pentru a diaminua umiditatea.<br \/>\nIn compozitia saltelei mai intra si vatelina siliconizata, pentru a oferi o extraigiena;<br \/>\nInaltimea saltelei este de 33 cm (\u00b1 2 cm).<\/p>","protected":false},"excerpt":{"rendered":"<p>\u2022 POCKET SPRING SYSTEM : Se caracterizeaza prin faptul ca arcurile sunt impachetate individual, ceea ce ofera suport pentru diferite zone de greutate ale corpului. Aceasta saltea este flexibila datorita numarului mai mare de arcuri, a imachetarii individuale si a miscarii individuale a arcurilor, care ajuta la egalizarea presiunii greutatii corpului asupra saltelei, in timpul somnului sunt mai pu\u0163in afecta\u0163i de miscarile celuilalt.Men\u0163inerea formei coloanei vertebrale \u00een pozi\u0163ia corecta si ofera un somn confortabil.<\/p>\n<p>Densitatea inalta a buretelui si arcurile din otel in forma de clepsidra, de care beneficiaza aceasta saltea, ofera un suport full ortopedic pentru coloana vertebrala, cap si umeri.<br \/>\nHYBER SOFT BURETE &#8211; Burete Extra moale( folosit la invelisul saltelei , ofera o senzatie de atingere catifelata ) : Va ajuta sa obtineti cu usurinta un extra comfort .<br \/>\nSalteaua, de o duritate medie, este invelita in jurul perimetrului cu burete de inalta densitate, care ajuta la prevenirea deformarii;<br \/>\nLateral, de o parte si de alta a saltelei, sunt atasate cate 2 manere pentru a facilita manipularea produsului.<br \/>\nKNIT FABRIC -TESATURA TRICOT- NANOTECHNOLOGY: Datorita tesaturii special concepute, la care este folosit si bumbacul, aceasta saltea este mai moale la atingere. Totodata ajuta la usurarea transferului de aer pentru a diaminua umiditatea.<br \/>\nIn compozitia saltelei mai intra si vatelina siliconizata, pentru a oferi o extraigiena;<br \/>\nInaltimea saltelei este de 33 cm (\u00b1 2 cm).<\/p>","protected":false},"featured_media":5121,"comment_status":"open","ping_status":"closed","template":"","meta":[],"product_brand":[],"product_cat":[62],"product_tag":[],"class_list":{"0":"post-2602","1":"product","2":"type-product","3":"status-publish","4":"has-post-thumbnail","6":"product_cat-saltele","8":"first","9":"instock","10":"sale","11":"shipping-taxable","12":"purchasable","13":"product-type-simple"},"yoast_head":"<!-- This site is optimized with the Yoast SEO plugin v27.4 - https:\/\/yoast.com\/product\/yoast-seo-wordpress\/ -->\n<title>Saltea Serenity 160x200 - saltele memory,saltele ortopedice, preturi mici<\/title>\n<meta name=\"description\" content=\"Saltea Serenity 1.6m. Buretele, modelat cu caldura, contribuie la o circulatie sanatoasa a sangelui prin sustinerea perfecta a coloanei vertebrale.\" \/>\n<meta name=\"robots\" content=\"index, follow, max-snippet:-1, max-image-preview:large, max-video-preview:-1\" \/>\n<link rel=\"canonical\" href=\"https:\/\/mobiladeluxonline.ro\/en\/p\/saltea-serenity-160x200\/\" \/>\n<meta property=\"og:locale\" content=\"en_US\" \/>\n<meta property=\"og:type\" content=\"article\" \/>\n<meta property=\"og:title\" content=\"Saltea Serenity 160x200 - saltele memory,saltele ortopedice, preturi mici\" \/>\n<meta property=\"og:description\" content=\"Saltea Serenity 1.6m. Buretele, modelat cu caldura, contribuie la o circulatie sanatoasa a sangelui prin sustinerea perfecta a coloanei vertebrale.\" \/>\n<meta property=\"og:url\" content=\"https:\/\/mobiladeluxonline.ro\/en\/p\/saltea-serenity-160x200\/\" \/>\n<meta property=\"og:site_name\" content=\"MobilaDeLuxOnline.ro\" \/>\n<meta property=\"article:modified_time\" content=\"2025-11-07T09:19:39+00:00\" \/>\n<meta property=\"og:image\" content=\"https:\/\/mobiladeluxonline.ro\/wp-content\/uploads\/2020\/02\/serenity-saltea.jpg\" \/>\n\t<meta property=\"og:image:width\" content=\"1500\" \/>\n\t<meta property=\"og:image:height\" content=\"1020\" \/>\n\t<meta property=\"og:image:type\" content=\"image\/jpeg\" \/>\n<meta name=\"twitter:card\" content=\"summary_large_image\" \/>\n<meta name=\"twitter:label1\" content=\"Est. reading time\" \/>\n\t<meta name=\"twitter:data1\" content=\"1 minute\" \/>\n<script type=\"application\/ld+json\" class=\"yoast-schema-graph\">{\"@context\":\"https:\\\/\\\/schema.org\",\"@graph\":[{\"@type\":\"WebPage\",\"@id\":\"https:\\\/\\\/mobiladeluxonline.ro\\\/p\\\/saltea-serenity-160x200\\\/\",\"url\":\"https:\\\/\\\/mobiladeluxonline.ro\\\/p\\\/saltea-serenity-160x200\\\/\",\"name\":\"Saltea Serenity 160x200 - saltele memory,saltele ortopedice, preturi mici\",\"isPartOf\":{\"@id\":\"https:\\\/\\\/mobiladeluxonline.ro\\\/#website\"},\"primaryImageOfPage\":{\"@id\":\"https:\\\/\\\/mobiladeluxonline.ro\\\/p\\\/saltea-serenity-160x200\\\/#primaryimage\"},\"image\":{\"@id\":\"https:\\\/\\\/mobiladeluxonline.ro\\\/p\\\/saltea-serenity-160x200\\\/#primaryimage\"},\"thumbnailUrl\":\"https:\\\/\\\/mobiladeluxonline.ro\\\/wp-content\\\/uploads\\\/2020\\\/02\\\/serenity-saltea.jpg\",\"datePublished\":\"2020-02-19T11:11:57+00:00\",\"dateModified\":\"2025-11-07T09:19:39+00:00\",\"description\":\"Saltea Serenity 1.6m. Buretele, modelat cu caldura, contribuie la o circulatie sanatoasa a sangelui prin sustinerea perfecta a coloanei vertebrale.\",\"breadcrumb\":{\"@id\":\"https:\\\/\\\/mobiladeluxonline.ro\\\/p\\\/saltea-serenity-160x200\\\/#breadcrumb\"},\"inLanguage\":\"en-US\",\"potentialAction\":[{\"@type\":\"ReadAction\",\"target\":[\"https:\\\/\\\/mobiladeluxonline.ro\\\/p\\\/saltea-serenity-160x200\\\/\"]}]},{\"@type\":\"ImageObject\",\"inLanguage\":\"en-US\",\"@id\":\"https:\\\/\\\/mobiladeluxonline.ro\\\/p\\\/saltea-serenity-160x200\\\/#primaryimage\",\"url\":\"https:\\\/\\\/mobiladeluxonline.ro\\\/wp-content\\\/uploads\\\/2020\\\/02\\\/serenity-saltea.jpg\",\"contentUrl\":\"https:\\\/\\\/mobiladeluxonline.ro\\\/wp-content\\\/uploads\\\/2020\\\/02\\\/serenity-saltea.jpg\",\"width\":1500,\"height\":1020},{\"@type\":\"BreadcrumbList\",\"@id\":\"https:\\\/\\\/mobiladeluxonline.ro\\\/p\\\/saltea-serenity-160x200\\\/#breadcrumb\",\"itemListElement\":[{\"@type\":\"ListItem\",\"position\":1,\"name\":\"Prima pagin\u0103\",\"item\":\"https:\\\/\\\/mobiladeluxonline.ro\\\/\"},{\"@type\":\"ListItem\",\"position\":2,\"name\":\"Produse\",\"item\":\"https:\\\/\\\/mobiladeluxonline.ro\\\/produse\\\/\"},{\"@type\":\"ListItem\",\"position\":3,\"name\":\"Saltea Serenity 160&#215;200\"}]},{\"@type\":\"WebSite\",\"@id\":\"https:\\\/\\\/mobiladeluxonline.ro\\\/#website\",\"url\":\"https:\\\/\\\/mobiladeluxonline.ro\\\/\",\"name\":\"MobilaDeLuxOnline.ro\",\"description\":\"\",\"potentialAction\":[{\"@type\":\"SearchAction\",\"target\":{\"@type\":\"EntryPoint\",\"urlTemplate\":\"https:\\\/\\\/mobiladeluxonline.ro\\\/?s={search_term_string}\"},\"query-input\":{\"@type\":\"PropertyValueSpecification\",\"valueRequired\":true,\"valueName\":\"search_term_string\"}}],\"inLanguage\":\"en-US\"}]}<\/script>\n<!-- \/ Yoast SEO plugin. -->","yoast_head_json":{"title":"Saltea Serenity 160x200 - saltele memory,saltele ortopedice, preturi mici","description":"Saltea Serenity 1.6m. Buretele, modelat cu caldura, contribuie la o circulatie sanatoasa a sangelui prin sustinerea perfecta a coloanei vertebrale.","robots":{"index":"index","follow":"follow","max-snippet":"max-snippet:-1","max-image-preview":"max-image-preview:large","max-video-preview":"max-video-preview:-1"},"canonical":"https:\/\/mobiladeluxonline.ro\/en\/p\/saltea-serenity-160x200\/","og_locale":"en_US","og_type":"article","og_title":"Saltea Serenity 160x200 - saltele memory,saltele ortopedice, preturi mici","og_description":"Saltea Serenity 1.6m. Buretele, modelat cu caldura, contribuie la o circulatie sanatoasa a sangelui prin sustinerea perfecta a coloanei vertebrale.","og_url":"https:\/\/mobiladeluxonline.ro\/en\/p\/saltea-serenity-160x200\/","og_site_name":"MobilaDeLuxOnline.ro","article_modified_time":"2025-11-07T09:19:39+00:00","og_image":[{"width":1500,"height":1020,"url":"https:\/\/mobiladeluxonline.ro\/wp-content\/uploads\/2020\/02\/serenity-saltea.jpg","type":"image\/jpeg"}],"twitter_card":"summary_large_image","twitter_misc":{"Est. reading time":"1 minute"},"schema":{"@context":"https:\/\/schema.org","@graph":[{"@type":"WebPage","@id":"https:\/\/mobiladeluxonline.ro\/p\/saltea-serenity-160x200\/","url":"https:\/\/mobiladeluxonline.ro\/p\/saltea-serenity-160x200\/","name":"Saltea Serenity 160x200 - saltele memory,saltele ortopedice, preturi mici","isPartOf":{"@id":"https:\/\/mobiladeluxonline.ro\/#website"},"primaryImageOfPage":{"@id":"https:\/\/mobiladeluxonline.ro\/p\/saltea-serenity-160x200\/#primaryimage"},"image":{"@id":"https:\/\/mobiladeluxonline.ro\/p\/saltea-serenity-160x200\/#primaryimage"},"thumbnailUrl":"https:\/\/mobiladeluxonline.ro\/wp-content\/uploads\/2020\/02\/serenity-saltea.jpg","datePublished":"2020-02-19T11:11:57+00:00","dateModified":"2025-11-07T09:19:39+00:00","description":"Saltea Serenity 1.6m. Buretele, modelat cu caldura, contribuie la o circulatie sanatoasa a sangelui prin sustinerea perfecta a coloanei vertebrale.","breadcrumb":{"@id":"https:\/\/mobiladeluxonline.ro\/p\/saltea-serenity-160x200\/#breadcrumb"},"inLanguage":"en-US","potentialAction":[{"@type":"ReadAction","target":["https:\/\/mobiladeluxonline.ro\/p\/saltea-serenity-160x200\/"]}]},{"@type":"ImageObject","inLanguage":"en-US","@id":"https:\/\/mobiladeluxonline.ro\/p\/saltea-serenity-160x200\/#primaryimage","url":"https:\/\/mobiladeluxonline.ro\/wp-content\/uploads\/2020\/02\/serenity-saltea.jpg","contentUrl":"https:\/\/mobiladeluxonline.ro\/wp-content\/uploads\/2020\/02\/serenity-saltea.jpg","width":1500,"height":1020},{"@type":"BreadcrumbList","@id":"https:\/\/mobiladeluxonline.ro\/p\/saltea-serenity-160x200\/#breadcrumb","itemListElement":[{"@type":"ListItem","position":1,"name":"Prima pagin\u0103","item":"https:\/\/mobiladeluxonline.ro\/"},{"@type":"ListItem","position":2,"name":"Produse","item":"https:\/\/mobiladeluxonline.ro\/produse\/"},{"@type":"ListItem","position":3,"name":"Saltea Serenity 160&#215;200"}]},{"@type":"WebSite","@id":"https:\/\/mobiladeluxonline.ro\/#website","url":"https:\/\/mobiladeluxonline.ro\/","name":"MobilaDeLuxOnline.ro","description":"","potentialAction":[{"@type":"SearchAction","target":{"@type":"EntryPoint","urlTemplate":"https:\/\/mobiladeluxonline.ro\/?s={search_term_string}"},"query-input":{"@type":"PropertyValueSpecification","valueRequired":true,"valueName":"search_term_string"}}],"inLanguage":"en-US"}]}},"_links":{"self":[{"href":"https:\/\/mobiladeluxonline.ro\/en\/wp-json\/wp\/v2\/product\/2602","targetHints":{"allow":["GET"]}}],"collection":[{"href":"https:\/\/mobiladeluxonline.ro\/en\/wp-json\/wp\/v2\/product"}],"about":[{"href":"https:\/\/mobiladeluxonline.ro\/en\/wp-json\/wp\/v2\/types\/product"}],"replies":[{"embeddable":true,"href":"https:\/\/mobiladeluxonline.ro\/en\/wp-json\/wp\/v2\/comments?post=2602"}],"wp:featuredmedia":[{"embeddable":true,"href":"https:\/\/mobiladeluxonline.ro\/en\/wp-json\/wp\/v2\/media\/5121"}],"wp:attachment":[{"href":"https:\/\/mobiladeluxonline.ro\/en\/wp-json\/wp\/v2\/media?parent=2602"}],"wp:term":[{"taxonomy":"product_brand","embeddable":true,"href":"https:\/\/mobiladeluxonline.ro\/en\/wp-json\/wp\/v2\/product_brand?post=2602"},{"taxonomy":"product_cat","embeddable":true,"href":"https:\/\/mobiladeluxonline.ro\/en\/wp-json\/wp\/v2\/product_cat?post=2602"},{"taxonomy":"product_tag","embeddable":true,"href":"https:\/\/mobiladeluxonline.ro\/en\/wp-json\/wp\/v2\/product_tag?post=2602"}],"curies":[{"name":"wp","href":"https:\/\/api.w.org\/{rel}","templated":true}]}}