{"id":2613,"date":"2020-02-19T13:22:18","date_gmt":"2020-02-19T11:22:18","guid":{"rendered":"https:\/\/mobiladeluxonline.ro\/?post_type=product&#038;p=2613"},"modified":"2025-11-07T11:19:28","modified_gmt":"2025-11-07T09:19:28","slug":"saltea-latex-160x200","status":"publish","type":"product","link":"https:\/\/mobiladeluxonline.ro\/en\/p\/saltea-latex-160x200\/","title":{"rendered":"Saltea Latex 160&#215;200"},"content":{"rendered":"<p>Saltea Latex 1.6m.<br \/>\n POCKET SPRING SYSTEM.<br \/>\nAceasta saltea poate fi comandata si pe alte dimensiuni<br \/>\nAceast\u0103 tehnologie; Datorit\u0103 structurii cu celule deschise microporoase, flexibile, confortabile, igienice \u0219i respirabile, echilibreaz\u0103 rata de umiditate. Se adapteaz\u0103 mai mult la forma special\u0103 a corpului celui care doarme \u0219i, oferind o distribu\u021bie mai uniform\u0103 a greut\u0103\u021bii corporale, previne durerile musculare \u0219i accelereaz\u0103 fluxul sanguin.<br \/>\nEste un material u\u0219or, de \u00eenalt\u0103 rezisten\u021b\u0103, produs din cauciuc. Asigur\u0103 circula\u021bia aerului cu structura sa perforat\u0103. Cu structura sa perforata in 7 zone, sustine optim diferite parti ale corpului. \u00cen acest fel, forma coloanei vertebrale este p\u0103strat\u0103 \u0219i ofer\u0103 un somn s\u0103n\u0103tos \u0219i confortabil.<br \/>\n \tSalteaua mai dispune de patru capsule pentru o buna aerisire si circulatie a aerului.<br \/>\n \tLateral, de o parte si de alta a saltelei, sunt atasate cate 2 manere pentru a facilita manipularea produsului.<br \/>\n \tKNIT FABRIC: Datorita tesaturii special concepute, la care este folosit si bumbacul, aceasta saltea este mai moale la atingere. Totodata ajuta la usurarea transferului de aer pentru a diminua umiditatea.<br \/>\n \tIn compozitia saltelei mai intra si vatelina siliconizata, pentru a oferi o extraigiena;<br \/>\n\u2022 Inaltimea saltelei este de 33 cm (\u00b1 2 cm).<\/p>","protected":false},"excerpt":{"rendered":"<p>POCKET SPRING SYSTEM\u2022Se caracterizeaza prin faptul ca arcurile sunt impachetate individual, ceea ce ofera suport pentru diferite zone de greutate ale corpului. Aceasta saltea este flexibila datorita numarului mai mare de arcuri, a imachetarii individuale si a miscarii individuale a arcurilor.<\/p>\n<p>\u2022LATEX TECHNOLOGY: Datorit\u0103 latexului complet natural ob\u021binut din plante de cauciuc, se potrive\u0219te perfect cu faldurile corpului \u00een func\u021bie de centrele de greutate. Latexul, prevazut cu niste orificii, ajuta la o mai buna circulatie a aerului si ofera un echilibru al umiditatii.<\/p>\n<ul>\n<li>Salteaua, de o duritate medie, este invelita in jurul perimetrului cu burete de inalta densitate, care ajuta la prevenirea deformarii;<\/li>\n<\/ul>\n<p>HYPER SOFT BURETE\u2022 Densitatea inalta a buretelui si arcurile din otel in forma de clepsidra, adugate in partea de sus a folosirii saltelei, ofera un suport full ortopedic pentru coloana vertebrala, cap si umeri.<\/p>\n<ul>\n<li>Salteaua mai dispune de patru capsule pentru o buna aerisire si circulatie a aerului.<\/li>\n<li>Lateral, de o parte si de alta a saltelei, sunt atasate cate 2 manere pentru a facilita manipularea produsului.<\/li>\n<li>KNIT FABRIC: Datorita tesaturii special concepute, la care este folosit si bumbacul, aceasta saltea este mai moale la atingere. Totodata ajuta la usurarea transferului de aer pentru a diminua umiditatea.<\/li>\n<li>In compozitia saltelei mai intra si vatelina siliconizata, pentru a oferi o extraigiena;<\/li>\n<\/ul>\n<p>\u2022 Inaltimea saltelei este de 33 cm (\u00b1 2 cm).<\/p>","protected":false},"featured_media":5679,"comment_status":"open","ping_status":"closed","template":"","meta":[],"product_brand":[],"product_cat":[62],"product_tag":[],"class_list":{"0":"post-2613","1":"product","2":"type-product","3":"status-publish","4":"has-post-thumbnail","6":"product_cat-saltele","8":"first","9":"instock","10":"sale","11":"shipping-taxable","12":"purchasable","13":"product-type-simple"},"yoast_head":"<!-- This site is optimized with the Yoast SEO plugin v27.5 - https:\/\/yoast.com\/product\/yoast-seo-wordpress\/ -->\n<title>Saltea Latex 160x200 - saltele poket spring, latex,saltele ortopedice, preturi mici<\/title>\n<meta name=\"description\" content=\"Saltea latex 1.6m . Poket spring. Latex, modelat cu caldura, contribuie la o circulatie sanatoasa a sangelui prin sustinerea perfecta a coloanei vertebrale.\" \/>\n<meta name=\"robots\" content=\"index, follow, max-snippet:-1, max-image-preview:large, max-video-preview:-1\" \/>\n<link rel=\"canonical\" href=\"https:\/\/mobiladeluxonline.ro\/en\/p\/saltea-latex-160x200\/\" \/>\n<meta property=\"og:locale\" content=\"en_US\" \/>\n<meta property=\"og:type\" content=\"article\" \/>\n<meta property=\"og:title\" content=\"Saltea Latex 160x200 - saltele poket spring, latex,saltele ortopedice, preturi mici\" \/>\n<meta property=\"og:description\" content=\"Saltea latex 1.6m . Poket spring. Latex, modelat cu caldura, contribuie la o circulatie sanatoasa a sangelui prin sustinerea perfecta a coloanei vertebrale.\" \/>\n<meta property=\"og:url\" content=\"https:\/\/mobiladeluxonline.ro\/en\/p\/saltea-latex-160x200\/\" \/>\n<meta property=\"og:site_name\" content=\"MobilaDeLuxOnline.ro\" \/>\n<meta property=\"article:modified_time\" content=\"2025-11-07T09:19:28+00:00\" \/>\n<meta property=\"og:image\" content=\"https:\/\/mobiladeluxonline.ro\/wp-content\/uploads\/2020\/06\/Untitled.jpg\" \/>\n\t<meta property=\"og:image:width\" content=\"1709\" \/>\n\t<meta property=\"og:image:height\" content=\"735\" \/>\n\t<meta property=\"og:image:type\" content=\"image\/jpeg\" \/>\n<meta name=\"twitter:card\" content=\"summary_large_image\" \/>\n<meta name=\"twitter:label1\" content=\"Est. reading time\" \/>\n\t<meta name=\"twitter:data1\" content=\"1 minute\" \/>\n<script type=\"application\/ld+json\" class=\"yoast-schema-graph\">{\"@context\":\"https:\\\/\\\/schema.org\",\"@graph\":[{\"@type\":\"WebPage\",\"@id\":\"https:\\\/\\\/mobiladeluxonline.ro\\\/p\\\/saltea-latex-160x200\\\/\",\"url\":\"https:\\\/\\\/mobiladeluxonline.ro\\\/p\\\/saltea-latex-160x200\\\/\",\"name\":\"Saltea Latex 160x200 - saltele poket spring, latex,saltele ortopedice, preturi mici\",\"isPartOf\":{\"@id\":\"https:\\\/\\\/mobiladeluxonline.ro\\\/#website\"},\"primaryImageOfPage\":{\"@id\":\"https:\\\/\\\/mobiladeluxonline.ro\\\/p\\\/saltea-latex-160x200\\\/#primaryimage\"},\"image\":{\"@id\":\"https:\\\/\\\/mobiladeluxonline.ro\\\/p\\\/saltea-latex-160x200\\\/#primaryimage\"},\"thumbnailUrl\":\"https:\\\/\\\/mobiladeluxonline.ro\\\/wp-content\\\/uploads\\\/2020\\\/06\\\/Untitled.jpg\",\"datePublished\":\"2020-02-19T11:22:18+00:00\",\"dateModified\":\"2025-11-07T09:19:28+00:00\",\"description\":\"Saltea latex 1.6m . Poket spring. Latex, modelat cu caldura, contribuie la o circulatie sanatoasa a sangelui prin sustinerea perfecta a coloanei vertebrale.\",\"breadcrumb\":{\"@id\":\"https:\\\/\\\/mobiladeluxonline.ro\\\/p\\\/saltea-latex-160x200\\\/#breadcrumb\"},\"inLanguage\":\"en-US\",\"potentialAction\":[{\"@type\":\"ReadAction\",\"target\":[\"https:\\\/\\\/mobiladeluxonline.ro\\\/p\\\/saltea-latex-160x200\\\/\"]}]},{\"@type\":\"ImageObject\",\"inLanguage\":\"en-US\",\"@id\":\"https:\\\/\\\/mobiladeluxonline.ro\\\/p\\\/saltea-latex-160x200\\\/#primaryimage\",\"url\":\"https:\\\/\\\/mobiladeluxonline.ro\\\/wp-content\\\/uploads\\\/2020\\\/06\\\/Untitled.jpg\",\"contentUrl\":\"https:\\\/\\\/mobiladeluxonline.ro\\\/wp-content\\\/uploads\\\/2020\\\/06\\\/Untitled.jpg\",\"width\":1709,\"height\":735},{\"@type\":\"BreadcrumbList\",\"@id\":\"https:\\\/\\\/mobiladeluxonline.ro\\\/p\\\/saltea-latex-160x200\\\/#breadcrumb\",\"itemListElement\":[{\"@type\":\"ListItem\",\"position\":1,\"name\":\"Prima pagin\u0103\",\"item\":\"https:\\\/\\\/mobiladeluxonline.ro\\\/\"},{\"@type\":\"ListItem\",\"position\":2,\"name\":\"Produse\",\"item\":\"https:\\\/\\\/mobiladeluxonline.ro\\\/produse\\\/\"},{\"@type\":\"ListItem\",\"position\":3,\"name\":\"Saltea Latex 160&#215;200\"}]},{\"@type\":\"WebSite\",\"@id\":\"https:\\\/\\\/mobiladeluxonline.ro\\\/#website\",\"url\":\"https:\\\/\\\/mobiladeluxonline.ro\\\/\",\"name\":\"MobilaDeLuxOnline.ro\",\"description\":\"\",\"potentialAction\":[{\"@type\":\"SearchAction\",\"target\":{\"@type\":\"EntryPoint\",\"urlTemplate\":\"https:\\\/\\\/mobiladeluxonline.ro\\\/?s={search_term_string}\"},\"query-input\":{\"@type\":\"PropertyValueSpecification\",\"valueRequired\":true,\"valueName\":\"search_term_string\"}}],\"inLanguage\":\"en-US\"}]}<\/script>\n<!-- \/ Yoast SEO plugin. -->","yoast_head_json":{"title":"Saltea Latex 160x200 - saltele poket spring, latex,saltele ortopedice, preturi mici","description":"Saltea latex 1.6m . Poket spring. Latex, modelat cu caldura, contribuie la o circulatie sanatoasa a sangelui prin sustinerea perfecta a coloanei vertebrale.","robots":{"index":"index","follow":"follow","max-snippet":"max-snippet:-1","max-image-preview":"max-image-preview:large","max-video-preview":"max-video-preview:-1"},"canonical":"https:\/\/mobiladeluxonline.ro\/en\/p\/saltea-latex-160x200\/","og_locale":"en_US","og_type":"article","og_title":"Saltea Latex 160x200 - saltele poket spring, latex,saltele ortopedice, preturi mici","og_description":"Saltea latex 1.6m . Poket spring. Latex, modelat cu caldura, contribuie la o circulatie sanatoasa a sangelui prin sustinerea perfecta a coloanei vertebrale.","og_url":"https:\/\/mobiladeluxonline.ro\/en\/p\/saltea-latex-160x200\/","og_site_name":"MobilaDeLuxOnline.ro","article_modified_time":"2025-11-07T09:19:28+00:00","og_image":[{"width":1709,"height":735,"url":"https:\/\/mobiladeluxonline.ro\/wp-content\/uploads\/2020\/06\/Untitled.jpg","type":"image\/jpeg"}],"twitter_card":"summary_large_image","twitter_misc":{"Est. reading time":"1 minute"},"schema":{"@context":"https:\/\/schema.org","@graph":[{"@type":"WebPage","@id":"https:\/\/mobiladeluxonline.ro\/p\/saltea-latex-160x200\/","url":"https:\/\/mobiladeluxonline.ro\/p\/saltea-latex-160x200\/","name":"Saltea Latex 160x200 - saltele poket spring, latex,saltele ortopedice, preturi mici","isPartOf":{"@id":"https:\/\/mobiladeluxonline.ro\/#website"},"primaryImageOfPage":{"@id":"https:\/\/mobiladeluxonline.ro\/p\/saltea-latex-160x200\/#primaryimage"},"image":{"@id":"https:\/\/mobiladeluxonline.ro\/p\/saltea-latex-160x200\/#primaryimage"},"thumbnailUrl":"https:\/\/mobiladeluxonline.ro\/wp-content\/uploads\/2020\/06\/Untitled.jpg","datePublished":"2020-02-19T11:22:18+00:00","dateModified":"2025-11-07T09:19:28+00:00","description":"Saltea latex 1.6m . Poket spring. Latex, modelat cu caldura, contribuie la o circulatie sanatoasa a sangelui prin sustinerea perfecta a coloanei vertebrale.","breadcrumb":{"@id":"https:\/\/mobiladeluxonline.ro\/p\/saltea-latex-160x200\/#breadcrumb"},"inLanguage":"en-US","potentialAction":[{"@type":"ReadAction","target":["https:\/\/mobiladeluxonline.ro\/p\/saltea-latex-160x200\/"]}]},{"@type":"ImageObject","inLanguage":"en-US","@id":"https:\/\/mobiladeluxonline.ro\/p\/saltea-latex-160x200\/#primaryimage","url":"https:\/\/mobiladeluxonline.ro\/wp-content\/uploads\/2020\/06\/Untitled.jpg","contentUrl":"https:\/\/mobiladeluxonline.ro\/wp-content\/uploads\/2020\/06\/Untitled.jpg","width":1709,"height":735},{"@type":"BreadcrumbList","@id":"https:\/\/mobiladeluxonline.ro\/p\/saltea-latex-160x200\/#breadcrumb","itemListElement":[{"@type":"ListItem","position":1,"name":"Prima pagin\u0103","item":"https:\/\/mobiladeluxonline.ro\/"},{"@type":"ListItem","position":2,"name":"Produse","item":"https:\/\/mobiladeluxonline.ro\/produse\/"},{"@type":"ListItem","position":3,"name":"Saltea Latex 160&#215;200"}]},{"@type":"WebSite","@id":"https:\/\/mobiladeluxonline.ro\/#website","url":"https:\/\/mobiladeluxonline.ro\/","name":"MobilaDeLuxOnline.ro","description":"","potentialAction":[{"@type":"SearchAction","target":{"@type":"EntryPoint","urlTemplate":"https:\/\/mobiladeluxonline.ro\/?s={search_term_string}"},"query-input":{"@type":"PropertyValueSpecification","valueRequired":true,"valueName":"search_term_string"}}],"inLanguage":"en-US"}]}},"_links":{"self":[{"href":"https:\/\/mobiladeluxonline.ro\/en\/wp-json\/wp\/v2\/product\/2613","targetHints":{"allow":["GET"]}}],"collection":[{"href":"https:\/\/mobiladeluxonline.ro\/en\/wp-json\/wp\/v2\/product"}],"about":[{"href":"https:\/\/mobiladeluxonline.ro\/en\/wp-json\/wp\/v2\/types\/product"}],"replies":[{"embeddable":true,"href":"https:\/\/mobiladeluxonline.ro\/en\/wp-json\/wp\/v2\/comments?post=2613"}],"wp:featuredmedia":[{"embeddable":true,"href":"https:\/\/mobiladeluxonline.ro\/en\/wp-json\/wp\/v2\/media\/5679"}],"wp:attachment":[{"href":"https:\/\/mobiladeluxonline.ro\/en\/wp-json\/wp\/v2\/media?parent=2613"}],"wp:term":[{"taxonomy":"product_brand","embeddable":true,"href":"https:\/\/mobiladeluxonline.ro\/en\/wp-json\/wp\/v2\/product_brand?post=2613"},{"taxonomy":"product_cat","embeddable":true,"href":"https:\/\/mobiladeluxonline.ro\/en\/wp-json\/wp\/v2\/product_cat?post=2613"},{"taxonomy":"product_tag","embeddable":true,"href":"https:\/\/mobiladeluxonline.ro\/en\/wp-json\/wp\/v2\/product_tag?post=2613"}],"curies":[{"name":"wp","href":"https:\/\/api.w.org\/{rel}","templated":true}]}}