{"id":2668,"date":"2020-02-19T15:58:11","date_gmt":"2020-02-19T13:58:11","guid":{"rendered":"https:\/\/mobiladeluxonline.ro\/?post_type=product&#038;p=2668"},"modified":"2025-11-07T11:18:59","modified_gmt":"2025-11-07T09:18:59","slug":"saltea-termo-control-160x200","status":"publish","type":"product","link":"https:\/\/mobiladeluxonline.ro\/en\/p\/saltea-termo-control-160x200\/","title":{"rendered":"Saltea Termo Control 160&#215;200"},"content":{"rendered":"<p>Aceasta saltea poate fi comandata si pe alte dimensiuni.<br \/>\nSalteaua Thermo Control are caracteristica de a asigura reglarea temperaturii datorit\u0103 materialului s\u0103u. \u00cen acest fel, ajut\u0103 la men\u021binerea temperaturii ideale a corpului. Temperatura ideal\u0103 a corpului men\u021binut\u0103 pe tot parcursul nop\u021bii cre\u0219te confortul utilizatorului \u0219i calitatea somnului.<br \/>\n POCKET SPRING SYSTEM se caracterizeaza prin faptul ca arcurile sunt impachetate individual, ceea ce ofera suport pentru diferite zone de greutate ale corpului. Aceasta saltea este flexibila datorita numarului mai mare de arcuri, a impachetarii individuale si a miscarii individuale a arcurilor. Acestea&nbsp; ajuta la egalizarea presiunii greutatii corpului asupra saltelei. Men\u0163inerea formei coloanei vertebrale \u00een pozi\u0163ia corecta si ofera un somn confortabil.<\/p>\n<ul>\n<li>Salteaua, de o duritate medie, este invelita in jurul perimetrului cu burete de inalta densitate, care ajuta la prevenirea deformarii;<\/li>\n<li>HYBER SOFT BURETE &#8211; Burete Extra moale( folosit la invelisul saltelei , ofera o senzatie de atingere catifelata ) : Va ajuta sa obtineti cu usurinta un extra comfort .<\/li>\n<li>Lateral, de o parte si de alta a saltelei, sunt atasate cate 2 manere pentru a facilita manipularea produsului.&nbsp;&nbsp;<\/li>\n<li>KNIT FABRIC &#8211; NANO TECHNOLOGY ( Tesatura Tricotat VISCON ) : Datorita tesaturii special concepute, aceasta saltea este mai moale la atingere. Totodata ajuta la usurarea transferului de aer pentru a diminua umiditatea .Materialul vasco este placut , elegant si confortabil . Dezumidificarea este mai mare decat la Bumbac. Vasco este un materiel compatibil cu pielea si imbunatateste calitatea somnului.<\/li>\n<li>In compozitia saltelei mai intra si vatelina siliconizata, pentru a oferi o extraigiena .<\/li>\n<li>Inaltimea saltelei este de 29 cm (\u00b1 1 cm).<\/li>\n<\/ul>","protected":false},"excerpt":{"rendered":"<p>Salteaua Thermo Control are caracteristica de a asigura reglarea temperaturii datorit\u0103 materialului s\u0103u. \u00cen acest fel, ajut\u0103 la men\u021binerea temperaturii ideale a corpului. Temperatura ideal\u0103 a corpului men\u021binut\u0103 pe tot parcursul nop\u021bii cre\u0219te confortul utilizatorului \u0219i calitatea somnului.<\/p>","protected":false},"featured_media":5705,"comment_status":"open","ping_status":"closed","template":"","meta":[],"product_brand":[],"product_cat":[62],"product_tag":[253],"class_list":{"0":"post-2668","1":"product","2":"type-product","3":"status-publish","4":"has-post-thumbnail","6":"product_cat-saltele","7":"product_tag-saltea-thermo-control","9":"first","10":"instock","11":"sale","12":"shipping-taxable","13":"purchasable","14":"product-type-simple"},"yoast_head":"<!-- This site is optimized with the Yoast SEO plugin v27.5 - https:\/\/yoast.com\/product\/yoast-seo-wordpress\/ -->\n<title>Saltea Termo Control 160x200 - saltele poket spring,saltele ortopedice<\/title>\n<meta name=\"description\" content=\"Saltea Thermo Control 1.6m .Sistem arcuri impachetate - 3 zone :Acest sistem de arcuri impachetate, cu 3 zone, ofera fermitate personalizata .\" \/>\n<meta name=\"robots\" content=\"index, follow, max-snippet:-1, max-image-preview:large, max-video-preview:-1\" \/>\n<link rel=\"canonical\" href=\"https:\/\/mobiladeluxonline.ro\/en\/p\/saltea-termo-control-160x200\/\" \/>\n<meta property=\"og:locale\" content=\"en_US\" \/>\n<meta property=\"og:type\" content=\"article\" \/>\n<meta property=\"og:title\" content=\"Saltea Termo Control 160x200 - saltele poket spring,saltele ortopedice\" \/>\n<meta property=\"og:description\" content=\"Saltea Thermo Control 1.6m .Sistem arcuri impachetate - 3 zone :Acest sistem de arcuri impachetate, cu 3 zone, ofera fermitate personalizata .\" \/>\n<meta property=\"og:url\" content=\"https:\/\/mobiladeluxonline.ro\/en\/p\/saltea-termo-control-160x200\/\" \/>\n<meta property=\"og:site_name\" content=\"MobilaDeLuxOnline.ro\" \/>\n<meta property=\"article:modified_time\" content=\"2025-11-07T09:18:59+00:00\" \/>\n<meta property=\"og:image\" content=\"https:\/\/mobiladeluxonline.ro\/wp-content\/uploads\/2020\/02\/1-1.jpg\" \/>\n\t<meta property=\"og:image:width\" content=\"1068\" \/>\n\t<meta property=\"og:image:height\" content=\"708\" \/>\n\t<meta property=\"og:image:type\" content=\"image\/jpeg\" \/>\n<meta name=\"twitter:card\" content=\"summary_large_image\" \/>\n<meta name=\"twitter:label1\" content=\"Est. reading time\" \/>\n\t<meta name=\"twitter:data1\" content=\"2 minutes\" \/>\n<script type=\"application\/ld+json\" class=\"yoast-schema-graph\">{\"@context\":\"https:\\\/\\\/schema.org\",\"@graph\":[{\"@type\":\"WebPage\",\"@id\":\"https:\\\/\\\/mobiladeluxonline.ro\\\/p\\\/saltea-termo-control-160x200\\\/\",\"url\":\"https:\\\/\\\/mobiladeluxonline.ro\\\/p\\\/saltea-termo-control-160x200\\\/\",\"name\":\"Saltea Termo Control 160x200 - saltele poket spring,saltele ortopedice\",\"isPartOf\":{\"@id\":\"https:\\\/\\\/mobiladeluxonline.ro\\\/#website\"},\"primaryImageOfPage\":{\"@id\":\"https:\\\/\\\/mobiladeluxonline.ro\\\/p\\\/saltea-termo-control-160x200\\\/#primaryimage\"},\"image\":{\"@id\":\"https:\\\/\\\/mobiladeluxonline.ro\\\/p\\\/saltea-termo-control-160x200\\\/#primaryimage\"},\"thumbnailUrl\":\"https:\\\/\\\/mobiladeluxonline.ro\\\/wp-content\\\/uploads\\\/2020\\\/02\\\/1-1.jpg\",\"datePublished\":\"2020-02-19T13:58:11+00:00\",\"dateModified\":\"2025-11-07T09:18:59+00:00\",\"description\":\"Saltea Thermo Control 1.6m .Sistem arcuri impachetate - 3 zone :Acest sistem de arcuri impachetate, cu 3 zone, ofera fermitate personalizata .\",\"breadcrumb\":{\"@id\":\"https:\\\/\\\/mobiladeluxonline.ro\\\/p\\\/saltea-termo-control-160x200\\\/#breadcrumb\"},\"inLanguage\":\"en-US\",\"potentialAction\":[{\"@type\":\"ReadAction\",\"target\":[\"https:\\\/\\\/mobiladeluxonline.ro\\\/p\\\/saltea-termo-control-160x200\\\/\"]}]},{\"@type\":\"ImageObject\",\"inLanguage\":\"en-US\",\"@id\":\"https:\\\/\\\/mobiladeluxonline.ro\\\/p\\\/saltea-termo-control-160x200\\\/#primaryimage\",\"url\":\"https:\\\/\\\/mobiladeluxonline.ro\\\/wp-content\\\/uploads\\\/2020\\\/02\\\/1-1.jpg\",\"contentUrl\":\"https:\\\/\\\/mobiladeluxonline.ro\\\/wp-content\\\/uploads\\\/2020\\\/02\\\/1-1.jpg\",\"width\":1068,\"height\":708},{\"@type\":\"BreadcrumbList\",\"@id\":\"https:\\\/\\\/mobiladeluxonline.ro\\\/p\\\/saltea-termo-control-160x200\\\/#breadcrumb\",\"itemListElement\":[{\"@type\":\"ListItem\",\"position\":1,\"name\":\"Prima pagin\u0103\",\"item\":\"https:\\\/\\\/mobiladeluxonline.ro\\\/\"},{\"@type\":\"ListItem\",\"position\":2,\"name\":\"Produse\",\"item\":\"https:\\\/\\\/mobiladeluxonline.ro\\\/produse\\\/\"},{\"@type\":\"ListItem\",\"position\":3,\"name\":\"Saltea Termo Control 160&#215;200\"}]},{\"@type\":\"WebSite\",\"@id\":\"https:\\\/\\\/mobiladeluxonline.ro\\\/#website\",\"url\":\"https:\\\/\\\/mobiladeluxonline.ro\\\/\",\"name\":\"MobilaDeLuxOnline.ro\",\"description\":\"\",\"potentialAction\":[{\"@type\":\"SearchAction\",\"target\":{\"@type\":\"EntryPoint\",\"urlTemplate\":\"https:\\\/\\\/mobiladeluxonline.ro\\\/?s={search_term_string}\"},\"query-input\":{\"@type\":\"PropertyValueSpecification\",\"valueRequired\":true,\"valueName\":\"search_term_string\"}}],\"inLanguage\":\"en-US\"}]}<\/script>\n<!-- \/ Yoast SEO plugin. -->","yoast_head_json":{"title":"Saltea Termo Control 160x200 - saltele poket spring,saltele ortopedice","description":"Saltea Thermo Control 1.6m .Sistem arcuri impachetate - 3 zone :Acest sistem de arcuri impachetate, cu 3 zone, ofera fermitate personalizata .","robots":{"index":"index","follow":"follow","max-snippet":"max-snippet:-1","max-image-preview":"max-image-preview:large","max-video-preview":"max-video-preview:-1"},"canonical":"https:\/\/mobiladeluxonline.ro\/en\/p\/saltea-termo-control-160x200\/","og_locale":"en_US","og_type":"article","og_title":"Saltea Termo Control 160x200 - saltele poket spring,saltele ortopedice","og_description":"Saltea Thermo Control 1.6m .Sistem arcuri impachetate - 3 zone :Acest sistem de arcuri impachetate, cu 3 zone, ofera fermitate personalizata .","og_url":"https:\/\/mobiladeluxonline.ro\/en\/p\/saltea-termo-control-160x200\/","og_site_name":"MobilaDeLuxOnline.ro","article_modified_time":"2025-11-07T09:18:59+00:00","og_image":[{"width":1068,"height":708,"url":"https:\/\/mobiladeluxonline.ro\/wp-content\/uploads\/2020\/02\/1-1.jpg","type":"image\/jpeg"}],"twitter_card":"summary_large_image","twitter_misc":{"Est. reading time":"2 minutes"},"schema":{"@context":"https:\/\/schema.org","@graph":[{"@type":"WebPage","@id":"https:\/\/mobiladeluxonline.ro\/p\/saltea-termo-control-160x200\/","url":"https:\/\/mobiladeluxonline.ro\/p\/saltea-termo-control-160x200\/","name":"Saltea Termo Control 160x200 - saltele poket spring,saltele ortopedice","isPartOf":{"@id":"https:\/\/mobiladeluxonline.ro\/#website"},"primaryImageOfPage":{"@id":"https:\/\/mobiladeluxonline.ro\/p\/saltea-termo-control-160x200\/#primaryimage"},"image":{"@id":"https:\/\/mobiladeluxonline.ro\/p\/saltea-termo-control-160x200\/#primaryimage"},"thumbnailUrl":"https:\/\/mobiladeluxonline.ro\/wp-content\/uploads\/2020\/02\/1-1.jpg","datePublished":"2020-02-19T13:58:11+00:00","dateModified":"2025-11-07T09:18:59+00:00","description":"Saltea Thermo Control 1.6m .Sistem arcuri impachetate - 3 zone :Acest sistem de arcuri impachetate, cu 3 zone, ofera fermitate personalizata .","breadcrumb":{"@id":"https:\/\/mobiladeluxonline.ro\/p\/saltea-termo-control-160x200\/#breadcrumb"},"inLanguage":"en-US","potentialAction":[{"@type":"ReadAction","target":["https:\/\/mobiladeluxonline.ro\/p\/saltea-termo-control-160x200\/"]}]},{"@type":"ImageObject","inLanguage":"en-US","@id":"https:\/\/mobiladeluxonline.ro\/p\/saltea-termo-control-160x200\/#primaryimage","url":"https:\/\/mobiladeluxonline.ro\/wp-content\/uploads\/2020\/02\/1-1.jpg","contentUrl":"https:\/\/mobiladeluxonline.ro\/wp-content\/uploads\/2020\/02\/1-1.jpg","width":1068,"height":708},{"@type":"BreadcrumbList","@id":"https:\/\/mobiladeluxonline.ro\/p\/saltea-termo-control-160x200\/#breadcrumb","itemListElement":[{"@type":"ListItem","position":1,"name":"Prima pagin\u0103","item":"https:\/\/mobiladeluxonline.ro\/"},{"@type":"ListItem","position":2,"name":"Produse","item":"https:\/\/mobiladeluxonline.ro\/produse\/"},{"@type":"ListItem","position":3,"name":"Saltea Termo Control 160&#215;200"}]},{"@type":"WebSite","@id":"https:\/\/mobiladeluxonline.ro\/#website","url":"https:\/\/mobiladeluxonline.ro\/","name":"MobilaDeLuxOnline.ro","description":"","potentialAction":[{"@type":"SearchAction","target":{"@type":"EntryPoint","urlTemplate":"https:\/\/mobiladeluxonline.ro\/?s={search_term_string}"},"query-input":{"@type":"PropertyValueSpecification","valueRequired":true,"valueName":"search_term_string"}}],"inLanguage":"en-US"}]}},"_links":{"self":[{"href":"https:\/\/mobiladeluxonline.ro\/en\/wp-json\/wp\/v2\/product\/2668","targetHints":{"allow":["GET"]}}],"collection":[{"href":"https:\/\/mobiladeluxonline.ro\/en\/wp-json\/wp\/v2\/product"}],"about":[{"href":"https:\/\/mobiladeluxonline.ro\/en\/wp-json\/wp\/v2\/types\/product"}],"replies":[{"embeddable":true,"href":"https:\/\/mobiladeluxonline.ro\/en\/wp-json\/wp\/v2\/comments?post=2668"}],"wp:featuredmedia":[{"embeddable":true,"href":"https:\/\/mobiladeluxonline.ro\/en\/wp-json\/wp\/v2\/media\/5705"}],"wp:attachment":[{"href":"https:\/\/mobiladeluxonline.ro\/en\/wp-json\/wp\/v2\/media?parent=2668"}],"wp:term":[{"taxonomy":"product_brand","embeddable":true,"href":"https:\/\/mobiladeluxonline.ro\/en\/wp-json\/wp\/v2\/product_brand?post=2668"},{"taxonomy":"product_cat","embeddable":true,"href":"https:\/\/mobiladeluxonline.ro\/en\/wp-json\/wp\/v2\/product_cat?post=2668"},{"taxonomy":"product_tag","embeddable":true,"href":"https:\/\/mobiladeluxonline.ro\/en\/wp-json\/wp\/v2\/product_tag?post=2668"}],"curies":[{"name":"wp","href":"https:\/\/api.w.org\/{rel}","templated":true}]}}