{"id":3516,"date":"2020-05-04T13:30:42","date_gmt":"2020-05-04T11:30:42","guid":{"rendered":"https:\/\/mobiladeluxonline.ro\/?post_type=product&#038;p=3516"},"modified":"2022-11-15T17:04:48","modified_gmt":"2022-11-15T15:04:48","slug":"etajera-tv-venere","status":"publish","type":"product","link":"https:\/\/mobiladeluxonline.ro\/en\/p\/etajera-tv-venere\/","title":{"rendered":"Etajera Venere 1020T"},"content":{"rendered":"<p>Etajera Venere<br \/>\nDimensiuni<br \/>\nL 82 x P 50 x H 203 cm ( L\u0103\u0163ime \/ Profunzime \/\u00cen\u0103l\u0163ime )<br \/>\nAcest produs este din Italia si poate fi facut in diferite finisaje si culori.<br \/>\n-Este f\u0103cuta din :<br \/>\nFund, spate, laterale \u0219i deasupra mutistrat de tanganyika sau plop.<br \/>\nRame ,Fat\u0103 sertare \u0219i Usi din lemn masiv de Toulipier.sau Tei<br \/>\nInterior sertare de molid<\/p>","protected":false},"excerpt":{"rendered":"<p>Etajera venere- mobila living moderne \u0219i clasice, disponibile \u00een numeroase variante de culori,diferite finisaje.Mobilier din lemn personalizat.Mobila lemn import Italia<\/p>","protected":false},"featured_media":3542,"comment_status":"open","ping_status":"closed","template":"","meta":[],"product_brand":[],"product_cat":[35,412],"product_tag":[414],"class_list":{"0":"post-3516","1":"product","2":"type-product","3":"status-publish","4":"has-post-thumbnail","6":"product_cat-camere-de-zi","7":"product_cat-camere-de-zi-venere","8":"product_tag-etajera-venere","10":"first","11":"instock","12":"shipping-taxable","13":"purchasable","14":"product-type-simple"},"yoast_head":"<!-- This site is optimized with the Yoast SEO plugin v27.4 - https:\/\/yoast.com\/product\/yoast-seo-wordpress\/ -->\n<title>Etajera Venere 1020T - mobila din lemn import Italia - mobiladeluxonline<\/title>\n<meta name=\"description\" content=\"Etajera Venere- mobila living moderne \u0219i clasice, disponibile \u00een numeroase variante de culori,diferite finisaje.Mobilier din lemn personalizat.\" \/>\n<meta name=\"robots\" content=\"index, follow, max-snippet:-1, max-image-preview:large, max-video-preview:-1\" \/>\n<link rel=\"canonical\" href=\"https:\/\/mobiladeluxonline.ro\/en\/p\/etajera-tv-venere\/\" \/>\n<meta property=\"og:locale\" content=\"en_US\" \/>\n<meta property=\"og:type\" content=\"article\" \/>\n<meta property=\"og:title\" content=\"Etajera Venere 1020T - mobila din lemn import Italia - mobiladeluxonline\" \/>\n<meta property=\"og:description\" content=\"Etajera Venere- mobila living moderne \u0219i clasice, disponibile \u00een numeroase variante de culori,diferite finisaje.Mobilier din lemn personalizat.\" \/>\n<meta property=\"og:url\" content=\"https:\/\/mobiladeluxonline.ro\/en\/p\/etajera-tv-venere\/\" \/>\n<meta property=\"og:site_name\" content=\"MobilaDeLuxOnline.ro\" \/>\n<meta property=\"article:modified_time\" content=\"2022-11-15T15:04:48+00:00\" \/>\n<meta property=\"og:image\" content=\"https:\/\/mobiladeluxonline.ro\/wp-content\/uploads\/2020\/05\/Etajera-Venere-4.jpg\" \/>\n\t<meta property=\"og:image:width\" content=\"652\" \/>\n\t<meta property=\"og:image:height\" content=\"842\" \/>\n\t<meta property=\"og:image:type\" content=\"image\/jpeg\" \/>\n<meta name=\"twitter:card\" content=\"summary_large_image\" \/>\n<script type=\"application\/ld+json\" class=\"yoast-schema-graph\">{\"@context\":\"https:\\\/\\\/schema.org\",\"@graph\":[{\"@type\":\"WebPage\",\"@id\":\"https:\\\/\\\/mobiladeluxonline.ro\\\/p\\\/etajera-tv-venere\\\/\",\"url\":\"https:\\\/\\\/mobiladeluxonline.ro\\\/p\\\/etajera-tv-venere\\\/\",\"name\":\"Etajera Venere 1020T - mobila din lemn import Italia - mobiladeluxonline\",\"isPartOf\":{\"@id\":\"https:\\\/\\\/mobiladeluxonline.ro\\\/#website\"},\"primaryImageOfPage\":{\"@id\":\"https:\\\/\\\/mobiladeluxonline.ro\\\/p\\\/etajera-tv-venere\\\/#primaryimage\"},\"image\":{\"@id\":\"https:\\\/\\\/mobiladeluxonline.ro\\\/p\\\/etajera-tv-venere\\\/#primaryimage\"},\"thumbnailUrl\":\"https:\\\/\\\/mobiladeluxonline.ro\\\/wp-content\\\/uploads\\\/2020\\\/05\\\/Etajera-Venere-4.jpg\",\"datePublished\":\"2020-05-04T11:30:42+00:00\",\"dateModified\":\"2022-11-15T15:04:48+00:00\",\"description\":\"Etajera Venere- mobila living moderne \u0219i clasice, disponibile \u00een numeroase variante de culori,diferite finisaje.Mobilier din lemn personalizat.\",\"breadcrumb\":{\"@id\":\"https:\\\/\\\/mobiladeluxonline.ro\\\/p\\\/etajera-tv-venere\\\/#breadcrumb\"},\"inLanguage\":\"en-US\",\"potentialAction\":[{\"@type\":\"ReadAction\",\"target\":[\"https:\\\/\\\/mobiladeluxonline.ro\\\/p\\\/etajera-tv-venere\\\/\"]}]},{\"@type\":\"ImageObject\",\"inLanguage\":\"en-US\",\"@id\":\"https:\\\/\\\/mobiladeluxonline.ro\\\/p\\\/etajera-tv-venere\\\/#primaryimage\",\"url\":\"https:\\\/\\\/mobiladeluxonline.ro\\\/wp-content\\\/uploads\\\/2020\\\/05\\\/Etajera-Venere-4.jpg\",\"contentUrl\":\"https:\\\/\\\/mobiladeluxonline.ro\\\/wp-content\\\/uploads\\\/2020\\\/05\\\/Etajera-Venere-4.jpg\",\"width\":652,\"height\":842},{\"@type\":\"BreadcrumbList\",\"@id\":\"https:\\\/\\\/mobiladeluxonline.ro\\\/p\\\/etajera-tv-venere\\\/#breadcrumb\",\"itemListElement\":[{\"@type\":\"ListItem\",\"position\":1,\"name\":\"Prima pagin\u0103\",\"item\":\"https:\\\/\\\/mobiladeluxonline.ro\\\/\"},{\"@type\":\"ListItem\",\"position\":2,\"name\":\"Produse\",\"item\":\"https:\\\/\\\/mobiladeluxonline.ro\\\/produse\\\/\"},{\"@type\":\"ListItem\",\"position\":3,\"name\":\"Etajera Venere 1020T\"}]},{\"@type\":\"WebSite\",\"@id\":\"https:\\\/\\\/mobiladeluxonline.ro\\\/#website\",\"url\":\"https:\\\/\\\/mobiladeluxonline.ro\\\/\",\"name\":\"MobilaDeLuxOnline.ro\",\"description\":\"\",\"potentialAction\":[{\"@type\":\"SearchAction\",\"target\":{\"@type\":\"EntryPoint\",\"urlTemplate\":\"https:\\\/\\\/mobiladeluxonline.ro\\\/?s={search_term_string}\"},\"query-input\":{\"@type\":\"PropertyValueSpecification\",\"valueRequired\":true,\"valueName\":\"search_term_string\"}}],\"inLanguage\":\"en-US\"}]}<\/script>\n<!-- \/ Yoast SEO plugin. -->","yoast_head_json":{"title":"Etajera Venere 1020T - mobila din lemn import Italia - mobiladeluxonline","description":"Etajera Venere- mobila living moderne \u0219i clasice, disponibile \u00een numeroase variante de culori,diferite finisaje.Mobilier din lemn personalizat.","robots":{"index":"index","follow":"follow","max-snippet":"max-snippet:-1","max-image-preview":"max-image-preview:large","max-video-preview":"max-video-preview:-1"},"canonical":"https:\/\/mobiladeluxonline.ro\/en\/p\/etajera-tv-venere\/","og_locale":"en_US","og_type":"article","og_title":"Etajera Venere 1020T - mobila din lemn import Italia - mobiladeluxonline","og_description":"Etajera Venere- mobila living moderne \u0219i clasice, disponibile \u00een numeroase variante de culori,diferite finisaje.Mobilier din lemn personalizat.","og_url":"https:\/\/mobiladeluxonline.ro\/en\/p\/etajera-tv-venere\/","og_site_name":"MobilaDeLuxOnline.ro","article_modified_time":"2022-11-15T15:04:48+00:00","og_image":[{"width":652,"height":842,"url":"https:\/\/mobiladeluxonline.ro\/wp-content\/uploads\/2020\/05\/Etajera-Venere-4.jpg","type":"image\/jpeg"}],"twitter_card":"summary_large_image","schema":{"@context":"https:\/\/schema.org","@graph":[{"@type":"WebPage","@id":"https:\/\/mobiladeluxonline.ro\/p\/etajera-tv-venere\/","url":"https:\/\/mobiladeluxonline.ro\/p\/etajera-tv-venere\/","name":"Etajera Venere 1020T - mobila din lemn import Italia - mobiladeluxonline","isPartOf":{"@id":"https:\/\/mobiladeluxonline.ro\/#website"},"primaryImageOfPage":{"@id":"https:\/\/mobiladeluxonline.ro\/p\/etajera-tv-venere\/#primaryimage"},"image":{"@id":"https:\/\/mobiladeluxonline.ro\/p\/etajera-tv-venere\/#primaryimage"},"thumbnailUrl":"https:\/\/mobiladeluxonline.ro\/wp-content\/uploads\/2020\/05\/Etajera-Venere-4.jpg","datePublished":"2020-05-04T11:30:42+00:00","dateModified":"2022-11-15T15:04:48+00:00","description":"Etajera Venere- mobila living moderne \u0219i clasice, disponibile \u00een numeroase variante de culori,diferite finisaje.Mobilier din lemn personalizat.","breadcrumb":{"@id":"https:\/\/mobiladeluxonline.ro\/p\/etajera-tv-venere\/#breadcrumb"},"inLanguage":"en-US","potentialAction":[{"@type":"ReadAction","target":["https:\/\/mobiladeluxonline.ro\/p\/etajera-tv-venere\/"]}]},{"@type":"ImageObject","inLanguage":"en-US","@id":"https:\/\/mobiladeluxonline.ro\/p\/etajera-tv-venere\/#primaryimage","url":"https:\/\/mobiladeluxonline.ro\/wp-content\/uploads\/2020\/05\/Etajera-Venere-4.jpg","contentUrl":"https:\/\/mobiladeluxonline.ro\/wp-content\/uploads\/2020\/05\/Etajera-Venere-4.jpg","width":652,"height":842},{"@type":"BreadcrumbList","@id":"https:\/\/mobiladeluxonline.ro\/p\/etajera-tv-venere\/#breadcrumb","itemListElement":[{"@type":"ListItem","position":1,"name":"Prima pagin\u0103","item":"https:\/\/mobiladeluxonline.ro\/"},{"@type":"ListItem","position":2,"name":"Produse","item":"https:\/\/mobiladeluxonline.ro\/produse\/"},{"@type":"ListItem","position":3,"name":"Etajera Venere 1020T"}]},{"@type":"WebSite","@id":"https:\/\/mobiladeluxonline.ro\/#website","url":"https:\/\/mobiladeluxonline.ro\/","name":"MobilaDeLuxOnline.ro","description":"","potentialAction":[{"@type":"SearchAction","target":{"@type":"EntryPoint","urlTemplate":"https:\/\/mobiladeluxonline.ro\/?s={search_term_string}"},"query-input":{"@type":"PropertyValueSpecification","valueRequired":true,"valueName":"search_term_string"}}],"inLanguage":"en-US"}]}},"_links":{"self":[{"href":"https:\/\/mobiladeluxonline.ro\/en\/wp-json\/wp\/v2\/product\/3516","targetHints":{"allow":["GET"]}}],"collection":[{"href":"https:\/\/mobiladeluxonline.ro\/en\/wp-json\/wp\/v2\/product"}],"about":[{"href":"https:\/\/mobiladeluxonline.ro\/en\/wp-json\/wp\/v2\/types\/product"}],"replies":[{"embeddable":true,"href":"https:\/\/mobiladeluxonline.ro\/en\/wp-json\/wp\/v2\/comments?post=3516"}],"wp:featuredmedia":[{"embeddable":true,"href":"https:\/\/mobiladeluxonline.ro\/en\/wp-json\/wp\/v2\/media\/3542"}],"wp:attachment":[{"href":"https:\/\/mobiladeluxonline.ro\/en\/wp-json\/wp\/v2\/media?parent=3516"}],"wp:term":[{"taxonomy":"product_brand","embeddable":true,"href":"https:\/\/mobiladeluxonline.ro\/en\/wp-json\/wp\/v2\/product_brand?post=3516"},{"taxonomy":"product_cat","embeddable":true,"href":"https:\/\/mobiladeluxonline.ro\/en\/wp-json\/wp\/v2\/product_cat?post=3516"},{"taxonomy":"product_tag","embeddable":true,"href":"https:\/\/mobiladeluxonline.ro\/en\/wp-json\/wp\/v2\/product_tag?post=3516"}],"curies":[{"name":"wp","href":"https:\/\/api.w.org\/{rel}","templated":true}]}}