{"id":3756,"date":"2020-05-07T11:54:41","date_gmt":"2020-05-07T09:54:41","guid":{"rendered":"https:\/\/mobiladeluxonline.ro\/?post_type=product&#038;p=3756"},"modified":"2023-09-18T09:59:40","modified_gmt":"2023-09-18T07:59:40","slug":"masa-manhattan","status":"publish","type":"product","link":"https:\/\/mobiladeluxonline.ro\/en\/p\/masa-manhattan\/","title":{"rendered":"Masa Manhattan"},"content":{"rendered":"<p>Masa Manhattan<br \/>\nDimensiuni<br \/>\nL 1600 x P 900 x H 770 cm ( Lungime\/ Latime \/\u00cen\u0103l\u0163ime )<\/p>\n<p>Dimensiuni disponibile 1.8,2,2.2,2.4,3m<\/p>\n<p>Acest produs este din Italia si poate fi facut pe diferite marimi, finisaje si culori.<\/p>","protected":false},"excerpt":{"rendered":"<p>Masa Manhattan-  Disponibila \u00een numeroase variante de culori,diferite finisaje si marimi.Mobila lemn import Italia<\/p>","protected":false},"featured_media":3758,"comment_status":"open","ping_status":"closed","template":"","meta":[],"product_brand":[],"product_cat":[446,54,43,32,33],"product_tag":[455],"class_list":{"0":"post-3756","1":"product","2":"type-product","3":"status-publish","4":"has-post-thumbnail","6":"product_cat-masa-manhattan","7":"product_cat-mese-mobila-moderna","8":"product_cat-mese","9":"product_cat-mobila-clasica","10":"product_cat-mobila-moderna","11":"product_tag-masa-manhattan","13":"first","14":"instock","15":"shipping-taxable","16":"purchasable","17":"product-type-simple"},"yoast_head":"<!-- This site is optimized with the Yoast SEO plugin v27.4 - https:\/\/yoast.com\/product\/yoast-seo-wordpress\/ -->\n<title>Masa Manhattan - mobila din lemn import Italia - mobiladeluxonline<\/title>\n<meta name=\"description\" content=\"Masa Manhattan- mobila living moderne \u0219i clasice, disponibile \u00een numeroase variante de culori,diferite finisaje.Mobilier din lemn personalizat.\" \/>\n<meta name=\"robots\" content=\"index, follow, max-snippet:-1, max-image-preview:large, max-video-preview:-1\" \/>\n<link rel=\"canonical\" href=\"https:\/\/mobiladeluxonline.ro\/en\/p\/masa-manhattan\/\" \/>\n<meta property=\"og:locale\" content=\"en_US\" \/>\n<meta property=\"og:type\" content=\"article\" \/>\n<meta property=\"og:title\" content=\"Masa Manhattan - mobila din lemn import Italia - mobiladeluxonline\" \/>\n<meta property=\"og:description\" content=\"Masa Manhattan- mobila living moderne \u0219i clasice, disponibile \u00een numeroase variante de culori,diferite finisaje.Mobilier din lemn personalizat.\" \/>\n<meta property=\"og:url\" content=\"https:\/\/mobiladeluxonline.ro\/en\/p\/masa-manhattan\/\" \/>\n<meta property=\"og:site_name\" content=\"MobilaDeLuxOnline.ro\" \/>\n<meta property=\"article:modified_time\" content=\"2023-09-18T07:59:40+00:00\" \/>\n<meta property=\"og:image\" content=\"https:\/\/mobiladeluxonline.ro\/wp-content\/uploads\/2020\/05\/masa-manhattan-2.jpg\" \/>\n\t<meta property=\"og:image:width\" content=\"800\" \/>\n\t<meta property=\"og:image:height\" content=\"385\" \/>\n\t<meta property=\"og:image:type\" content=\"image\/jpeg\" \/>\n<meta name=\"twitter:card\" content=\"summary_large_image\" \/>\n<script type=\"application\/ld+json\" class=\"yoast-schema-graph\">{\"@context\":\"https:\\\/\\\/schema.org\",\"@graph\":[{\"@type\":\"WebPage\",\"@id\":\"https:\\\/\\\/mobiladeluxonline.ro\\\/p\\\/masa-manhattan\\\/\",\"url\":\"https:\\\/\\\/mobiladeluxonline.ro\\\/p\\\/masa-manhattan\\\/\",\"name\":\"Masa Manhattan - mobila din lemn import Italia - mobiladeluxonline\",\"isPartOf\":{\"@id\":\"https:\\\/\\\/mobiladeluxonline.ro\\\/#website\"},\"primaryImageOfPage\":{\"@id\":\"https:\\\/\\\/mobiladeluxonline.ro\\\/p\\\/masa-manhattan\\\/#primaryimage\"},\"image\":{\"@id\":\"https:\\\/\\\/mobiladeluxonline.ro\\\/p\\\/masa-manhattan\\\/#primaryimage\"},\"thumbnailUrl\":\"https:\\\/\\\/mobiladeluxonline.ro\\\/wp-content\\\/uploads\\\/2020\\\/05\\\/masa-manhattan-2.jpg\",\"datePublished\":\"2020-05-07T09:54:41+00:00\",\"dateModified\":\"2023-09-18T07:59:40+00:00\",\"description\":\"Masa Manhattan- mobila living moderne \u0219i clasice, disponibile \u00een numeroase variante de culori,diferite finisaje.Mobilier din lemn personalizat.\",\"breadcrumb\":{\"@id\":\"https:\\\/\\\/mobiladeluxonline.ro\\\/p\\\/masa-manhattan\\\/#breadcrumb\"},\"inLanguage\":\"en-US\",\"potentialAction\":[{\"@type\":\"ReadAction\",\"target\":[\"https:\\\/\\\/mobiladeluxonline.ro\\\/p\\\/masa-manhattan\\\/\"]}]},{\"@type\":\"ImageObject\",\"inLanguage\":\"en-US\",\"@id\":\"https:\\\/\\\/mobiladeluxonline.ro\\\/p\\\/masa-manhattan\\\/#primaryimage\",\"url\":\"https:\\\/\\\/mobiladeluxonline.ro\\\/wp-content\\\/uploads\\\/2020\\\/05\\\/masa-manhattan-2.jpg\",\"contentUrl\":\"https:\\\/\\\/mobiladeluxonline.ro\\\/wp-content\\\/uploads\\\/2020\\\/05\\\/masa-manhattan-2.jpg\",\"width\":800,\"height\":385},{\"@type\":\"BreadcrumbList\",\"@id\":\"https:\\\/\\\/mobiladeluxonline.ro\\\/p\\\/masa-manhattan\\\/#breadcrumb\",\"itemListElement\":[{\"@type\":\"ListItem\",\"position\":1,\"name\":\"Prima pagin\u0103\",\"item\":\"https:\\\/\\\/mobiladeluxonline.ro\\\/\"},{\"@type\":\"ListItem\",\"position\":2,\"name\":\"Produse\",\"item\":\"https:\\\/\\\/mobiladeluxonline.ro\\\/produse\\\/\"},{\"@type\":\"ListItem\",\"position\":3,\"name\":\"Masa Manhattan\"}]},{\"@type\":\"WebSite\",\"@id\":\"https:\\\/\\\/mobiladeluxonline.ro\\\/#website\",\"url\":\"https:\\\/\\\/mobiladeluxonline.ro\\\/\",\"name\":\"MobilaDeLuxOnline.ro\",\"description\":\"\",\"potentialAction\":[{\"@type\":\"SearchAction\",\"target\":{\"@type\":\"EntryPoint\",\"urlTemplate\":\"https:\\\/\\\/mobiladeluxonline.ro\\\/?s={search_term_string}\"},\"query-input\":{\"@type\":\"PropertyValueSpecification\",\"valueRequired\":true,\"valueName\":\"search_term_string\"}}],\"inLanguage\":\"en-US\"}]}<\/script>\n<!-- \/ Yoast SEO plugin. -->","yoast_head_json":{"title":"Masa Manhattan - mobila din lemn import Italia - mobiladeluxonline","description":"Masa Manhattan- mobila living moderne \u0219i clasice, disponibile \u00een numeroase variante de culori,diferite finisaje.Mobilier din lemn personalizat.","robots":{"index":"index","follow":"follow","max-snippet":"max-snippet:-1","max-image-preview":"max-image-preview:large","max-video-preview":"max-video-preview:-1"},"canonical":"https:\/\/mobiladeluxonline.ro\/en\/p\/masa-manhattan\/","og_locale":"en_US","og_type":"article","og_title":"Masa Manhattan - mobila din lemn import Italia - mobiladeluxonline","og_description":"Masa Manhattan- mobila living moderne \u0219i clasice, disponibile \u00een numeroase variante de culori,diferite finisaje.Mobilier din lemn personalizat.","og_url":"https:\/\/mobiladeluxonline.ro\/en\/p\/masa-manhattan\/","og_site_name":"MobilaDeLuxOnline.ro","article_modified_time":"2023-09-18T07:59:40+00:00","og_image":[{"width":800,"height":385,"url":"https:\/\/mobiladeluxonline.ro\/wp-content\/uploads\/2020\/05\/masa-manhattan-2.jpg","type":"image\/jpeg"}],"twitter_card":"summary_large_image","schema":{"@context":"https:\/\/schema.org","@graph":[{"@type":"WebPage","@id":"https:\/\/mobiladeluxonline.ro\/p\/masa-manhattan\/","url":"https:\/\/mobiladeluxonline.ro\/p\/masa-manhattan\/","name":"Masa Manhattan - mobila din lemn import Italia - mobiladeluxonline","isPartOf":{"@id":"https:\/\/mobiladeluxonline.ro\/#website"},"primaryImageOfPage":{"@id":"https:\/\/mobiladeluxonline.ro\/p\/masa-manhattan\/#primaryimage"},"image":{"@id":"https:\/\/mobiladeluxonline.ro\/p\/masa-manhattan\/#primaryimage"},"thumbnailUrl":"https:\/\/mobiladeluxonline.ro\/wp-content\/uploads\/2020\/05\/masa-manhattan-2.jpg","datePublished":"2020-05-07T09:54:41+00:00","dateModified":"2023-09-18T07:59:40+00:00","description":"Masa Manhattan- mobila living moderne \u0219i clasice, disponibile \u00een numeroase variante de culori,diferite finisaje.Mobilier din lemn personalizat.","breadcrumb":{"@id":"https:\/\/mobiladeluxonline.ro\/p\/masa-manhattan\/#breadcrumb"},"inLanguage":"en-US","potentialAction":[{"@type":"ReadAction","target":["https:\/\/mobiladeluxonline.ro\/p\/masa-manhattan\/"]}]},{"@type":"ImageObject","inLanguage":"en-US","@id":"https:\/\/mobiladeluxonline.ro\/p\/masa-manhattan\/#primaryimage","url":"https:\/\/mobiladeluxonline.ro\/wp-content\/uploads\/2020\/05\/masa-manhattan-2.jpg","contentUrl":"https:\/\/mobiladeluxonline.ro\/wp-content\/uploads\/2020\/05\/masa-manhattan-2.jpg","width":800,"height":385},{"@type":"BreadcrumbList","@id":"https:\/\/mobiladeluxonline.ro\/p\/masa-manhattan\/#breadcrumb","itemListElement":[{"@type":"ListItem","position":1,"name":"Prima pagin\u0103","item":"https:\/\/mobiladeluxonline.ro\/"},{"@type":"ListItem","position":2,"name":"Produse","item":"https:\/\/mobiladeluxonline.ro\/produse\/"},{"@type":"ListItem","position":3,"name":"Masa Manhattan"}]},{"@type":"WebSite","@id":"https:\/\/mobiladeluxonline.ro\/#website","url":"https:\/\/mobiladeluxonline.ro\/","name":"MobilaDeLuxOnline.ro","description":"","potentialAction":[{"@type":"SearchAction","target":{"@type":"EntryPoint","urlTemplate":"https:\/\/mobiladeluxonline.ro\/?s={search_term_string}"},"query-input":{"@type":"PropertyValueSpecification","valueRequired":true,"valueName":"search_term_string"}}],"inLanguage":"en-US"}]}},"_links":{"self":[{"href":"https:\/\/mobiladeluxonline.ro\/en\/wp-json\/wp\/v2\/product\/3756","targetHints":{"allow":["GET"]}}],"collection":[{"href":"https:\/\/mobiladeluxonline.ro\/en\/wp-json\/wp\/v2\/product"}],"about":[{"href":"https:\/\/mobiladeluxonline.ro\/en\/wp-json\/wp\/v2\/types\/product"}],"replies":[{"embeddable":true,"href":"https:\/\/mobiladeluxonline.ro\/en\/wp-json\/wp\/v2\/comments?post=3756"}],"wp:featuredmedia":[{"embeddable":true,"href":"https:\/\/mobiladeluxonline.ro\/en\/wp-json\/wp\/v2\/media\/3758"}],"wp:attachment":[{"href":"https:\/\/mobiladeluxonline.ro\/en\/wp-json\/wp\/v2\/media?parent=3756"}],"wp:term":[{"taxonomy":"product_brand","embeddable":true,"href":"https:\/\/mobiladeluxonline.ro\/en\/wp-json\/wp\/v2\/product_brand?post=3756"},{"taxonomy":"product_cat","embeddable":true,"href":"https:\/\/mobiladeluxonline.ro\/en\/wp-json\/wp\/v2\/product_cat?post=3756"},{"taxonomy":"product_tag","embeddable":true,"href":"https:\/\/mobiladeluxonline.ro\/en\/wp-json\/wp\/v2\/product_tag?post=3756"}],"curies":[{"name":"wp","href":"https:\/\/api.w.org\/{rel}","templated":true}]}}