{"id":3862,"date":"2020-05-08T08:45:09","date_gmt":"2020-05-08T06:45:09","guid":{"rendered":"https:\/\/mobiladeluxonline.ro\/?post_type=product&#038;p=3862"},"modified":"2026-04-27T12:19:47","modified_gmt":"2026-04-27T10:19:47","slug":"canapea-galla","status":"publish","type":"product","link":"https:\/\/mobiladeluxonline.ro\/en\/p\/canapea-galla\/","title":{"rendered":"Canapea Galla Chester"},"content":{"rendered":"<p>Canapea Galla chester semi-extensibila 3loc.-Pentru valori mai mari preturile sunt negociabile.<br \/>\nDimens. 2450 x 1270 x 800mm\/ h<br \/>\nAcest produs poate fi comandat pe diferite stofe.<\/p>\n<p>Pretul este pentru varianta cu stofa clasic.Pentru o stofa din categoria ambiance (catifelata)ca cea din poza de prezentare ,pretul este 6360 lei, transport gratuit .Pentru o oferta personalizata nu ezitati sa ne contactati.Suna acum si afla ofertele actuale<\/p>\n<p>Galla Chester Canapea<br \/>\nCanapeaua Galla reflect\u0103 elegan\u021ba stilului Chesterfield prin linia simpl\u0103 a acestui model \u00eentregit\u0103 de tapi\u0163area cu butoni decorativi. Nota deosebit\u0103 este dat\u0103 de tetierele reglabile \u0219i de structura sp\u0103tarului care permite modificarea pozi\u021biei acestuia pentru a m\u0103ri spa\u021biul \u0219ezutului.<\/p>\n<p>STRUCTURA PRODUSULUI<br \/>\nCanapeaua \u2013 structura este din multistrat \u0219i lemn masiv de fag.<br \/>\nPernele de \u0219ezut \u2013 sunt realizate din spum\u0103 memory a\u0219ezat\u0103 pe o structur\u0103 din ching\u0103 elastic\u0103, oferind un plus de confort.<br \/>\nPernele de sp\u0103tar \u2013 sunt realizate din poliuretan HR (high resilience) de densitate medie.<br \/>\nPernele decorative \u2013 umplute cu puf siliconat.<br \/>\nPicioarele \u2013 structur\u0103 metalic\u0103. Op\u021bional, pot fi realizare din lemn masiv de fag.<\/p>\n<p>EXTENSIBILITATE<br \/>\nNU este un produs extensibil in totabilitate \u00eens\u0103, sp\u0103tarul este prev\u0103zut cu un mecanism ce permite ca spa\u021biul \u0219ezutului s\u0103 fie m\u0103rit. Tetierele sunt reglabile.<\/p>\n<p>DEHUSABILITATE<br \/>\nEste un produs par\u021bial dehusabil. Pernele de \u0219ezut \u0219i pernele decorative sunt dehusabile.<\/p>\n<p>DISPONIBILITATE<br \/>\n&#8211; Canapea Chester de 3 Locuri<br \/>\n&#8211; Canapea de 3 Locuri &#8211; f\u0103r\u0103 butoni decorativi<br \/>\n&#8211; Col\u021bar Chester<br \/>\n&#8211; Col\u021bar &#8211; f\u0103r\u0103 butoni decorativi<br \/>\n&#8211; Fotoliu<br \/>\n&#8211; Taburet Mic\/Mare<\/p>\n<p>MATERIALE DE ACOPERIRE \u2013 recomandarea produc\u0103torului este stofa.<br \/>\n.<\/p>","protected":false},"excerpt":{"rendered":"<p>Canapea Galla semi-extensibila- .Dimens. 2450 x 1270 x 800mm\/ h<br \/>\nPretul este pentru varianta cu stofa clasic<br \/>\nTransport gratuit.<br \/>\nPentru valori mai mari preturile sunt negociabile.<\/p>","protected":false},"featured_media":3863,"comment_status":"open","ping_status":"closed","template":"","meta":[],"product_brand":[],"product_cat":[52,469,33],"product_tag":[470],"class_list":{"0":"post-3862","1":"product","2":"type-product","3":"status-publish","4":"has-post-thumbnail","6":"product_cat-coltare-canapele-si-fotolii","7":"product_cat-galla-canapea","8":"product_cat-mobila-moderna","9":"product_tag-canapea-galla","11":"first","12":"instock","13":"shipping-taxable","14":"purchasable","15":"product-type-simple"},"yoast_head":"<!-- This site is optimized with the Yoast SEO plugin v27.5 - https:\/\/yoast.com\/product\/yoast-seo-wordpress\/ -->\n<title>Canapea Galla Chester - Canapele si coltare clasice, canapele ext<\/title>\n<meta name=\"description\" content=\"Canapea Galla extensibila Canapele si coltare clasice, canapele si coltare clasice camera de zi, canapele de lux, canapele extensibile,\" \/>\n<meta name=\"robots\" content=\"index, follow, max-snippet:-1, max-image-preview:large, max-video-preview:-1\" \/>\n<link rel=\"canonical\" href=\"https:\/\/mobiladeluxonline.ro\/en\/p\/canapea-galla\/\" \/>\n<meta property=\"og:locale\" content=\"en_US\" \/>\n<meta property=\"og:type\" content=\"article\" \/>\n<meta property=\"og:title\" content=\"Canapea Galla Chester - Canapele si coltare clasice, canapele ext\" \/>\n<meta property=\"og:description\" content=\"Canapea Galla extensibila Canapele si coltare clasice, canapele si coltare clasice camera de zi, canapele de lux, canapele extensibile,\" \/>\n<meta property=\"og:url\" content=\"https:\/\/mobiladeluxonline.ro\/en\/p\/canapea-galla\/\" \/>\n<meta property=\"og:site_name\" content=\"MobilaDeLuxOnline.ro\" \/>\n<meta property=\"article:modified_time\" content=\"2026-04-27T10:19:47+00:00\" \/>\n<meta property=\"og:image\" content=\"https:\/\/mobiladeluxonline.ro\/wp-content\/uploads\/2020\/05\/galla-chester-canapea-03-Copy.jpg\" \/>\n\t<meta property=\"og:image:width\" content=\"800\" \/>\n\t<meta property=\"og:image:height\" content=\"385\" \/>\n\t<meta property=\"og:image:type\" content=\"image\/jpeg\" \/>\n<meta name=\"twitter:card\" content=\"summary_large_image\" \/>\n<meta name=\"twitter:label1\" content=\"Est. reading time\" \/>\n\t<meta name=\"twitter:data1\" content=\"2 minutes\" \/>\n<script type=\"application\/ld+json\" class=\"yoast-schema-graph\">{\"@context\":\"https:\\\/\\\/schema.org\",\"@graph\":[{\"@type\":\"WebPage\",\"@id\":\"https:\\\/\\\/mobiladeluxonline.ro\\\/p\\\/canapea-galla\\\/\",\"url\":\"https:\\\/\\\/mobiladeluxonline.ro\\\/p\\\/canapea-galla\\\/\",\"name\":\"Canapea Galla Chester - Canapele si coltare clasice, canapele ext\",\"isPartOf\":{\"@id\":\"https:\\\/\\\/mobiladeluxonline.ro\\\/#website\"},\"primaryImageOfPage\":{\"@id\":\"https:\\\/\\\/mobiladeluxonline.ro\\\/p\\\/canapea-galla\\\/#primaryimage\"},\"image\":{\"@id\":\"https:\\\/\\\/mobiladeluxonline.ro\\\/p\\\/canapea-galla\\\/#primaryimage\"},\"thumbnailUrl\":\"https:\\\/\\\/mobiladeluxonline.ro\\\/wp-content\\\/uploads\\\/2020\\\/05\\\/galla-chester-canapea-03-Copy.jpg\",\"datePublished\":\"2020-05-08T06:45:09+00:00\",\"dateModified\":\"2026-04-27T10:19:47+00:00\",\"description\":\"Canapea Galla extensibila Canapele si coltare clasice, canapele si coltare clasice camera de zi, canapele de lux, canapele extensibile,\",\"breadcrumb\":{\"@id\":\"https:\\\/\\\/mobiladeluxonline.ro\\\/p\\\/canapea-galla\\\/#breadcrumb\"},\"inLanguage\":\"en-US\",\"potentialAction\":[{\"@type\":\"ReadAction\",\"target\":[\"https:\\\/\\\/mobiladeluxonline.ro\\\/p\\\/canapea-galla\\\/\"]}]},{\"@type\":\"ImageObject\",\"inLanguage\":\"en-US\",\"@id\":\"https:\\\/\\\/mobiladeluxonline.ro\\\/p\\\/canapea-galla\\\/#primaryimage\",\"url\":\"https:\\\/\\\/mobiladeluxonline.ro\\\/wp-content\\\/uploads\\\/2020\\\/05\\\/galla-chester-canapea-03-Copy.jpg\",\"contentUrl\":\"https:\\\/\\\/mobiladeluxonline.ro\\\/wp-content\\\/uploads\\\/2020\\\/05\\\/galla-chester-canapea-03-Copy.jpg\",\"width\":800,\"height\":385},{\"@type\":\"BreadcrumbList\",\"@id\":\"https:\\\/\\\/mobiladeluxonline.ro\\\/p\\\/canapea-galla\\\/#breadcrumb\",\"itemListElement\":[{\"@type\":\"ListItem\",\"position\":1,\"name\":\"Prima pagin\u0103\",\"item\":\"https:\\\/\\\/mobiladeluxonline.ro\\\/\"},{\"@type\":\"ListItem\",\"position\":2,\"name\":\"Produse\",\"item\":\"https:\\\/\\\/mobiladeluxonline.ro\\\/produse\\\/\"},{\"@type\":\"ListItem\",\"position\":3,\"name\":\"Canapea Galla Chester\"}]},{\"@type\":\"WebSite\",\"@id\":\"https:\\\/\\\/mobiladeluxonline.ro\\\/#website\",\"url\":\"https:\\\/\\\/mobiladeluxonline.ro\\\/\",\"name\":\"MobilaDeLuxOnline.ro\",\"description\":\"\",\"potentialAction\":[{\"@type\":\"SearchAction\",\"target\":{\"@type\":\"EntryPoint\",\"urlTemplate\":\"https:\\\/\\\/mobiladeluxonline.ro\\\/?s={search_term_string}\"},\"query-input\":{\"@type\":\"PropertyValueSpecification\",\"valueRequired\":true,\"valueName\":\"search_term_string\"}}],\"inLanguage\":\"en-US\"}]}<\/script>\n<!-- \/ Yoast SEO plugin. -->","yoast_head_json":{"title":"Canapea Galla Chester - Canapele si coltare clasice, canapele ext","description":"Canapea Galla extensibila Canapele si coltare clasice, canapele si coltare clasice camera de zi, canapele de lux, canapele extensibile,","robots":{"index":"index","follow":"follow","max-snippet":"max-snippet:-1","max-image-preview":"max-image-preview:large","max-video-preview":"max-video-preview:-1"},"canonical":"https:\/\/mobiladeluxonline.ro\/en\/p\/canapea-galla\/","og_locale":"en_US","og_type":"article","og_title":"Canapea Galla Chester - Canapele si coltare clasice, canapele ext","og_description":"Canapea Galla extensibila Canapele si coltare clasice, canapele si coltare clasice camera de zi, canapele de lux, canapele extensibile,","og_url":"https:\/\/mobiladeluxonline.ro\/en\/p\/canapea-galla\/","og_site_name":"MobilaDeLuxOnline.ro","article_modified_time":"2026-04-27T10:19:47+00:00","og_image":[{"width":800,"height":385,"url":"https:\/\/mobiladeluxonline.ro\/wp-content\/uploads\/2020\/05\/galla-chester-canapea-03-Copy.jpg","type":"image\/jpeg"}],"twitter_card":"summary_large_image","twitter_misc":{"Est. reading time":"2 minutes"},"schema":{"@context":"https:\/\/schema.org","@graph":[{"@type":"WebPage","@id":"https:\/\/mobiladeluxonline.ro\/p\/canapea-galla\/","url":"https:\/\/mobiladeluxonline.ro\/p\/canapea-galla\/","name":"Canapea Galla Chester - Canapele si coltare clasice, canapele ext","isPartOf":{"@id":"https:\/\/mobiladeluxonline.ro\/#website"},"primaryImageOfPage":{"@id":"https:\/\/mobiladeluxonline.ro\/p\/canapea-galla\/#primaryimage"},"image":{"@id":"https:\/\/mobiladeluxonline.ro\/p\/canapea-galla\/#primaryimage"},"thumbnailUrl":"https:\/\/mobiladeluxonline.ro\/wp-content\/uploads\/2020\/05\/galla-chester-canapea-03-Copy.jpg","datePublished":"2020-05-08T06:45:09+00:00","dateModified":"2026-04-27T10:19:47+00:00","description":"Canapea Galla extensibila Canapele si coltare clasice, canapele si coltare clasice camera de zi, canapele de lux, canapele extensibile,","breadcrumb":{"@id":"https:\/\/mobiladeluxonline.ro\/p\/canapea-galla\/#breadcrumb"},"inLanguage":"en-US","potentialAction":[{"@type":"ReadAction","target":["https:\/\/mobiladeluxonline.ro\/p\/canapea-galla\/"]}]},{"@type":"ImageObject","inLanguage":"en-US","@id":"https:\/\/mobiladeluxonline.ro\/p\/canapea-galla\/#primaryimage","url":"https:\/\/mobiladeluxonline.ro\/wp-content\/uploads\/2020\/05\/galla-chester-canapea-03-Copy.jpg","contentUrl":"https:\/\/mobiladeluxonline.ro\/wp-content\/uploads\/2020\/05\/galla-chester-canapea-03-Copy.jpg","width":800,"height":385},{"@type":"BreadcrumbList","@id":"https:\/\/mobiladeluxonline.ro\/p\/canapea-galla\/#breadcrumb","itemListElement":[{"@type":"ListItem","position":1,"name":"Prima pagin\u0103","item":"https:\/\/mobiladeluxonline.ro\/"},{"@type":"ListItem","position":2,"name":"Produse","item":"https:\/\/mobiladeluxonline.ro\/produse\/"},{"@type":"ListItem","position":3,"name":"Canapea Galla Chester"}]},{"@type":"WebSite","@id":"https:\/\/mobiladeluxonline.ro\/#website","url":"https:\/\/mobiladeluxonline.ro\/","name":"MobilaDeLuxOnline.ro","description":"","potentialAction":[{"@type":"SearchAction","target":{"@type":"EntryPoint","urlTemplate":"https:\/\/mobiladeluxonline.ro\/?s={search_term_string}"},"query-input":{"@type":"PropertyValueSpecification","valueRequired":true,"valueName":"search_term_string"}}],"inLanguage":"en-US"}]}},"_links":{"self":[{"href":"https:\/\/mobiladeluxonline.ro\/en\/wp-json\/wp\/v2\/product\/3862","targetHints":{"allow":["GET"]}}],"collection":[{"href":"https:\/\/mobiladeluxonline.ro\/en\/wp-json\/wp\/v2\/product"}],"about":[{"href":"https:\/\/mobiladeluxonline.ro\/en\/wp-json\/wp\/v2\/types\/product"}],"replies":[{"embeddable":true,"href":"https:\/\/mobiladeluxonline.ro\/en\/wp-json\/wp\/v2\/comments?post=3862"}],"wp:featuredmedia":[{"embeddable":true,"href":"https:\/\/mobiladeluxonline.ro\/en\/wp-json\/wp\/v2\/media\/3863"}],"wp:attachment":[{"href":"https:\/\/mobiladeluxonline.ro\/en\/wp-json\/wp\/v2\/media?parent=3862"}],"wp:term":[{"taxonomy":"product_brand","embeddable":true,"href":"https:\/\/mobiladeluxonline.ro\/en\/wp-json\/wp\/v2\/product_brand?post=3862"},{"taxonomy":"product_cat","embeddable":true,"href":"https:\/\/mobiladeluxonline.ro\/en\/wp-json\/wp\/v2\/product_cat?post=3862"},{"taxonomy":"product_tag","embeddable":true,"href":"https:\/\/mobiladeluxonline.ro\/en\/wp-json\/wp\/v2\/product_tag?post=3862"}],"curies":[{"name":"wp","href":"https:\/\/api.w.org\/{rel}","templated":true}]}}