{"id":4473,"date":"2021-03-06T12:04:59","date_gmt":"2021-03-06T10:04:59","guid":{"rendered":"https:\/\/mobiladeluxonline.ro\/?post_type=product&#038;p=4473"},"modified":"2025-11-07T11:17:47","modified_gmt":"2025-11-07T09:17:47","slug":"saltea-pinky-160x200","status":"publish","type":"product","link":"https:\/\/mobiladeluxonline.ro\/en\/p\/saltea-pinky-160x200\/","title":{"rendered":"Saltea Pinky 160&#215;200"},"content":{"rendered":"<p>Saltea Pinky 1.6m.<br \/>\nAceasta saltea poate fi comandata si pe alte dimensiuni<br \/>\nPOCKET SPRING SYSTEM.&nbsp; Se caracterizeaza prin faptul ca arcurile sunt&nbsp; impachetate individual, ceea ce ofera suport pentru diferite zone de greutate ale corpului.&nbsp; Aceasta saltea este flexibila datorita&nbsp; numarului mai mare de arcuri.<\/p>\n<p>&nbsp;<\/p>","protected":false},"excerpt":{"rendered":"<p>POCKET SPRING SYSTEM: Se caracterizeaza prin faptul ca arcurile sunt impachetate individual, ceea ce ofera suport pentru diferite zone de greutate ale corpului. Aceasta saltea este flexibila datorita numarului mai mare de arcuri, a impachetarii individuale si a miscarii individuale a arcurilor, care ajuta la egalizarea presiunii greutatii corpului asupra saltelei, in timpul somnului sunt mai pu\u0163in afecta\u0163i de miscarile celuilalt.Men\u0163inerea formei coloanei vertebrale \u00een pozi\u0163ia corecta si ofera un somn confortabil. \u2022 Salteaua, de o duritate forte, este invelita in jurul perimetrului cu burete de inalta densitate, care ajuta la prevenirea deformarii<br \/>\nHYPER SOFT BURETE ( o senzatie de atingerea a catifelei ) Va ajuta sa obtineti cu usurinta un extra comfort , adaugate in partea de sus a folosirii saltele ofera un suport full ortopedic pentru coloana vertebrala, cap si umeri.<br \/>\nSalteaua este invelita in jurul perimetrului cu burete de inalta densitate, care ajuta la prevenirea deformarii;&nbsp;<br \/>\n\u2022 THERMAL CONFORT Asigura circulatia aerului intre corp si saltea , Protejeaza echilibrul thermic si reduce transpiratia . Arcurile mini pachet permit presiunea corpului sa fie distribuita uniform pe saltea , contribuind astfel la ameliorarea circulatiei sanguine.<br \/>\nKNIT FABRIC ( Tesatura Tricotat ) &#8211; NANOTECHNOLOGY :Datorita tesaturii special concepute aceasta saltea este mai moale la atingere. Totodata ajuta la usurarea transferului de aer pentru a diaminua umiditatea.<\/p>","protected":false},"featured_media":4476,"comment_status":"open","ping_status":"closed","template":"","meta":[],"product_brand":[],"product_cat":[62],"product_tag":[507],"class_list":{"0":"post-4473","1":"product","2":"type-product","3":"status-publish","4":"has-post-thumbnail","6":"product_cat-saltele","7":"product_tag-saltea-pinky","9":"first","10":"instock","11":"sale","12":"shipping-taxable","13":"purchasable","14":"product-type-simple"},"yoast_head":"<!-- This site is optimized with the Yoast SEO plugin v27.5 - https:\/\/yoast.com\/product\/yoast-seo-wordpress\/ -->\n<title>Saltea Pinky 160x200 - saltele poket spring,saltele ortopedice, preturi mici<\/title>\n<meta name=\"description\" content=\"Saltea Pinky 1.6m.poket spring .Sistem arcuri impachetate - 3 zone :Acest sistem de arcuri impachetate, cu 3 zone, ofera fermitate personalizata .\" \/>\n<meta name=\"robots\" content=\"index, follow, max-snippet:-1, max-image-preview:large, max-video-preview:-1\" \/>\n<link rel=\"canonical\" href=\"https:\/\/mobiladeluxonline.ro\/en\/p\/saltea-pinky-160x200\/\" \/>\n<meta property=\"og:locale\" content=\"en_US\" \/>\n<meta property=\"og:type\" content=\"article\" \/>\n<meta property=\"og:title\" content=\"Saltea Pinky 160x200 - saltele poket spring,saltele ortopedice, preturi mici\" \/>\n<meta property=\"og:description\" content=\"Saltea Pinky 1.6m.poket spring .Sistem arcuri impachetate - 3 zone :Acest sistem de arcuri impachetate, cu 3 zone, ofera fermitate personalizata .\" \/>\n<meta property=\"og:url\" content=\"https:\/\/mobiladeluxonline.ro\/en\/p\/saltea-pinky-160x200\/\" \/>\n<meta property=\"og:site_name\" content=\"MobilaDeLuxOnline.ro\" \/>\n<meta property=\"article:modified_time\" content=\"2025-11-07T09:17:47+00:00\" \/>\n<meta property=\"og:image\" content=\"https:\/\/mobiladeluxonline.ro\/wp-content\/uploads\/2021\/03\/pinky-saltea.jpg\" \/>\n\t<meta property=\"og:image:width\" content=\"1500\" \/>\n\t<meta property=\"og:image:height\" content=\"1020\" \/>\n\t<meta property=\"og:image:type\" content=\"image\/jpeg\" \/>\n<meta name=\"twitter:card\" content=\"summary_large_image\" \/>\n<script type=\"application\/ld+json\" class=\"yoast-schema-graph\">{\"@context\":\"https:\\\/\\\/schema.org\",\"@graph\":[{\"@type\":\"WebPage\",\"@id\":\"https:\\\/\\\/mobiladeluxonline.ro\\\/p\\\/saltea-pinky-160x200\\\/\",\"url\":\"https:\\\/\\\/mobiladeluxonline.ro\\\/p\\\/saltea-pinky-160x200\\\/\",\"name\":\"Saltea Pinky 160x200 - saltele poket spring,saltele ortopedice, preturi mici\",\"isPartOf\":{\"@id\":\"https:\\\/\\\/mobiladeluxonline.ro\\\/#website\"},\"primaryImageOfPage\":{\"@id\":\"https:\\\/\\\/mobiladeluxonline.ro\\\/p\\\/saltea-pinky-160x200\\\/#primaryimage\"},\"image\":{\"@id\":\"https:\\\/\\\/mobiladeluxonline.ro\\\/p\\\/saltea-pinky-160x200\\\/#primaryimage\"},\"thumbnailUrl\":\"https:\\\/\\\/mobiladeluxonline.ro\\\/wp-content\\\/uploads\\\/2021\\\/03\\\/pinky-saltea.jpg\",\"datePublished\":\"2021-03-06T10:04:59+00:00\",\"dateModified\":\"2025-11-07T09:17:47+00:00\",\"description\":\"Saltea Pinky 1.6m.poket spring .Sistem arcuri impachetate - 3 zone :Acest sistem de arcuri impachetate, cu 3 zone, ofera fermitate personalizata .\",\"breadcrumb\":{\"@id\":\"https:\\\/\\\/mobiladeluxonline.ro\\\/p\\\/saltea-pinky-160x200\\\/#breadcrumb\"},\"inLanguage\":\"en-US\",\"potentialAction\":[{\"@type\":\"ReadAction\",\"target\":[\"https:\\\/\\\/mobiladeluxonline.ro\\\/p\\\/saltea-pinky-160x200\\\/\"]}]},{\"@type\":\"ImageObject\",\"inLanguage\":\"en-US\",\"@id\":\"https:\\\/\\\/mobiladeluxonline.ro\\\/p\\\/saltea-pinky-160x200\\\/#primaryimage\",\"url\":\"https:\\\/\\\/mobiladeluxonline.ro\\\/wp-content\\\/uploads\\\/2021\\\/03\\\/pinky-saltea.jpg\",\"contentUrl\":\"https:\\\/\\\/mobiladeluxonline.ro\\\/wp-content\\\/uploads\\\/2021\\\/03\\\/pinky-saltea.jpg\",\"width\":1500,\"height\":1020},{\"@type\":\"BreadcrumbList\",\"@id\":\"https:\\\/\\\/mobiladeluxonline.ro\\\/p\\\/saltea-pinky-160x200\\\/#breadcrumb\",\"itemListElement\":[{\"@type\":\"ListItem\",\"position\":1,\"name\":\"Prima pagin\u0103\",\"item\":\"https:\\\/\\\/mobiladeluxonline.ro\\\/\"},{\"@type\":\"ListItem\",\"position\":2,\"name\":\"Produse\",\"item\":\"https:\\\/\\\/mobiladeluxonline.ro\\\/produse\\\/\"},{\"@type\":\"ListItem\",\"position\":3,\"name\":\"Saltea Pinky 160&#215;200\"}]},{\"@type\":\"WebSite\",\"@id\":\"https:\\\/\\\/mobiladeluxonline.ro\\\/#website\",\"url\":\"https:\\\/\\\/mobiladeluxonline.ro\\\/\",\"name\":\"MobilaDeLuxOnline.ro\",\"description\":\"\",\"potentialAction\":[{\"@type\":\"SearchAction\",\"target\":{\"@type\":\"EntryPoint\",\"urlTemplate\":\"https:\\\/\\\/mobiladeluxonline.ro\\\/?s={search_term_string}\"},\"query-input\":{\"@type\":\"PropertyValueSpecification\",\"valueRequired\":true,\"valueName\":\"search_term_string\"}}],\"inLanguage\":\"en-US\"}]}<\/script>\n<!-- \/ Yoast SEO plugin. -->","yoast_head_json":{"title":"Saltea Pinky 160x200 - saltele poket spring,saltele ortopedice, preturi mici","description":"Saltea Pinky 1.6m.poket spring .Sistem arcuri impachetate - 3 zone :Acest sistem de arcuri impachetate, cu 3 zone, ofera fermitate personalizata .","robots":{"index":"index","follow":"follow","max-snippet":"max-snippet:-1","max-image-preview":"max-image-preview:large","max-video-preview":"max-video-preview:-1"},"canonical":"https:\/\/mobiladeluxonline.ro\/en\/p\/saltea-pinky-160x200\/","og_locale":"en_US","og_type":"article","og_title":"Saltea Pinky 160x200 - saltele poket spring,saltele ortopedice, preturi mici","og_description":"Saltea Pinky 1.6m.poket spring .Sistem arcuri impachetate - 3 zone :Acest sistem de arcuri impachetate, cu 3 zone, ofera fermitate personalizata .","og_url":"https:\/\/mobiladeluxonline.ro\/en\/p\/saltea-pinky-160x200\/","og_site_name":"MobilaDeLuxOnline.ro","article_modified_time":"2025-11-07T09:17:47+00:00","og_image":[{"width":1500,"height":1020,"url":"https:\/\/mobiladeluxonline.ro\/wp-content\/uploads\/2021\/03\/pinky-saltea.jpg","type":"image\/jpeg"}],"twitter_card":"summary_large_image","schema":{"@context":"https:\/\/schema.org","@graph":[{"@type":"WebPage","@id":"https:\/\/mobiladeluxonline.ro\/p\/saltea-pinky-160x200\/","url":"https:\/\/mobiladeluxonline.ro\/p\/saltea-pinky-160x200\/","name":"Saltea Pinky 160x200 - saltele poket spring,saltele ortopedice, preturi mici","isPartOf":{"@id":"https:\/\/mobiladeluxonline.ro\/#website"},"primaryImageOfPage":{"@id":"https:\/\/mobiladeluxonline.ro\/p\/saltea-pinky-160x200\/#primaryimage"},"image":{"@id":"https:\/\/mobiladeluxonline.ro\/p\/saltea-pinky-160x200\/#primaryimage"},"thumbnailUrl":"https:\/\/mobiladeluxonline.ro\/wp-content\/uploads\/2021\/03\/pinky-saltea.jpg","datePublished":"2021-03-06T10:04:59+00:00","dateModified":"2025-11-07T09:17:47+00:00","description":"Saltea Pinky 1.6m.poket spring .Sistem arcuri impachetate - 3 zone :Acest sistem de arcuri impachetate, cu 3 zone, ofera fermitate personalizata .","breadcrumb":{"@id":"https:\/\/mobiladeluxonline.ro\/p\/saltea-pinky-160x200\/#breadcrumb"},"inLanguage":"en-US","potentialAction":[{"@type":"ReadAction","target":["https:\/\/mobiladeluxonline.ro\/p\/saltea-pinky-160x200\/"]}]},{"@type":"ImageObject","inLanguage":"en-US","@id":"https:\/\/mobiladeluxonline.ro\/p\/saltea-pinky-160x200\/#primaryimage","url":"https:\/\/mobiladeluxonline.ro\/wp-content\/uploads\/2021\/03\/pinky-saltea.jpg","contentUrl":"https:\/\/mobiladeluxonline.ro\/wp-content\/uploads\/2021\/03\/pinky-saltea.jpg","width":1500,"height":1020},{"@type":"BreadcrumbList","@id":"https:\/\/mobiladeluxonline.ro\/p\/saltea-pinky-160x200\/#breadcrumb","itemListElement":[{"@type":"ListItem","position":1,"name":"Prima pagin\u0103","item":"https:\/\/mobiladeluxonline.ro\/"},{"@type":"ListItem","position":2,"name":"Produse","item":"https:\/\/mobiladeluxonline.ro\/produse\/"},{"@type":"ListItem","position":3,"name":"Saltea Pinky 160&#215;200"}]},{"@type":"WebSite","@id":"https:\/\/mobiladeluxonline.ro\/#website","url":"https:\/\/mobiladeluxonline.ro\/","name":"MobilaDeLuxOnline.ro","description":"","potentialAction":[{"@type":"SearchAction","target":{"@type":"EntryPoint","urlTemplate":"https:\/\/mobiladeluxonline.ro\/?s={search_term_string}"},"query-input":{"@type":"PropertyValueSpecification","valueRequired":true,"valueName":"search_term_string"}}],"inLanguage":"en-US"}]}},"_links":{"self":[{"href":"https:\/\/mobiladeluxonline.ro\/en\/wp-json\/wp\/v2\/product\/4473","targetHints":{"allow":["GET"]}}],"collection":[{"href":"https:\/\/mobiladeluxonline.ro\/en\/wp-json\/wp\/v2\/product"}],"about":[{"href":"https:\/\/mobiladeluxonline.ro\/en\/wp-json\/wp\/v2\/types\/product"}],"replies":[{"embeddable":true,"href":"https:\/\/mobiladeluxonline.ro\/en\/wp-json\/wp\/v2\/comments?post=4473"}],"wp:featuredmedia":[{"embeddable":true,"href":"https:\/\/mobiladeluxonline.ro\/en\/wp-json\/wp\/v2\/media\/4476"}],"wp:attachment":[{"href":"https:\/\/mobiladeluxonline.ro\/en\/wp-json\/wp\/v2\/media?parent=4473"}],"wp:term":[{"taxonomy":"product_brand","embeddable":true,"href":"https:\/\/mobiladeluxonline.ro\/en\/wp-json\/wp\/v2\/product_brand?post=4473"},{"taxonomy":"product_cat","embeddable":true,"href":"https:\/\/mobiladeluxonline.ro\/en\/wp-json\/wp\/v2\/product_cat?post=4473"},{"taxonomy":"product_tag","embeddable":true,"href":"https:\/\/mobiladeluxonline.ro\/en\/wp-json\/wp\/v2\/product_tag?post=4473"}],"curies":[{"name":"wp","href":"https:\/\/api.w.org\/{rel}","templated":true}]}}