{"id":4510,"date":"2021-04-19T15:10:04","date_gmt":"2021-04-19T13:10:04","guid":{"rendered":"https:\/\/mobiladeluxonline.ro\/?post_type=product&#038;p=4510"},"modified":"2025-11-07T10:09:08","modified_gmt":"2025-11-07T08:09:08","slug":"saltea-nirvana","status":"publish","type":"product","link":"https:\/\/mobiladeluxonline.ro\/en\/p\/saltea-nirvana\/","title":{"rendered":"Saltea Nirvana 160&#215;200"},"content":{"rendered":"<p>Saltea Nirvana dimensiune 1.8m &#8211; 3250 lei<br \/>\nPOCKET SPRING SYSTEM: Se caracterizeaza prin faptul ca arcurile sunt  impachetate individual, ceea ce ofera suport pentru diferite zone de greutate ale corpului. <\/p>\n<p> Aceasta saltea este flexibila datorita  numarului mai mare de arcuri, a impachetarii individuale a arcurilor, care ajuta la egalizarea presiunii greutatii corpului asupra saltelei.<\/p>\n<p>Men\u0163inerea formei coloanei vertebrale \u00een pozi\u0163ia corecta , ofera un somn  confortabil  si un corp mai  rezistent.<br \/>\n\u2022 Salteaua, de o duritate medie,  este invelita in jurul perimetrului cu burete de inalta densitate, care ajuta la prevenirea deformarii<br \/>\nHYPER SOFT BURETE ( o senzatie de atingerea a catifelei ) <\/p>\n<p>\u2022Salteaua  este invelita in jurul perimetrului cu burete de inalta densitate, care ajuta la prevenirea deformarii.<\/p>\n<p>\u2022 DUBLU PACHET SISTEM DE ARCURI : La  partea de salteluta sunt  folosite arcurile mini pachet .Acestea asigura circulatia aerului intre corp si saltea , Protejeaza echilibrul thermic si reduce transpiratia . Arcurile mini pachet  permit presiunea corpului sa fie distribuita uniform  pe saltea , contribuind astfel la ameliorarea circulatiei sanguine.<br \/>\n\u2022  Inaltimea saltelei  34 cm (\u00b1  1 cm)<\/p>","protected":false},"excerpt":{"rendered":"<p>POCKET SPRING SYSTEM: Se caracterizeaza prin faptul ca arcurile sunt  impachetate individual, ceea ce ofera suport pentru diferite zone de greutate ale corpului.  Aceasta saltea este flexibila datorita  numarului mai mare de arcuri, a imachetarii individuale si a miscarii individuale a arcurilor, care ajuta la egalizarea presiunii greutatii corpului asupra saltelei, in timpul somnului sunt  mai pu\u0163in afecta\u0163i de miscarile celuilalt. Men\u0163inerea formei coloanei vertebrale \u00een pozi\u0163ia corecta , ofera un somn  confortabil  si un corp  mai  rezistent.<\/p>\n<p>\u2022 Salteaua, de o duritate forte,  este invelita in jurul perimetrului cu burete de inalta densitate, care ajuta la prevenirea deformarii<\/p>\n<p>HYPER SOFT BURETE ( o senzatie de atingerea a catifelei ) Va ajuta sa obtineti cu usurinta  un extra comfort , adaugate in partea de sus a folosirii saltele ofera un suport full ortopedic pentru coloana vertebrala, cap si umeri.<\/p>\n<p>\u2022Salteaua  este invelita in jurul perimetrului cu burete de inalta densitate, care ajuta la prevenirea deformarii;<br \/>\n\u2022 DUBLU PACHET SISTEM DE ARCURI : La  partea de salteluta sunt  folosite arcurile mini pachet , Asigura circulatia aerului intre corp si saltea , Protejeaza echilibrul thermic si reduce transpiratia . Arcurile mini pachet  permit presiunea corpului sa fie distribuita uniform  pe saltea , contribuind astfel la ameliorarea circulatiei sanguine.<\/p>\n<p>\u2022  Inaltimea saltelei  35 cm (\u00b1  1 cm)<\/p>","protected":false},"featured_media":5049,"comment_status":"open","ping_status":"closed","template":"","meta":[],"product_brand":[],"product_cat":[62],"product_tag":[],"class_list":{"0":"post-4510","1":"product","2":"type-product","3":"status-publish","4":"has-post-thumbnail","6":"product_cat-saltele","8":"first","9":"instock","10":"sale","11":"sold-individually","12":"shipping-taxable","13":"purchasable","14":"product-type-simple"},"yoast_head":"<!-- This site is optimized with the Yoast SEO plugin v27.4 - https:\/\/yoast.com\/product\/yoast-seo-wordpress\/ -->\n<title>Saltea Nirvana 160x200 - saltele poket spring,saltele ortopedice, preturi mici<\/title>\n<meta name=\"description\" content=\"Saltea Nirvana poket spring .Sistem arcuri impachetate .Acest sistem de arcuri impachetate, cu 3 zone, ofera fermitate personalizata .\" \/>\n<meta name=\"robots\" content=\"index, follow, max-snippet:-1, max-image-preview:large, max-video-preview:-1\" \/>\n<link rel=\"canonical\" href=\"https:\/\/mobiladeluxonline.ro\/en\/p\/saltea-nirvana\/\" \/>\n<meta property=\"og:locale\" content=\"en_US\" \/>\n<meta property=\"og:type\" content=\"article\" \/>\n<meta property=\"og:title\" content=\"Saltea Nirvana 160x200 - saltele poket spring,saltele ortopedice, preturi mici\" \/>\n<meta property=\"og:description\" content=\"Saltea Nirvana poket spring .Sistem arcuri impachetate .Acest sistem de arcuri impachetate, cu 3 zone, ofera fermitate personalizata .\" \/>\n<meta property=\"og:url\" content=\"https:\/\/mobiladeluxonline.ro\/en\/p\/saltea-nirvana\/\" \/>\n<meta property=\"og:site_name\" content=\"MobilaDeLuxOnline.ro\" \/>\n<meta property=\"article:modified_time\" content=\"2025-11-07T08:09:08+00:00\" \/>\n<meta property=\"og:image\" content=\"https:\/\/mobiladeluxonline.ro\/wp-content\/uploads\/2021\/04\/product_gallery_2021-12-14_17-34-2010.jpg\" \/>\n\t<meta property=\"og:image:width\" content=\"1500\" \/>\n\t<meta property=\"og:image:height\" content=\"1000\" \/>\n\t<meta property=\"og:image:type\" content=\"image\/jpeg\" \/>\n<meta name=\"twitter:card\" content=\"summary_large_image\" \/>\n<meta name=\"twitter:label1\" content=\"Est. reading time\" \/>\n\t<meta name=\"twitter:data1\" content=\"1 minute\" \/>\n<script type=\"application\/ld+json\" class=\"yoast-schema-graph\">{\"@context\":\"https:\\\/\\\/schema.org\",\"@graph\":[{\"@type\":\"WebPage\",\"@id\":\"https:\\\/\\\/mobiladeluxonline.ro\\\/p\\\/saltea-nirvana\\\/\",\"url\":\"https:\\\/\\\/mobiladeluxonline.ro\\\/p\\\/saltea-nirvana\\\/\",\"name\":\"Saltea Nirvana 160x200 - saltele poket spring,saltele ortopedice, preturi mici\",\"isPartOf\":{\"@id\":\"https:\\\/\\\/mobiladeluxonline.ro\\\/#website\"},\"primaryImageOfPage\":{\"@id\":\"https:\\\/\\\/mobiladeluxonline.ro\\\/p\\\/saltea-nirvana\\\/#primaryimage\"},\"image\":{\"@id\":\"https:\\\/\\\/mobiladeluxonline.ro\\\/p\\\/saltea-nirvana\\\/#primaryimage\"},\"thumbnailUrl\":\"https:\\\/\\\/mobiladeluxonline.ro\\\/wp-content\\\/uploads\\\/2021\\\/04\\\/product_gallery_2021-12-14_17-34-2010.jpg\",\"datePublished\":\"2021-04-19T13:10:04+00:00\",\"dateModified\":\"2025-11-07T08:09:08+00:00\",\"description\":\"Saltea Nirvana poket spring .Sistem arcuri impachetate .Acest sistem de arcuri impachetate, cu 3 zone, ofera fermitate personalizata .\",\"breadcrumb\":{\"@id\":\"https:\\\/\\\/mobiladeluxonline.ro\\\/p\\\/saltea-nirvana\\\/#breadcrumb\"},\"inLanguage\":\"en-US\",\"potentialAction\":[{\"@type\":\"ReadAction\",\"target\":[\"https:\\\/\\\/mobiladeluxonline.ro\\\/p\\\/saltea-nirvana\\\/\"]}]},{\"@type\":\"ImageObject\",\"inLanguage\":\"en-US\",\"@id\":\"https:\\\/\\\/mobiladeluxonline.ro\\\/p\\\/saltea-nirvana\\\/#primaryimage\",\"url\":\"https:\\\/\\\/mobiladeluxonline.ro\\\/wp-content\\\/uploads\\\/2021\\\/04\\\/product_gallery_2021-12-14_17-34-2010.jpg\",\"contentUrl\":\"https:\\\/\\\/mobiladeluxonline.ro\\\/wp-content\\\/uploads\\\/2021\\\/04\\\/product_gallery_2021-12-14_17-34-2010.jpg\",\"width\":1500,\"height\":1000},{\"@type\":\"BreadcrumbList\",\"@id\":\"https:\\\/\\\/mobiladeluxonline.ro\\\/p\\\/saltea-nirvana\\\/#breadcrumb\",\"itemListElement\":[{\"@type\":\"ListItem\",\"position\":1,\"name\":\"Prima pagin\u0103\",\"item\":\"https:\\\/\\\/mobiladeluxonline.ro\\\/\"},{\"@type\":\"ListItem\",\"position\":2,\"name\":\"Produse\",\"item\":\"https:\\\/\\\/mobiladeluxonline.ro\\\/produse\\\/\"},{\"@type\":\"ListItem\",\"position\":3,\"name\":\"Saltea Nirvana 160&#215;200\"}]},{\"@type\":\"WebSite\",\"@id\":\"https:\\\/\\\/mobiladeluxonline.ro\\\/#website\",\"url\":\"https:\\\/\\\/mobiladeluxonline.ro\\\/\",\"name\":\"MobilaDeLuxOnline.ro\",\"description\":\"\",\"potentialAction\":[{\"@type\":\"SearchAction\",\"target\":{\"@type\":\"EntryPoint\",\"urlTemplate\":\"https:\\\/\\\/mobiladeluxonline.ro\\\/?s={search_term_string}\"},\"query-input\":{\"@type\":\"PropertyValueSpecification\",\"valueRequired\":true,\"valueName\":\"search_term_string\"}}],\"inLanguage\":\"en-US\"}]}<\/script>\n<!-- \/ Yoast SEO plugin. -->","yoast_head_json":{"title":"Saltea Nirvana 160x200 - saltele poket spring,saltele ortopedice, preturi mici","description":"Saltea Nirvana poket spring .Sistem arcuri impachetate .Acest sistem de arcuri impachetate, cu 3 zone, ofera fermitate personalizata .","robots":{"index":"index","follow":"follow","max-snippet":"max-snippet:-1","max-image-preview":"max-image-preview:large","max-video-preview":"max-video-preview:-1"},"canonical":"https:\/\/mobiladeluxonline.ro\/en\/p\/saltea-nirvana\/","og_locale":"en_US","og_type":"article","og_title":"Saltea Nirvana 160x200 - saltele poket spring,saltele ortopedice, preturi mici","og_description":"Saltea Nirvana poket spring .Sistem arcuri impachetate .Acest sistem de arcuri impachetate, cu 3 zone, ofera fermitate personalizata .","og_url":"https:\/\/mobiladeluxonline.ro\/en\/p\/saltea-nirvana\/","og_site_name":"MobilaDeLuxOnline.ro","article_modified_time":"2025-11-07T08:09:08+00:00","og_image":[{"width":1500,"height":1000,"url":"https:\/\/mobiladeluxonline.ro\/wp-content\/uploads\/2021\/04\/product_gallery_2021-12-14_17-34-2010.jpg","type":"image\/jpeg"}],"twitter_card":"summary_large_image","twitter_misc":{"Est. reading time":"1 minute"},"schema":{"@context":"https:\/\/schema.org","@graph":[{"@type":"WebPage","@id":"https:\/\/mobiladeluxonline.ro\/p\/saltea-nirvana\/","url":"https:\/\/mobiladeluxonline.ro\/p\/saltea-nirvana\/","name":"Saltea Nirvana 160x200 - saltele poket spring,saltele ortopedice, preturi mici","isPartOf":{"@id":"https:\/\/mobiladeluxonline.ro\/#website"},"primaryImageOfPage":{"@id":"https:\/\/mobiladeluxonline.ro\/p\/saltea-nirvana\/#primaryimage"},"image":{"@id":"https:\/\/mobiladeluxonline.ro\/p\/saltea-nirvana\/#primaryimage"},"thumbnailUrl":"https:\/\/mobiladeluxonline.ro\/wp-content\/uploads\/2021\/04\/product_gallery_2021-12-14_17-34-2010.jpg","datePublished":"2021-04-19T13:10:04+00:00","dateModified":"2025-11-07T08:09:08+00:00","description":"Saltea Nirvana poket spring .Sistem arcuri impachetate .Acest sistem de arcuri impachetate, cu 3 zone, ofera fermitate personalizata .","breadcrumb":{"@id":"https:\/\/mobiladeluxonline.ro\/p\/saltea-nirvana\/#breadcrumb"},"inLanguage":"en-US","potentialAction":[{"@type":"ReadAction","target":["https:\/\/mobiladeluxonline.ro\/p\/saltea-nirvana\/"]}]},{"@type":"ImageObject","inLanguage":"en-US","@id":"https:\/\/mobiladeluxonline.ro\/p\/saltea-nirvana\/#primaryimage","url":"https:\/\/mobiladeluxonline.ro\/wp-content\/uploads\/2021\/04\/product_gallery_2021-12-14_17-34-2010.jpg","contentUrl":"https:\/\/mobiladeluxonline.ro\/wp-content\/uploads\/2021\/04\/product_gallery_2021-12-14_17-34-2010.jpg","width":1500,"height":1000},{"@type":"BreadcrumbList","@id":"https:\/\/mobiladeluxonline.ro\/p\/saltea-nirvana\/#breadcrumb","itemListElement":[{"@type":"ListItem","position":1,"name":"Prima pagin\u0103","item":"https:\/\/mobiladeluxonline.ro\/"},{"@type":"ListItem","position":2,"name":"Produse","item":"https:\/\/mobiladeluxonline.ro\/produse\/"},{"@type":"ListItem","position":3,"name":"Saltea Nirvana 160&#215;200"}]},{"@type":"WebSite","@id":"https:\/\/mobiladeluxonline.ro\/#website","url":"https:\/\/mobiladeluxonline.ro\/","name":"MobilaDeLuxOnline.ro","description":"","potentialAction":[{"@type":"SearchAction","target":{"@type":"EntryPoint","urlTemplate":"https:\/\/mobiladeluxonline.ro\/?s={search_term_string}"},"query-input":{"@type":"PropertyValueSpecification","valueRequired":true,"valueName":"search_term_string"}}],"inLanguage":"en-US"}]}},"_links":{"self":[{"href":"https:\/\/mobiladeluxonline.ro\/en\/wp-json\/wp\/v2\/product\/4510","targetHints":{"allow":["GET"]}}],"collection":[{"href":"https:\/\/mobiladeluxonline.ro\/en\/wp-json\/wp\/v2\/product"}],"about":[{"href":"https:\/\/mobiladeluxonline.ro\/en\/wp-json\/wp\/v2\/types\/product"}],"replies":[{"embeddable":true,"href":"https:\/\/mobiladeluxonline.ro\/en\/wp-json\/wp\/v2\/comments?post=4510"}],"wp:featuredmedia":[{"embeddable":true,"href":"https:\/\/mobiladeluxonline.ro\/en\/wp-json\/wp\/v2\/media\/5049"}],"wp:attachment":[{"href":"https:\/\/mobiladeluxonline.ro\/en\/wp-json\/wp\/v2\/media?parent=4510"}],"wp:term":[{"taxonomy":"product_brand","embeddable":true,"href":"https:\/\/mobiladeluxonline.ro\/en\/wp-json\/wp\/v2\/product_brand?post=4510"},{"taxonomy":"product_cat","embeddable":true,"href":"https:\/\/mobiladeluxonline.ro\/en\/wp-json\/wp\/v2\/product_cat?post=4510"},{"taxonomy":"product_tag","embeddable":true,"href":"https:\/\/mobiladeluxonline.ro\/en\/wp-json\/wp\/v2\/product_tag?post=4510"}],"curies":[{"name":"wp","href":"https:\/\/api.w.org\/{rel}","templated":true}]}}