{"id":4617,"date":"2021-05-23T22:14:49","date_gmt":"2021-05-23T20:14:49","guid":{"rendered":"https:\/\/mobiladeluxonline.ro\/?post_type=product&#038;p=4617"},"modified":"2025-05-31T09:08:58","modified_gmt":"2025-05-31T07:08:58","slug":"saltea-magnasand-160x200","status":"publish","type":"product","link":"https:\/\/mobiladeluxonline.ro\/en\/p\/saltea-magnasand-160x200\/","title":{"rendered":"Saltea Magnasand 160&#215;200"},"content":{"rendered":"<p>Saltea Magnasand 160&#215;200<\/p>\n<p>Aceasta tehnologie foloseste nisip negru magnetic , pe care b\u0103tr\u00e2nii \u00eel folosesc de secole pentru vindecare.\u00a0Nisipul magnetic negru, care este supus diferitelor procese printr-o tehnica speciala, fiind amestecat cu buretele.Acesta formeaza un camp magnetic, ce ajuta la reducerea stresului \u00een organism, oferind un somn confortabil.<\/p>\n<p>Salteaua este flexibila datorita numarului mai mare de arcuri, impachetate individual si a miscarii individuale a arcurilor, asigurand totodata o izolare fonica. \u00cen plus, arcurile cu mi\u0219cari independente ajut\u0103 la distribuirea uniform\u0103 a presiunii corpului pe pat si men\u021binerea\u00a0 coloanei vertebrale \u00een pozi\u021bia corect\u0103 asigurand un somn confortabil. Saltea poate fi comandata pe diferite dimensiuni.<\/p>\n<p>\u2022 Salteaua, de o duritate medie, este invelita in jurul perimetrului cu burete de inalta densitate, care ajuta la prevenirea deformarii;<br \/>\n\u2022 Densitatea inalta a buretelui de care beneficiaza aceasta saltea ofera un suport full ortopedic pentru coloana vertebrala, cap si umeri.<br \/>\n\u2022 SPACER BAND: Aceata banda din jurul saltelei are rolul de a usura transferul aerului, astfel beneficiind de o extraigiena.<\/p>\n<p>KNIT FABRIC: Datorita tesaturii special concepute, la care este folosit si bumbacul, aceasta saltea este mai moale la atingere. Totodata ajuta la usurarea transferului de aer pentru a diminua umiditatea.<br \/>\nIn compozitia saltelei mai intra si vatelina siliconizata, pentru a oferi o extraigiena;<br \/>\nInaltimea saltelei este de 32 cm (\u00b1 1 cm).<\/p>\n<p>&nbsp;<\/p>","protected":false},"excerpt":{"rendered":"<p>Aceasta tehnologie foloseste nisip negru magnetic , pe care b\u0103tr\u00e2nii \u00eel folosesc de secole pentru vindecare.\u00a0Nisipul magnetic negru, care este supus diferitelor procese printr-o tehnica speciala, fiind amestecat cu buretele.Acesta formeaza un camp magnetic, ce ajuta la reducerea stresului \u00een organism, oferind un somn confortabil.<\/p>","protected":false},"featured_media":4666,"comment_status":"open","ping_status":"closed","template":"","meta":[],"product_brand":[],"product_cat":[62],"product_tag":[],"class_list":{"0":"post-4617","1":"product","2":"type-product","3":"status-publish","4":"has-post-thumbnail","6":"product_cat-saltele","8":"first","9":"instock","10":"sale","11":"shipping-taxable","12":"purchasable","13":"product-type-simple"},"yoast_head":"<!-- This site is optimized with the Yoast SEO plugin v27.5 - https:\/\/yoast.com\/product\/yoast-seo-wordpress\/ -->\n<title>Saltea Magnasand 160x200 - www.mobiladeluxonline.ro mobila<\/title>\n<meta name=\"description\" content=\"Saltea Magnasand 160x200. Saltele ortopedice diferite dimensiuni si modele.\" \/>\n<meta name=\"robots\" content=\"index, follow, max-snippet:-1, max-image-preview:large, max-video-preview:-1\" \/>\n<link rel=\"canonical\" href=\"https:\/\/mobiladeluxonline.ro\/en\/p\/saltea-magnasand-160x200\/\" \/>\n<meta property=\"og:locale\" content=\"en_US\" \/>\n<meta property=\"og:type\" content=\"article\" \/>\n<meta property=\"og:title\" content=\"Saltea Magnasand 160x200 - www.mobiladeluxonline.ro mobila\" \/>\n<meta property=\"og:description\" content=\"Saltea Magnasand 160x200. Saltele ortopedice diferite dimensiuni si modele.\" \/>\n<meta property=\"og:url\" content=\"https:\/\/mobiladeluxonline.ro\/en\/p\/saltea-magnasand-160x200\/\" \/>\n<meta property=\"og:site_name\" content=\"MobilaDeLuxOnline.ro\" \/>\n<meta property=\"article:modified_time\" content=\"2025-05-31T07:08:58+00:00\" \/>\n<meta property=\"og:image\" content=\"https:\/\/mobiladeluxonline.ro\/wp-content\/uploads\/2021\/05\/saltea-magnasand-1600.jpg\" \/>\n\t<meta property=\"og:image:width\" content=\"493\" \/>\n\t<meta property=\"og:image:height\" content=\"643\" \/>\n\t<meta property=\"og:image:type\" content=\"image\/jpeg\" \/>\n<meta name=\"twitter:card\" content=\"summary_large_image\" \/>\n<meta name=\"twitter:label1\" content=\"Est. reading time\" \/>\n\t<meta name=\"twitter:data1\" content=\"2 minutes\" \/>\n<script type=\"application\/ld+json\" class=\"yoast-schema-graph\">{\"@context\":\"https:\\\/\\\/schema.org\",\"@graph\":[{\"@type\":\"WebPage\",\"@id\":\"https:\\\/\\\/mobiladeluxonline.ro\\\/p\\\/saltea-magnasand-160x200\\\/\",\"url\":\"https:\\\/\\\/mobiladeluxonline.ro\\\/p\\\/saltea-magnasand-160x200\\\/\",\"name\":\"Saltea Magnasand 160x200 - www.mobiladeluxonline.ro mobila\",\"isPartOf\":{\"@id\":\"https:\\\/\\\/mobiladeluxonline.ro\\\/#website\"},\"primaryImageOfPage\":{\"@id\":\"https:\\\/\\\/mobiladeluxonline.ro\\\/p\\\/saltea-magnasand-160x200\\\/#primaryimage\"},\"image\":{\"@id\":\"https:\\\/\\\/mobiladeluxonline.ro\\\/p\\\/saltea-magnasand-160x200\\\/#primaryimage\"},\"thumbnailUrl\":\"https:\\\/\\\/mobiladeluxonline.ro\\\/wp-content\\\/uploads\\\/2021\\\/05\\\/saltea-magnasand-1600.jpg\",\"datePublished\":\"2021-05-23T20:14:49+00:00\",\"dateModified\":\"2025-05-31T07:08:58+00:00\",\"description\":\"Saltea Magnasand 160x200. Saltele ortopedice diferite dimensiuni si modele.\",\"breadcrumb\":{\"@id\":\"https:\\\/\\\/mobiladeluxonline.ro\\\/p\\\/saltea-magnasand-160x200\\\/#breadcrumb\"},\"inLanguage\":\"en-US\",\"potentialAction\":[{\"@type\":\"ReadAction\",\"target\":[\"https:\\\/\\\/mobiladeluxonline.ro\\\/p\\\/saltea-magnasand-160x200\\\/\"]}]},{\"@type\":\"ImageObject\",\"inLanguage\":\"en-US\",\"@id\":\"https:\\\/\\\/mobiladeluxonline.ro\\\/p\\\/saltea-magnasand-160x200\\\/#primaryimage\",\"url\":\"https:\\\/\\\/mobiladeluxonline.ro\\\/wp-content\\\/uploads\\\/2021\\\/05\\\/saltea-magnasand-1600.jpg\",\"contentUrl\":\"https:\\\/\\\/mobiladeluxonline.ro\\\/wp-content\\\/uploads\\\/2021\\\/05\\\/saltea-magnasand-1600.jpg\",\"width\":493,\"height\":643,\"caption\":\"saltea Magnasand 1,6 m\"},{\"@type\":\"BreadcrumbList\",\"@id\":\"https:\\\/\\\/mobiladeluxonline.ro\\\/p\\\/saltea-magnasand-160x200\\\/#breadcrumb\",\"itemListElement\":[{\"@type\":\"ListItem\",\"position\":1,\"name\":\"Prima pagin\u0103\",\"item\":\"https:\\\/\\\/mobiladeluxonline.ro\\\/\"},{\"@type\":\"ListItem\",\"position\":2,\"name\":\"Produse\",\"item\":\"https:\\\/\\\/mobiladeluxonline.ro\\\/produse\\\/\"},{\"@type\":\"ListItem\",\"position\":3,\"name\":\"Saltea Magnasand 160&#215;200\"}]},{\"@type\":\"WebSite\",\"@id\":\"https:\\\/\\\/mobiladeluxonline.ro\\\/#website\",\"url\":\"https:\\\/\\\/mobiladeluxonline.ro\\\/\",\"name\":\"MobilaDeLuxOnline.ro\",\"description\":\"\",\"potentialAction\":[{\"@type\":\"SearchAction\",\"target\":{\"@type\":\"EntryPoint\",\"urlTemplate\":\"https:\\\/\\\/mobiladeluxonline.ro\\\/?s={search_term_string}\"},\"query-input\":{\"@type\":\"PropertyValueSpecification\",\"valueRequired\":true,\"valueName\":\"search_term_string\"}}],\"inLanguage\":\"en-US\"}]}<\/script>\n<!-- \/ Yoast SEO plugin. -->","yoast_head_json":{"title":"Saltea Magnasand 160x200 - www.mobiladeluxonline.ro mobila","description":"Saltea Magnasand 160x200. Saltele ortopedice diferite dimensiuni si modele.","robots":{"index":"index","follow":"follow","max-snippet":"max-snippet:-1","max-image-preview":"max-image-preview:large","max-video-preview":"max-video-preview:-1"},"canonical":"https:\/\/mobiladeluxonline.ro\/en\/p\/saltea-magnasand-160x200\/","og_locale":"en_US","og_type":"article","og_title":"Saltea Magnasand 160x200 - www.mobiladeluxonline.ro mobila","og_description":"Saltea Magnasand 160x200. Saltele ortopedice diferite dimensiuni si modele.","og_url":"https:\/\/mobiladeluxonline.ro\/en\/p\/saltea-magnasand-160x200\/","og_site_name":"MobilaDeLuxOnline.ro","article_modified_time":"2025-05-31T07:08:58+00:00","og_image":[{"width":493,"height":643,"url":"https:\/\/mobiladeluxonline.ro\/wp-content\/uploads\/2021\/05\/saltea-magnasand-1600.jpg","type":"image\/jpeg"}],"twitter_card":"summary_large_image","twitter_misc":{"Est. reading time":"2 minutes"},"schema":{"@context":"https:\/\/schema.org","@graph":[{"@type":"WebPage","@id":"https:\/\/mobiladeluxonline.ro\/p\/saltea-magnasand-160x200\/","url":"https:\/\/mobiladeluxonline.ro\/p\/saltea-magnasand-160x200\/","name":"Saltea Magnasand 160x200 - www.mobiladeluxonline.ro mobila","isPartOf":{"@id":"https:\/\/mobiladeluxonline.ro\/#website"},"primaryImageOfPage":{"@id":"https:\/\/mobiladeluxonline.ro\/p\/saltea-magnasand-160x200\/#primaryimage"},"image":{"@id":"https:\/\/mobiladeluxonline.ro\/p\/saltea-magnasand-160x200\/#primaryimage"},"thumbnailUrl":"https:\/\/mobiladeluxonline.ro\/wp-content\/uploads\/2021\/05\/saltea-magnasand-1600.jpg","datePublished":"2021-05-23T20:14:49+00:00","dateModified":"2025-05-31T07:08:58+00:00","description":"Saltea Magnasand 160x200. Saltele ortopedice diferite dimensiuni si modele.","breadcrumb":{"@id":"https:\/\/mobiladeluxonline.ro\/p\/saltea-magnasand-160x200\/#breadcrumb"},"inLanguage":"en-US","potentialAction":[{"@type":"ReadAction","target":["https:\/\/mobiladeluxonline.ro\/p\/saltea-magnasand-160x200\/"]}]},{"@type":"ImageObject","inLanguage":"en-US","@id":"https:\/\/mobiladeluxonline.ro\/p\/saltea-magnasand-160x200\/#primaryimage","url":"https:\/\/mobiladeluxonline.ro\/wp-content\/uploads\/2021\/05\/saltea-magnasand-1600.jpg","contentUrl":"https:\/\/mobiladeluxonline.ro\/wp-content\/uploads\/2021\/05\/saltea-magnasand-1600.jpg","width":493,"height":643,"caption":"saltea Magnasand 1,6 m"},{"@type":"BreadcrumbList","@id":"https:\/\/mobiladeluxonline.ro\/p\/saltea-magnasand-160x200\/#breadcrumb","itemListElement":[{"@type":"ListItem","position":1,"name":"Prima pagin\u0103","item":"https:\/\/mobiladeluxonline.ro\/"},{"@type":"ListItem","position":2,"name":"Produse","item":"https:\/\/mobiladeluxonline.ro\/produse\/"},{"@type":"ListItem","position":3,"name":"Saltea Magnasand 160&#215;200"}]},{"@type":"WebSite","@id":"https:\/\/mobiladeluxonline.ro\/#website","url":"https:\/\/mobiladeluxonline.ro\/","name":"MobilaDeLuxOnline.ro","description":"","potentialAction":[{"@type":"SearchAction","target":{"@type":"EntryPoint","urlTemplate":"https:\/\/mobiladeluxonline.ro\/?s={search_term_string}"},"query-input":{"@type":"PropertyValueSpecification","valueRequired":true,"valueName":"search_term_string"}}],"inLanguage":"en-US"}]}},"_links":{"self":[{"href":"https:\/\/mobiladeluxonline.ro\/en\/wp-json\/wp\/v2\/product\/4617","targetHints":{"allow":["GET"]}}],"collection":[{"href":"https:\/\/mobiladeluxonline.ro\/en\/wp-json\/wp\/v2\/product"}],"about":[{"href":"https:\/\/mobiladeluxonline.ro\/en\/wp-json\/wp\/v2\/types\/product"}],"replies":[{"embeddable":true,"href":"https:\/\/mobiladeluxonline.ro\/en\/wp-json\/wp\/v2\/comments?post=4617"}],"wp:featuredmedia":[{"embeddable":true,"href":"https:\/\/mobiladeluxonline.ro\/en\/wp-json\/wp\/v2\/media\/4666"}],"wp:attachment":[{"href":"https:\/\/mobiladeluxonline.ro\/en\/wp-json\/wp\/v2\/media?parent=4617"}],"wp:term":[{"taxonomy":"product_brand","embeddable":true,"href":"https:\/\/mobiladeluxonline.ro\/en\/wp-json\/wp\/v2\/product_brand?post=4617"},{"taxonomy":"product_cat","embeddable":true,"href":"https:\/\/mobiladeluxonline.ro\/en\/wp-json\/wp\/v2\/product_cat?post=4617"},{"taxonomy":"product_tag","embeddable":true,"href":"https:\/\/mobiladeluxonline.ro\/en\/wp-json\/wp\/v2\/product_tag?post=4617"}],"curies":[{"name":"wp","href":"https:\/\/api.w.org\/{rel}","templated":true}]}}