{"id":4750,"date":"2021-10-14T15:14:34","date_gmt":"2021-10-14T13:14:34","guid":{"rendered":"https:\/\/mobiladeluxonline.ro\/?post_type=product&#038;p=4750"},"modified":"2024-05-02T10:02:17","modified_gmt":"2024-05-02T08:02:17","slug":"canapea-new-chester-2-1m","status":"publish","type":"product","link":"https:\/\/mobiladeluxonline.ro\/en\/p\/canapea-new-chester-2-1m\/","title":{"rendered":"Canapea New Chester 2.1m"},"content":{"rendered":"<p>Canapea New Chester 2.1m- Transport gratuit.Pentru valori mai mari preturile sunt negociabile.<br \/>\nDimens. 2100 x 1100 x 740H<br \/>\nAcest produs poate fi comandat pe diferite stofe.<\/p>\n<p>Pretul este pentru varianta cu stofa clasic,Pentru o stofa din categoria ambiance (catifelata)ca cea din poza de prezentare ,pretul este 6155 lei,Transport gratuit.Pentru valori mai mari preturile sunt negociabile.<br \/>\nInterpretarea modern\u0103 a clasicului stil &#8222;Chester&#8221; se reg\u0103se\u0219te \u00een &#8222;New Chester&#8221;, o formul\u0103 adaptat\u0103 \u0219i g\u00e2ndit\u0103 pentru a r\u0103spunde nevoii de confort contemporane. Contrastul dintre volumul consistent al bra\u021belor \u0219i sp\u0103tarului \u0219i linia supl\u0103 a \u0219ezutului, accentuat\u0103 de picioarele metalice \u00eenalte, atrage \u00een mod deosebit, contur\u00e2nd mai bine spa\u021biul oferit de canapea. <\/p>\n<p>STRUCTURA PRODUSULUI<br \/>\nCanapeaua \u0219i Fotoliul \u2013 au structura din lemn masiv de fag, pl\u0103ci din a\u0219chii \u0219i fibre de lemn.<br \/>\n\u0218ezutul \u2013 din poliuretan HR (high resilience) de \u00eenalt\u0103 densitate a\u0219ezat pe o \u00eempletitur\u0103 de chingi elastice.<br \/>\nSp\u0103tarul \u2013 din poliuretan HR de \u00eenalt\u0103 densitate acoperit cu un strat de vatelin\u0103.<br \/>\nPicioarele \u2013 \u021beav\u0103 metalic\u0103.<\/p>\n<p>EXTENSIBILITATE<br \/>\nNU este un produs extensibil.<\/p>\n<p>DEHUSABILITATE<br \/>\nNU este un produs dehusabil.<br \/>\nMATERIALE DE ACOPERIRE \u2013 recomandarea produc\u0103torului este stofa.<br \/>\n.<\/p>","protected":false},"excerpt":{"rendered":"<p>Pretul este pentru varianta cu stofa clasic, la dimensiunea de 2.1m.Pentru o stofa din categoria ambiance (catifelata)ca cea din poza de prezentare ,pretul este 5990lei,Transport gratuit.Pentru valori mai mari preturile sunt negociabile.<\/p>","protected":false},"featured_media":4751,"comment_status":"open","ping_status":"closed","template":"","meta":[],"product_brand":[],"product_cat":[52,33,523],"product_tag":[],"class_list":{"0":"post-4750","1":"product","2":"type-product","3":"status-publish","4":"has-post-thumbnail","6":"product_cat-coltare-canapele-si-fotolii","7":"product_cat-mobila-moderna","8":"product_cat-canapele-fotolii-coltare-canapele-fotolii-coltare","10":"first","11":"instock","12":"shipping-taxable","13":"purchasable","14":"product-type-simple"},"yoast_head":"<!-- This site is optimized with the Yoast SEO plugin v27.4 - https:\/\/yoast.com\/product\/yoast-seo-wordpress\/ -->\n<title>Canapea New Chester 2.1m - Canapele si coltare clasice, canapele ext<\/title>\n<meta name=\"description\" content=\"Canapea New Chester 2.1m Canapele si coltare clasice, canapele si coltare clasice camera de zi, canapele de lux, canapele extensibile,\" \/>\n<meta name=\"robots\" content=\"index, follow, max-snippet:-1, max-image-preview:large, max-video-preview:-1\" \/>\n<link rel=\"canonical\" href=\"https:\/\/mobiladeluxonline.ro\/en\/p\/canapea-new-chester-2-1m\/\" \/>\n<meta property=\"og:locale\" content=\"en_US\" \/>\n<meta property=\"og:type\" content=\"article\" \/>\n<meta property=\"og:title\" content=\"Canapea New Chester 2.1m - Canapele si coltare clasice, canapele ext\" \/>\n<meta property=\"og:description\" content=\"Canapea New Chester 2.1m Canapele si coltare clasice, canapele si coltare clasice camera de zi, canapele de lux, canapele extensibile,\" \/>\n<meta property=\"og:url\" content=\"https:\/\/mobiladeluxonline.ro\/en\/p\/canapea-new-chester-2-1m\/\" \/>\n<meta property=\"og:site_name\" content=\"MobilaDeLuxOnline.ro\" \/>\n<meta property=\"article:modified_time\" content=\"2024-05-02T08:02:17+00:00\" \/>\n<meta property=\"og:image\" content=\"https:\/\/mobiladeluxonline.ro\/wp-content\/uploads\/2021\/10\/canapea-new-chester-galbena-cabral.jpg\" \/>\n\t<meta property=\"og:image:width\" content=\"1400\" \/>\n\t<meta property=\"og:image:height\" content=\"730\" \/>\n\t<meta property=\"og:image:type\" content=\"image\/jpeg\" \/>\n<meta name=\"twitter:card\" content=\"summary_large_image\" \/>\n<meta name=\"twitter:label1\" content=\"Est. reading time\" \/>\n\t<meta name=\"twitter:data1\" content=\"2 minutes\" \/>\n<script type=\"application\/ld+json\" class=\"yoast-schema-graph\">{\"@context\":\"https:\\\/\\\/schema.org\",\"@graph\":[{\"@type\":\"WebPage\",\"@id\":\"https:\\\/\\\/mobiladeluxonline.ro\\\/p\\\/canapea-new-chester-2-1m\\\/\",\"url\":\"https:\\\/\\\/mobiladeluxonline.ro\\\/p\\\/canapea-new-chester-2-1m\\\/\",\"name\":\"Canapea New Chester 2.1m - Canapele si coltare clasice, canapele ext\",\"isPartOf\":{\"@id\":\"https:\\\/\\\/mobiladeluxonline.ro\\\/#website\"},\"primaryImageOfPage\":{\"@id\":\"https:\\\/\\\/mobiladeluxonline.ro\\\/p\\\/canapea-new-chester-2-1m\\\/#primaryimage\"},\"image\":{\"@id\":\"https:\\\/\\\/mobiladeluxonline.ro\\\/p\\\/canapea-new-chester-2-1m\\\/#primaryimage\"},\"thumbnailUrl\":\"https:\\\/\\\/mobiladeluxonline.ro\\\/wp-content\\\/uploads\\\/2021\\\/10\\\/canapea-new-chester-galbena-cabral.jpg\",\"datePublished\":\"2021-10-14T13:14:34+00:00\",\"dateModified\":\"2024-05-02T08:02:17+00:00\",\"description\":\"Canapea New Chester 2.1m Canapele si coltare clasice, canapele si coltare clasice camera de zi, canapele de lux, canapele extensibile,\",\"breadcrumb\":{\"@id\":\"https:\\\/\\\/mobiladeluxonline.ro\\\/p\\\/canapea-new-chester-2-1m\\\/#breadcrumb\"},\"inLanguage\":\"en-US\",\"potentialAction\":[{\"@type\":\"ReadAction\",\"target\":[\"https:\\\/\\\/mobiladeluxonline.ro\\\/p\\\/canapea-new-chester-2-1m\\\/\"]}]},{\"@type\":\"ImageObject\",\"inLanguage\":\"en-US\",\"@id\":\"https:\\\/\\\/mobiladeluxonline.ro\\\/p\\\/canapea-new-chester-2-1m\\\/#primaryimage\",\"url\":\"https:\\\/\\\/mobiladeluxonline.ro\\\/wp-content\\\/uploads\\\/2021\\\/10\\\/canapea-new-chester-galbena-cabral.jpg\",\"contentUrl\":\"https:\\\/\\\/mobiladeluxonline.ro\\\/wp-content\\\/uploads\\\/2021\\\/10\\\/canapea-new-chester-galbena-cabral.jpg\",\"width\":1400,\"height\":730,\"caption\":\"Canapea New Chester la Pret Fabrica \u2705 Comanda Canapele Mobila Dalin si ai cele mai bune preturi plus Transport Gratuit Bucuresti si Ilfov \u2705 Livrare in tara\"},{\"@type\":\"BreadcrumbList\",\"@id\":\"https:\\\/\\\/mobiladeluxonline.ro\\\/p\\\/canapea-new-chester-2-1m\\\/#breadcrumb\",\"itemListElement\":[{\"@type\":\"ListItem\",\"position\":1,\"name\":\"Prima pagin\u0103\",\"item\":\"https:\\\/\\\/mobiladeluxonline.ro\\\/\"},{\"@type\":\"ListItem\",\"position\":2,\"name\":\"Produse\",\"item\":\"https:\\\/\\\/mobiladeluxonline.ro\\\/produse\\\/\"},{\"@type\":\"ListItem\",\"position\":3,\"name\":\"Canapea New Chester 2.1m\"}]},{\"@type\":\"WebSite\",\"@id\":\"https:\\\/\\\/mobiladeluxonline.ro\\\/#website\",\"url\":\"https:\\\/\\\/mobiladeluxonline.ro\\\/\",\"name\":\"MobilaDeLuxOnline.ro\",\"description\":\"\",\"potentialAction\":[{\"@type\":\"SearchAction\",\"target\":{\"@type\":\"EntryPoint\",\"urlTemplate\":\"https:\\\/\\\/mobiladeluxonline.ro\\\/?s={search_term_string}\"},\"query-input\":{\"@type\":\"PropertyValueSpecification\",\"valueRequired\":true,\"valueName\":\"search_term_string\"}}],\"inLanguage\":\"en-US\"}]}<\/script>\n<!-- \/ Yoast SEO plugin. -->","yoast_head_json":{"title":"Canapea New Chester 2.1m - Canapele si coltare clasice, canapele ext","description":"Canapea New Chester 2.1m Canapele si coltare clasice, canapele si coltare clasice camera de zi, canapele de lux, canapele extensibile,","robots":{"index":"index","follow":"follow","max-snippet":"max-snippet:-1","max-image-preview":"max-image-preview:large","max-video-preview":"max-video-preview:-1"},"canonical":"https:\/\/mobiladeluxonline.ro\/en\/p\/canapea-new-chester-2-1m\/","og_locale":"en_US","og_type":"article","og_title":"Canapea New Chester 2.1m - Canapele si coltare clasice, canapele ext","og_description":"Canapea New Chester 2.1m Canapele si coltare clasice, canapele si coltare clasice camera de zi, canapele de lux, canapele extensibile,","og_url":"https:\/\/mobiladeluxonline.ro\/en\/p\/canapea-new-chester-2-1m\/","og_site_name":"MobilaDeLuxOnline.ro","article_modified_time":"2024-05-02T08:02:17+00:00","og_image":[{"width":1400,"height":730,"url":"https:\/\/mobiladeluxonline.ro\/wp-content\/uploads\/2021\/10\/canapea-new-chester-galbena-cabral.jpg","type":"image\/jpeg"}],"twitter_card":"summary_large_image","twitter_misc":{"Est. reading time":"2 minutes"},"schema":{"@context":"https:\/\/schema.org","@graph":[{"@type":"WebPage","@id":"https:\/\/mobiladeluxonline.ro\/p\/canapea-new-chester-2-1m\/","url":"https:\/\/mobiladeluxonline.ro\/p\/canapea-new-chester-2-1m\/","name":"Canapea New Chester 2.1m - Canapele si coltare clasice, canapele ext","isPartOf":{"@id":"https:\/\/mobiladeluxonline.ro\/#website"},"primaryImageOfPage":{"@id":"https:\/\/mobiladeluxonline.ro\/p\/canapea-new-chester-2-1m\/#primaryimage"},"image":{"@id":"https:\/\/mobiladeluxonline.ro\/p\/canapea-new-chester-2-1m\/#primaryimage"},"thumbnailUrl":"https:\/\/mobiladeluxonline.ro\/wp-content\/uploads\/2021\/10\/canapea-new-chester-galbena-cabral.jpg","datePublished":"2021-10-14T13:14:34+00:00","dateModified":"2024-05-02T08:02:17+00:00","description":"Canapea New Chester 2.1m Canapele si coltare clasice, canapele si coltare clasice camera de zi, canapele de lux, canapele extensibile,","breadcrumb":{"@id":"https:\/\/mobiladeluxonline.ro\/p\/canapea-new-chester-2-1m\/#breadcrumb"},"inLanguage":"en-US","potentialAction":[{"@type":"ReadAction","target":["https:\/\/mobiladeluxonline.ro\/p\/canapea-new-chester-2-1m\/"]}]},{"@type":"ImageObject","inLanguage":"en-US","@id":"https:\/\/mobiladeluxonline.ro\/p\/canapea-new-chester-2-1m\/#primaryimage","url":"https:\/\/mobiladeluxonline.ro\/wp-content\/uploads\/2021\/10\/canapea-new-chester-galbena-cabral.jpg","contentUrl":"https:\/\/mobiladeluxonline.ro\/wp-content\/uploads\/2021\/10\/canapea-new-chester-galbena-cabral.jpg","width":1400,"height":730,"caption":"Canapea New Chester la Pret Fabrica \u2705 Comanda Canapele Mobila Dalin si ai cele mai bune preturi plus Transport Gratuit Bucuresti si Ilfov \u2705 Livrare in tara"},{"@type":"BreadcrumbList","@id":"https:\/\/mobiladeluxonline.ro\/p\/canapea-new-chester-2-1m\/#breadcrumb","itemListElement":[{"@type":"ListItem","position":1,"name":"Prima pagin\u0103","item":"https:\/\/mobiladeluxonline.ro\/"},{"@type":"ListItem","position":2,"name":"Produse","item":"https:\/\/mobiladeluxonline.ro\/produse\/"},{"@type":"ListItem","position":3,"name":"Canapea New Chester 2.1m"}]},{"@type":"WebSite","@id":"https:\/\/mobiladeluxonline.ro\/#website","url":"https:\/\/mobiladeluxonline.ro\/","name":"MobilaDeLuxOnline.ro","description":"","potentialAction":[{"@type":"SearchAction","target":{"@type":"EntryPoint","urlTemplate":"https:\/\/mobiladeluxonline.ro\/?s={search_term_string}"},"query-input":{"@type":"PropertyValueSpecification","valueRequired":true,"valueName":"search_term_string"}}],"inLanguage":"en-US"}]}},"_links":{"self":[{"href":"https:\/\/mobiladeluxonline.ro\/en\/wp-json\/wp\/v2\/product\/4750","targetHints":{"allow":["GET"]}}],"collection":[{"href":"https:\/\/mobiladeluxonline.ro\/en\/wp-json\/wp\/v2\/product"}],"about":[{"href":"https:\/\/mobiladeluxonline.ro\/en\/wp-json\/wp\/v2\/types\/product"}],"replies":[{"embeddable":true,"href":"https:\/\/mobiladeluxonline.ro\/en\/wp-json\/wp\/v2\/comments?post=4750"}],"wp:featuredmedia":[{"embeddable":true,"href":"https:\/\/mobiladeluxonline.ro\/en\/wp-json\/wp\/v2\/media\/4751"}],"wp:attachment":[{"href":"https:\/\/mobiladeluxonline.ro\/en\/wp-json\/wp\/v2\/media?parent=4750"}],"wp:term":[{"taxonomy":"product_brand","embeddable":true,"href":"https:\/\/mobiladeluxonline.ro\/en\/wp-json\/wp\/v2\/product_brand?post=4750"},{"taxonomy":"product_cat","embeddable":true,"href":"https:\/\/mobiladeluxonline.ro\/en\/wp-json\/wp\/v2\/product_cat?post=4750"},{"taxonomy":"product_tag","embeddable":true,"href":"https:\/\/mobiladeluxonline.ro\/en\/wp-json\/wp\/v2\/product_tag?post=4750"}],"curies":[{"name":"wp","href":"https:\/\/api.w.org\/{rel}","templated":true}]}}