{"id":5495,"date":"2022-05-03T15:38:59","date_gmt":"2022-05-03T13:38:59","guid":{"rendered":"https:\/\/mobiladeluxonline.ro\/?post_type=product&#038;p=5495"},"modified":"2025-11-01T12:15:09","modified_gmt":"2025-11-01T10:15:09","slug":"orlando-taburet","status":"publish","type":"product","link":"https:\/\/mobiladeluxonline.ro\/en\/p\/orlando-taburet\/","title":{"rendered":"Orlando Taburet"},"content":{"rendered":"<p>Orlando Taburet &#8211; un plus de eleganta in orice casa<br \/>\nTaburetul Ferra este o alegere inspirat\u0103 pentru un living modern. Simplitatea este o caracteristic\u0103 care se remarc\u0103 la acest taburet. Confort \u0219i design pl\u0103cut cu doar un produs care s\u0103 ambienteze, dar \u0219i s\u0103 contribuie func\u021bional la amenajarea livingului vostru. Taburetul are forme armonioase tapi\u021bate \u00een stof\u0103 si se completeaz\u0103 perfect al\u0103turi de coltarul din aceea\u0219i gam\u0103. Dimensiuni: W; 90 CM*D; 70 CM* H.45 cm.<br \/>\n*Preturile afisate includ TVA si nu includ transport si montaj<\/p>","protected":false},"excerpt":{"rendered":"<p>Orlando Taburet .Mobilier Import Turcia.Canapele fixe si extensibile,coltare,fotolii,paturi tapitate cu lada<\/p>","protected":false},"featured_media":7860,"comment_status":"open","ping_status":"closed","template":"","meta":[],"product_brand":[],"product_cat":[530,529],"product_tag":[],"class_list":{"0":"post-5495","1":"product","2":"type-product","3":"status-publish","4":"has-post-thumbnail","6":"product_cat-canapele-si-fotolii","7":"product_cat-orlando-coltar-si-canapea","9":"first","10":"instock","11":"shipping-taxable","12":"purchasable","13":"product-type-simple"},"yoast_head":"<!-- This site is optimized with the Yoast SEO plugin v27.4 - https:\/\/yoast.com\/product\/yoast-seo-wordpress\/ -->\n<title>Orlando Taburet - MobilaDeLuxOnline.ro<\/title>\n<meta name=\"description\" content=\"Orlando Taburet .Mobilier Import Turcia.Canapele fixe si extensibile,coltare,fotolii,paturi tapitate cu lada\" \/>\n<meta name=\"robots\" content=\"index, follow, max-snippet:-1, max-image-preview:large, max-video-preview:-1\" \/>\n<link rel=\"canonical\" href=\"https:\/\/mobiladeluxonline.ro\/en\/p\/orlando-taburet\/\" \/>\n<meta property=\"og:locale\" content=\"en_US\" \/>\n<meta property=\"og:type\" content=\"article\" \/>\n<meta property=\"og:title\" content=\"Orlando Taburet - MobilaDeLuxOnline.ro\" \/>\n<meta property=\"og:description\" content=\"Orlando Taburet .Mobilier Import Turcia.Canapele fixe si extensibile,coltare,fotolii,paturi tapitate cu lada\" \/>\n<meta property=\"og:url\" content=\"https:\/\/mobiladeluxonline.ro\/en\/p\/orlando-taburet\/\" \/>\n<meta property=\"og:site_name\" content=\"MobilaDeLuxOnline.ro\" \/>\n<meta property=\"article:modified_time\" content=\"2025-11-01T10:15:09+00:00\" \/>\n<meta property=\"og:image\" content=\"https:\/\/mobiladeluxonline.ro\/wp-content\/uploads\/2022\/05\/orlando-tab.jpg\" \/>\n\t<meta property=\"og:image:width\" content=\"610\" \/>\n\t<meta property=\"og:image:height\" content=\"311\" \/>\n\t<meta property=\"og:image:type\" content=\"image\/jpeg\" \/>\n<meta name=\"twitter:card\" content=\"summary_large_image\" \/>\n<meta name=\"twitter:label1\" content=\"Est. reading time\" \/>\n\t<meta name=\"twitter:data1\" content=\"1 minute\" \/>\n<script type=\"application\/ld+json\" class=\"yoast-schema-graph\">{\"@context\":\"https:\\\/\\\/schema.org\",\"@graph\":[{\"@type\":\"WebPage\",\"@id\":\"https:\\\/\\\/mobiladeluxonline.ro\\\/p\\\/orlando-taburet\\\/\",\"url\":\"https:\\\/\\\/mobiladeluxonline.ro\\\/p\\\/orlando-taburet\\\/\",\"name\":\"Orlando Taburet - MobilaDeLuxOnline.ro\",\"isPartOf\":{\"@id\":\"https:\\\/\\\/mobiladeluxonline.ro\\\/#website\"},\"primaryImageOfPage\":{\"@id\":\"https:\\\/\\\/mobiladeluxonline.ro\\\/p\\\/orlando-taburet\\\/#primaryimage\"},\"image\":{\"@id\":\"https:\\\/\\\/mobiladeluxonline.ro\\\/p\\\/orlando-taburet\\\/#primaryimage\"},\"thumbnailUrl\":\"https:\\\/\\\/mobiladeluxonline.ro\\\/wp-content\\\/uploads\\\/2022\\\/05\\\/orlando-tab.jpg\",\"datePublished\":\"2022-05-03T13:38:59+00:00\",\"dateModified\":\"2025-11-01T10:15:09+00:00\",\"description\":\"Orlando Taburet .Mobilier Import Turcia.Canapele fixe si extensibile,coltare,fotolii,paturi tapitate cu lada\",\"breadcrumb\":{\"@id\":\"https:\\\/\\\/mobiladeluxonline.ro\\\/p\\\/orlando-taburet\\\/#breadcrumb\"},\"inLanguage\":\"en-US\",\"potentialAction\":[{\"@type\":\"ReadAction\",\"target\":[\"https:\\\/\\\/mobiladeluxonline.ro\\\/p\\\/orlando-taburet\\\/\"]}]},{\"@type\":\"ImageObject\",\"inLanguage\":\"en-US\",\"@id\":\"https:\\\/\\\/mobiladeluxonline.ro\\\/p\\\/orlando-taburet\\\/#primaryimage\",\"url\":\"https:\\\/\\\/mobiladeluxonline.ro\\\/wp-content\\\/uploads\\\/2022\\\/05\\\/orlando-tab.jpg\",\"contentUrl\":\"https:\\\/\\\/mobiladeluxonline.ro\\\/wp-content\\\/uploads\\\/2022\\\/05\\\/orlando-tab.jpg\",\"width\":610,\"height\":311},{\"@type\":\"BreadcrumbList\",\"@id\":\"https:\\\/\\\/mobiladeluxonline.ro\\\/p\\\/orlando-taburet\\\/#breadcrumb\",\"itemListElement\":[{\"@type\":\"ListItem\",\"position\":1,\"name\":\"Prima pagin\u0103\",\"item\":\"https:\\\/\\\/mobiladeluxonline.ro\\\/\"},{\"@type\":\"ListItem\",\"position\":2,\"name\":\"Produse\",\"item\":\"https:\\\/\\\/mobiladeluxonline.ro\\\/produse\\\/\"},{\"@type\":\"ListItem\",\"position\":3,\"name\":\"Orlando Taburet\"}]},{\"@type\":\"WebSite\",\"@id\":\"https:\\\/\\\/mobiladeluxonline.ro\\\/#website\",\"url\":\"https:\\\/\\\/mobiladeluxonline.ro\\\/\",\"name\":\"MobilaDeLuxOnline.ro\",\"description\":\"\",\"potentialAction\":[{\"@type\":\"SearchAction\",\"target\":{\"@type\":\"EntryPoint\",\"urlTemplate\":\"https:\\\/\\\/mobiladeluxonline.ro\\\/?s={search_term_string}\"},\"query-input\":{\"@type\":\"PropertyValueSpecification\",\"valueRequired\":true,\"valueName\":\"search_term_string\"}}],\"inLanguage\":\"en-US\"}]}<\/script>\n<!-- \/ Yoast SEO plugin. -->","yoast_head_json":{"title":"Orlando Taburet - MobilaDeLuxOnline.ro","description":"Orlando Taburet .Mobilier Import Turcia.Canapele fixe si extensibile,coltare,fotolii,paturi tapitate cu lada","robots":{"index":"index","follow":"follow","max-snippet":"max-snippet:-1","max-image-preview":"max-image-preview:large","max-video-preview":"max-video-preview:-1"},"canonical":"https:\/\/mobiladeluxonline.ro\/en\/p\/orlando-taburet\/","og_locale":"en_US","og_type":"article","og_title":"Orlando Taburet - MobilaDeLuxOnline.ro","og_description":"Orlando Taburet .Mobilier Import Turcia.Canapele fixe si extensibile,coltare,fotolii,paturi tapitate cu lada","og_url":"https:\/\/mobiladeluxonline.ro\/en\/p\/orlando-taburet\/","og_site_name":"MobilaDeLuxOnline.ro","article_modified_time":"2025-11-01T10:15:09+00:00","og_image":[{"width":610,"height":311,"url":"https:\/\/mobiladeluxonline.ro\/wp-content\/uploads\/2022\/05\/orlando-tab.jpg","type":"image\/jpeg"}],"twitter_card":"summary_large_image","twitter_misc":{"Est. reading time":"1 minute"},"schema":{"@context":"https:\/\/schema.org","@graph":[{"@type":"WebPage","@id":"https:\/\/mobiladeluxonline.ro\/p\/orlando-taburet\/","url":"https:\/\/mobiladeluxonline.ro\/p\/orlando-taburet\/","name":"Orlando Taburet - MobilaDeLuxOnline.ro","isPartOf":{"@id":"https:\/\/mobiladeluxonline.ro\/#website"},"primaryImageOfPage":{"@id":"https:\/\/mobiladeluxonline.ro\/p\/orlando-taburet\/#primaryimage"},"image":{"@id":"https:\/\/mobiladeluxonline.ro\/p\/orlando-taburet\/#primaryimage"},"thumbnailUrl":"https:\/\/mobiladeluxonline.ro\/wp-content\/uploads\/2022\/05\/orlando-tab.jpg","datePublished":"2022-05-03T13:38:59+00:00","dateModified":"2025-11-01T10:15:09+00:00","description":"Orlando Taburet .Mobilier Import Turcia.Canapele fixe si extensibile,coltare,fotolii,paturi tapitate cu lada","breadcrumb":{"@id":"https:\/\/mobiladeluxonline.ro\/p\/orlando-taburet\/#breadcrumb"},"inLanguage":"en-US","potentialAction":[{"@type":"ReadAction","target":["https:\/\/mobiladeluxonline.ro\/p\/orlando-taburet\/"]}]},{"@type":"ImageObject","inLanguage":"en-US","@id":"https:\/\/mobiladeluxonline.ro\/p\/orlando-taburet\/#primaryimage","url":"https:\/\/mobiladeluxonline.ro\/wp-content\/uploads\/2022\/05\/orlando-tab.jpg","contentUrl":"https:\/\/mobiladeluxonline.ro\/wp-content\/uploads\/2022\/05\/orlando-tab.jpg","width":610,"height":311},{"@type":"BreadcrumbList","@id":"https:\/\/mobiladeluxonline.ro\/p\/orlando-taburet\/#breadcrumb","itemListElement":[{"@type":"ListItem","position":1,"name":"Prima pagin\u0103","item":"https:\/\/mobiladeluxonline.ro\/"},{"@type":"ListItem","position":2,"name":"Produse","item":"https:\/\/mobiladeluxonline.ro\/produse\/"},{"@type":"ListItem","position":3,"name":"Orlando Taburet"}]},{"@type":"WebSite","@id":"https:\/\/mobiladeluxonline.ro\/#website","url":"https:\/\/mobiladeluxonline.ro\/","name":"MobilaDeLuxOnline.ro","description":"","potentialAction":[{"@type":"SearchAction","target":{"@type":"EntryPoint","urlTemplate":"https:\/\/mobiladeluxonline.ro\/?s={search_term_string}"},"query-input":{"@type":"PropertyValueSpecification","valueRequired":true,"valueName":"search_term_string"}}],"inLanguage":"en-US"}]}},"_links":{"self":[{"href":"https:\/\/mobiladeluxonline.ro\/en\/wp-json\/wp\/v2\/product\/5495","targetHints":{"allow":["GET"]}}],"collection":[{"href":"https:\/\/mobiladeluxonline.ro\/en\/wp-json\/wp\/v2\/product"}],"about":[{"href":"https:\/\/mobiladeluxonline.ro\/en\/wp-json\/wp\/v2\/types\/product"}],"replies":[{"embeddable":true,"href":"https:\/\/mobiladeluxonline.ro\/en\/wp-json\/wp\/v2\/comments?post=5495"}],"wp:featuredmedia":[{"embeddable":true,"href":"https:\/\/mobiladeluxonline.ro\/en\/wp-json\/wp\/v2\/media\/7860"}],"wp:attachment":[{"href":"https:\/\/mobiladeluxonline.ro\/en\/wp-json\/wp\/v2\/media?parent=5495"}],"wp:term":[{"taxonomy":"product_brand","embeddable":true,"href":"https:\/\/mobiladeluxonline.ro\/en\/wp-json\/wp\/v2\/product_brand?post=5495"},{"taxonomy":"product_cat","embeddable":true,"href":"https:\/\/mobiladeluxonline.ro\/en\/wp-json\/wp\/v2\/product_cat?post=5495"},{"taxonomy":"product_tag","embeddable":true,"href":"https:\/\/mobiladeluxonline.ro\/en\/wp-json\/wp\/v2\/product_tag?post=5495"}],"curies":[{"name":"wp","href":"https:\/\/api.w.org\/{rel}","templated":true}]}}