{"id":5496,"date":"2022-05-03T15:58:00","date_gmt":"2022-05-03T13:58:00","guid":{"rendered":"https:\/\/mobiladeluxonline.ro\/?post_type=product&#038;p=5496"},"modified":"2025-11-01T12:13:01","modified_gmt":"2025-11-01T10:13:01","slug":"elitra-taburet","status":"publish","type":"product","link":"https:\/\/mobiladeluxonline.ro\/en\/p\/elitra-taburet\/","title":{"rendered":"Elitra Taburet"},"content":{"rendered":"<p>Elitra Taburet &#8211; un plus de eleganta in orice casa<br \/>\nTaburetul Ferra este o alegere inspirat\u0103 pentru un living modern. Simplitatea este o caracteristic\u0103 care se remarc\u0103 la acest taburet. Confort \u0219i design pl\u0103cut cu doar un produs care s\u0103 ambienteze, dar \u0219i s\u0103 contribuie func\u021bional la amenajarea livingului vostru. Taburetul are forme armonioase tapi\u021bate \u00een stof\u0103 si se completeaz\u0103 perfect al\u0103turi de coltarul din aceea\u0219i gam\u0103. Dimensiuni: W; 90 CM*D; 70 CM* H.45 cm.<br \/>\n*Preturile afisate includ TVA si nu includ transport si montaj<\/p>","protected":false},"excerpt":{"rendered":"<p>Elitra Taburet .Mobilier Import Turcia.Canapele fixe si extensibile,coltare,fotolii,paturi tapitate cu lada<\/p>","protected":false},"featured_media":7859,"comment_status":"open","ping_status":"closed","template":"","meta":[],"product_brand":[],"product_cat":[525],"product_tag":[],"class_list":{"0":"post-5496","1":"product","2":"type-product","3":"status-publish","4":"has-post-thumbnail","6":"product_cat-canapele-si-coltare-canapele-si-coltare","8":"first","9":"instock","10":"shipping-taxable","11":"purchasable","12":"product-type-simple"},"yoast_head":"<!-- This site is optimized with the Yoast SEO plugin v27.4 - https:\/\/yoast.com\/product\/yoast-seo-wordpress\/ -->\n<title>Elitra Taburet - MobilaDeLuxOnline.ro<\/title>\n<meta name=\"description\" content=\"Elitra Taburet .Mobilier Import Turcia.Canapele fixe si extensibile,coltare,fotolii,paturi tapitate cu lada\" \/>\n<meta name=\"robots\" content=\"index, follow, max-snippet:-1, max-image-preview:large, max-video-preview:-1\" \/>\n<link rel=\"canonical\" href=\"https:\/\/mobiladeluxonline.ro\/en\/p\/elitra-taburet\/\" \/>\n<meta property=\"og:locale\" content=\"en_US\" \/>\n<meta property=\"og:type\" content=\"article\" \/>\n<meta property=\"og:title\" content=\"Elitra Taburet - MobilaDeLuxOnline.ro\" \/>\n<meta property=\"og:description\" content=\"Elitra Taburet .Mobilier Import Turcia.Canapele fixe si extensibile,coltare,fotolii,paturi tapitate cu lada\" \/>\n<meta property=\"og:url\" content=\"https:\/\/mobiladeluxonline.ro\/en\/p\/elitra-taburet\/\" \/>\n<meta property=\"og:site_name\" content=\"MobilaDeLuxOnline.ro\" \/>\n<meta property=\"article:modified_time\" content=\"2025-11-01T10:13:01+00:00\" \/>\n<meta property=\"og:image\" content=\"https:\/\/mobiladeluxonline.ro\/wp-content\/uploads\/2022\/05\/elitra-tab.jpg\" \/>\n\t<meta property=\"og:image:width\" content=\"602\" \/>\n\t<meta property=\"og:image:height\" content=\"279\" \/>\n\t<meta property=\"og:image:type\" content=\"image\/jpeg\" \/>\n<meta name=\"twitter:card\" content=\"summary_large_image\" \/>\n<meta name=\"twitter:label1\" content=\"Est. reading time\" \/>\n\t<meta name=\"twitter:data1\" content=\"1 minute\" \/>\n<script type=\"application\/ld+json\" class=\"yoast-schema-graph\">{\"@context\":\"https:\\\/\\\/schema.org\",\"@graph\":[{\"@type\":\"WebPage\",\"@id\":\"https:\\\/\\\/mobiladeluxonline.ro\\\/p\\\/elitra-taburet\\\/\",\"url\":\"https:\\\/\\\/mobiladeluxonline.ro\\\/p\\\/elitra-taburet\\\/\",\"name\":\"Elitra Taburet - MobilaDeLuxOnline.ro\",\"isPartOf\":{\"@id\":\"https:\\\/\\\/mobiladeluxonline.ro\\\/#website\"},\"primaryImageOfPage\":{\"@id\":\"https:\\\/\\\/mobiladeluxonline.ro\\\/p\\\/elitra-taburet\\\/#primaryimage\"},\"image\":{\"@id\":\"https:\\\/\\\/mobiladeluxonline.ro\\\/p\\\/elitra-taburet\\\/#primaryimage\"},\"thumbnailUrl\":\"https:\\\/\\\/mobiladeluxonline.ro\\\/wp-content\\\/uploads\\\/2022\\\/05\\\/elitra-tab.jpg\",\"datePublished\":\"2022-05-03T13:58:00+00:00\",\"dateModified\":\"2025-11-01T10:13:01+00:00\",\"description\":\"Elitra Taburet .Mobilier Import Turcia.Canapele fixe si extensibile,coltare,fotolii,paturi tapitate cu lada\",\"breadcrumb\":{\"@id\":\"https:\\\/\\\/mobiladeluxonline.ro\\\/p\\\/elitra-taburet\\\/#breadcrumb\"},\"inLanguage\":\"en-US\",\"potentialAction\":[{\"@type\":\"ReadAction\",\"target\":[\"https:\\\/\\\/mobiladeluxonline.ro\\\/p\\\/elitra-taburet\\\/\"]}]},{\"@type\":\"ImageObject\",\"inLanguage\":\"en-US\",\"@id\":\"https:\\\/\\\/mobiladeluxonline.ro\\\/p\\\/elitra-taburet\\\/#primaryimage\",\"url\":\"https:\\\/\\\/mobiladeluxonline.ro\\\/wp-content\\\/uploads\\\/2022\\\/05\\\/elitra-tab.jpg\",\"contentUrl\":\"https:\\\/\\\/mobiladeluxonline.ro\\\/wp-content\\\/uploads\\\/2022\\\/05\\\/elitra-tab.jpg\",\"width\":602,\"height\":279},{\"@type\":\"BreadcrumbList\",\"@id\":\"https:\\\/\\\/mobiladeluxonline.ro\\\/p\\\/elitra-taburet\\\/#breadcrumb\",\"itemListElement\":[{\"@type\":\"ListItem\",\"position\":1,\"name\":\"Prima pagin\u0103\",\"item\":\"https:\\\/\\\/mobiladeluxonline.ro\\\/\"},{\"@type\":\"ListItem\",\"position\":2,\"name\":\"Produse\",\"item\":\"https:\\\/\\\/mobiladeluxonline.ro\\\/produse\\\/\"},{\"@type\":\"ListItem\",\"position\":3,\"name\":\"Elitra Taburet\"}]},{\"@type\":\"WebSite\",\"@id\":\"https:\\\/\\\/mobiladeluxonline.ro\\\/#website\",\"url\":\"https:\\\/\\\/mobiladeluxonline.ro\\\/\",\"name\":\"MobilaDeLuxOnline.ro\",\"description\":\"\",\"potentialAction\":[{\"@type\":\"SearchAction\",\"target\":{\"@type\":\"EntryPoint\",\"urlTemplate\":\"https:\\\/\\\/mobiladeluxonline.ro\\\/?s={search_term_string}\"},\"query-input\":{\"@type\":\"PropertyValueSpecification\",\"valueRequired\":true,\"valueName\":\"search_term_string\"}}],\"inLanguage\":\"en-US\"}]}<\/script>\n<!-- \/ Yoast SEO plugin. -->","yoast_head_json":{"title":"Elitra Taburet - MobilaDeLuxOnline.ro","description":"Elitra Taburet .Mobilier Import Turcia.Canapele fixe si extensibile,coltare,fotolii,paturi tapitate cu lada","robots":{"index":"index","follow":"follow","max-snippet":"max-snippet:-1","max-image-preview":"max-image-preview:large","max-video-preview":"max-video-preview:-1"},"canonical":"https:\/\/mobiladeluxonline.ro\/en\/p\/elitra-taburet\/","og_locale":"en_US","og_type":"article","og_title":"Elitra Taburet - MobilaDeLuxOnline.ro","og_description":"Elitra Taburet .Mobilier Import Turcia.Canapele fixe si extensibile,coltare,fotolii,paturi tapitate cu lada","og_url":"https:\/\/mobiladeluxonline.ro\/en\/p\/elitra-taburet\/","og_site_name":"MobilaDeLuxOnline.ro","article_modified_time":"2025-11-01T10:13:01+00:00","og_image":[{"width":602,"height":279,"url":"https:\/\/mobiladeluxonline.ro\/wp-content\/uploads\/2022\/05\/elitra-tab.jpg","type":"image\/jpeg"}],"twitter_card":"summary_large_image","twitter_misc":{"Est. reading time":"1 minute"},"schema":{"@context":"https:\/\/schema.org","@graph":[{"@type":"WebPage","@id":"https:\/\/mobiladeluxonline.ro\/p\/elitra-taburet\/","url":"https:\/\/mobiladeluxonline.ro\/p\/elitra-taburet\/","name":"Elitra Taburet - MobilaDeLuxOnline.ro","isPartOf":{"@id":"https:\/\/mobiladeluxonline.ro\/#website"},"primaryImageOfPage":{"@id":"https:\/\/mobiladeluxonline.ro\/p\/elitra-taburet\/#primaryimage"},"image":{"@id":"https:\/\/mobiladeluxonline.ro\/p\/elitra-taburet\/#primaryimage"},"thumbnailUrl":"https:\/\/mobiladeluxonline.ro\/wp-content\/uploads\/2022\/05\/elitra-tab.jpg","datePublished":"2022-05-03T13:58:00+00:00","dateModified":"2025-11-01T10:13:01+00:00","description":"Elitra Taburet .Mobilier Import Turcia.Canapele fixe si extensibile,coltare,fotolii,paturi tapitate cu lada","breadcrumb":{"@id":"https:\/\/mobiladeluxonline.ro\/p\/elitra-taburet\/#breadcrumb"},"inLanguage":"en-US","potentialAction":[{"@type":"ReadAction","target":["https:\/\/mobiladeluxonline.ro\/p\/elitra-taburet\/"]}]},{"@type":"ImageObject","inLanguage":"en-US","@id":"https:\/\/mobiladeluxonline.ro\/p\/elitra-taburet\/#primaryimage","url":"https:\/\/mobiladeluxonline.ro\/wp-content\/uploads\/2022\/05\/elitra-tab.jpg","contentUrl":"https:\/\/mobiladeluxonline.ro\/wp-content\/uploads\/2022\/05\/elitra-tab.jpg","width":602,"height":279},{"@type":"BreadcrumbList","@id":"https:\/\/mobiladeluxonline.ro\/p\/elitra-taburet\/#breadcrumb","itemListElement":[{"@type":"ListItem","position":1,"name":"Prima pagin\u0103","item":"https:\/\/mobiladeluxonline.ro\/"},{"@type":"ListItem","position":2,"name":"Produse","item":"https:\/\/mobiladeluxonline.ro\/produse\/"},{"@type":"ListItem","position":3,"name":"Elitra Taburet"}]},{"@type":"WebSite","@id":"https:\/\/mobiladeluxonline.ro\/#website","url":"https:\/\/mobiladeluxonline.ro\/","name":"MobilaDeLuxOnline.ro","description":"","potentialAction":[{"@type":"SearchAction","target":{"@type":"EntryPoint","urlTemplate":"https:\/\/mobiladeluxonline.ro\/?s={search_term_string}"},"query-input":{"@type":"PropertyValueSpecification","valueRequired":true,"valueName":"search_term_string"}}],"inLanguage":"en-US"}]}},"_links":{"self":[{"href":"https:\/\/mobiladeluxonline.ro\/en\/wp-json\/wp\/v2\/product\/5496","targetHints":{"allow":["GET"]}}],"collection":[{"href":"https:\/\/mobiladeluxonline.ro\/en\/wp-json\/wp\/v2\/product"}],"about":[{"href":"https:\/\/mobiladeluxonline.ro\/en\/wp-json\/wp\/v2\/types\/product"}],"replies":[{"embeddable":true,"href":"https:\/\/mobiladeluxonline.ro\/en\/wp-json\/wp\/v2\/comments?post=5496"}],"wp:featuredmedia":[{"embeddable":true,"href":"https:\/\/mobiladeluxonline.ro\/en\/wp-json\/wp\/v2\/media\/7859"}],"wp:attachment":[{"href":"https:\/\/mobiladeluxonline.ro\/en\/wp-json\/wp\/v2\/media?parent=5496"}],"wp:term":[{"taxonomy":"product_brand","embeddable":true,"href":"https:\/\/mobiladeluxonline.ro\/en\/wp-json\/wp\/v2\/product_brand?post=5496"},{"taxonomy":"product_cat","embeddable":true,"href":"https:\/\/mobiladeluxonline.ro\/en\/wp-json\/wp\/v2\/product_cat?post=5496"},{"taxonomy":"product_tag","embeddable":true,"href":"https:\/\/mobiladeluxonline.ro\/en\/wp-json\/wp\/v2\/product_tag?post=5496"}],"curies":[{"name":"wp","href":"https:\/\/api.w.org\/{rel}","templated":true}]}}