{"id":5695,"date":"2023-01-19T16:44:04","date_gmt":"2023-01-19T14:44:04","guid":{"rendered":"https:\/\/mobiladeluxonline.ro\/?post_type=product&#038;p=5695"},"modified":"2025-11-07T11:16:05","modified_gmt":"2025-11-07T09:16:05","slug":"saltea-biosalt","status":"publish","type":"product","link":"https:\/\/mobiladeluxonline.ro\/en\/p\/saltea-biosalt\/","title":{"rendered":"Saltea Biosalt"},"content":{"rendered":"<p>Saltea Biosalt 1.6m . \u2022Sistem de arcuri impachetate: aceasta saltea este silentioasa si flexibila datorita arcurilor impachetate individual si a miscarii individuale a acestora, favorizand mentinerea curbei naturale a spatelui si alinierea in continuare la nivelul spatelui. Ajuta la diminuarea zgomotului. Pe perioada somnului, nu se simte miscarea celeilalte parti folosite. Toate acestea ajuta la o mai buna calitate a somnului.<br \/>\nSomn s\u0103n\u0103tos cu saltea BioSalt<br \/>\n&#8211;  Sarea gem\u0103 natural\u0103 ob\u021binut\u0103 din regiunea \u00c7ank\u0131r\u0131 se \u00eent\u00e2lne\u0219te cu Saltea BioSalt, aduc\u00e2nd senza\u021bia de confort \u0219i spa\u021biu \u00een dormitorul t\u0103u.<br \/>\n&#8211;  Sarea gema, care este finisata cu tehnologie avansata pe tesatura patului, echilibreaza caldura si umiditatea din corp si faciliteaza trecerea la stadiul de somn NREM . Somnul NREM este etapa de somn care permite organismului s\u0103 se odihneasc\u0103.<br \/>\n&#8211;  Prin absorb\u021bia electricit\u0103\u021bii statice din organism, sus\u021bine stabilirea bio-ritmului, ajut\u0103 la furnizarea modelelor de somn \u0219i \u00eembun\u0103t\u0103\u021be\u0219te calitatea somnului.<br \/>\n&#8211;  Datorita ionilor negativi pe care ii emite, interactioneaza cu ionii pozitivi din aer si neutralizeaza aerul din mediu si iti permite sa respiri mai usor.<br \/>\n&#8211;  Tesatura Biosalt ofera o utilizare mai confortabila cu 80% mai putin praf in comparatie cu alte tesaturi.<br \/>\nAer proasp\u0103t, respira\u021bie confortabil\u0103<br \/>\nSarea gem\u0103 natural\u0103 de pe suprafa\u021ba patului neutralizeaz\u0103 ionii pozitivi din mediu \u0219i cur\u0103\u021b\u0103 aerul, datorit\u0103 ionilor negativi pe care \u00eei emite atunci c\u00e2nd este \u00eenc\u0103lzit. Acest lucru v\u0103 cre\u0219te calitatea somnului, oferind o respira\u021bie mai confortabil\u0103.<br \/>\nSalteaua Biosalt, dezvoltat\u0103 de Bambi Mattress cu sare natural\u0103 extras\u0103 din Pe\u0219tera de sare \u00c7ank\u0131r\u0131, a c\u0103rei istorie cunoscut\u0103 dateaz\u0103 de cel pu\u021bin 5 mii de ani. sus\u021bine stabilirea bio-ritmului prin eliminarea electricit\u0103\u021bii statice din corp, cresc\u00e2nd astfel tiparele \u0219i calitatea somnului. Sarea, care con\u021bine 84 din cele 92 de elemente necesare organismului uman \u00eentr-un mod echilibrat, ajut\u0103 la respira\u021bie mai u\u0219or prin neutralizarea ionilor pozitivi emi\u0219i de dispozitivele electronice datorit\u0103 ionilor negativi pe care \u00eei r\u0103sp\u00e2nde\u0219te \u00een mediu. Sarea de roc\u0103 natural\u0103 \u00c7ank\u0131r\u0131, care s-a dovedit \u0219tiin\u021bific a fi mai pur\u0103 dec\u00e2t sarea de Himalaya \u0219i are un efect miraculos asupra s\u0103n\u0103t\u0103\u021bii datorit\u0103 \u00eembog\u0103\u021birii sale cu minerale naturale, aduce efectul camerei de sare \u00een dormitorul t\u0103u.<br \/>\nSalteaua este invelita in jurul perimetrului cu burete de inalta densitate, care ajuta la prevenirea deformarii;<br \/>\nColoana vertebral\u0103 este sus\u021binut\u0103 de buretele de \u00eenalt\u0103 densitate folosit pentru tampon. Cre\u0219terea \u00een\u0103l\u021bimii bure\u021bilor cre\u0219te \u0219i mai mult confortul. Stratul de tampon, care este par\u021bial separat de arcuri, ofer\u0103 o senza\u021bie de podea mai moale datorit\u0103 buretelui s\u0103u gros. Salteaua ta iti ofera atat durabilitatea arcului cat si confortul stratului gros de spuma.<br \/>\nCapsulele atasate lateral ajuta la o mai buna circulatie a aerului din interior spre exterior, la mentinerea aerului proaspat si a indepartarii mirosurilor neplacute;<br \/>\nLateral, de o parte si de alta a saltelei, sunt atasate cate 2 manere pentru a facilita manipularea produsului.<br \/>\nTESATURA TRICOT: Datorita elasticitatii si transferului de aer mai usor, are avantajul de a elimina mai usor umiditatea si de a pastra o extraigiena.<br \/>\nInaltimea saltelei este de 33 cm (\u00b1 2 cm).<\/p>","protected":false},"excerpt":{"rendered":"<p>Saltea Biosalt. \u2022 Sarea gem\u0103 natural\u0103 de pe suprafa\u021ba patului neutralizeaz\u0103 ionii pozitivi din mediu \u0219i cur\u0103\u021b\u0103 aerul, datorit\u0103 ionilor negativi pe care \u00eei emite atunci c\u00e2nd este \u00eenc\u0103lzit. Acest lucru v\u0103 cre\u0219te calitatea somnului, oferind o respira\u021bie mai confortabil\u0103.<\/p>","protected":false},"featured_media":5693,"comment_status":"open","ping_status":"closed","template":"","meta":[],"product_brand":[],"product_cat":[62],"product_tag":[],"class_list":{"0":"post-5695","1":"product","2":"type-product","3":"status-publish","4":"has-post-thumbnail","6":"product_cat-saltele","8":"first","9":"instock","10":"sale","11":"shipping-taxable","12":"purchasable","13":"product-type-simple"},"yoast_head":"<!-- This site is optimized with the Yoast SEO plugin v27.5 - https:\/\/yoast.com\/product\/yoast-seo-wordpress\/ -->\n<title>Saltea Biosalt - saltele poket spring,saltele ortopedice, preturi mici<\/title>\n<meta name=\"description\" content=\"Saltea Biosalt .Sistem arcuri impachetate - 3 zone :Acest sistem de arcuri impachetate, cu 3 zone, ofera fermitate personalizata .\" \/>\n<meta name=\"robots\" content=\"index, follow, max-snippet:-1, max-image-preview:large, max-video-preview:-1\" \/>\n<link rel=\"canonical\" href=\"https:\/\/mobiladeluxonline.ro\/en\/p\/saltea-biosalt\/\" \/>\n<meta property=\"og:locale\" content=\"en_US\" \/>\n<meta property=\"og:type\" content=\"article\" \/>\n<meta property=\"og:title\" content=\"Saltea Biosalt - saltele poket spring,saltele ortopedice, preturi mici\" \/>\n<meta property=\"og:description\" content=\"Saltea Biosalt .Sistem arcuri impachetate - 3 zone :Acest sistem de arcuri impachetate, cu 3 zone, ofera fermitate personalizata .\" \/>\n<meta property=\"og:url\" content=\"https:\/\/mobiladeluxonline.ro\/en\/p\/saltea-biosalt\/\" \/>\n<meta property=\"og:site_name\" content=\"MobilaDeLuxOnline.ro\" \/>\n<meta property=\"article:modified_time\" content=\"2025-11-07T09:16:05+00:00\" \/>\n<meta property=\"og:image\" content=\"https:\/\/mobiladeluxonline.ro\/wp-content\/uploads\/2020\/02\/Untitled1-1.jpg\" \/>\n\t<meta property=\"og:image:width\" content=\"1069\" \/>\n\t<meta property=\"og:image:height\" content=\"716\" \/>\n\t<meta property=\"og:image:type\" content=\"image\/jpeg\" \/>\n<meta name=\"twitter:card\" content=\"summary_large_image\" \/>\n<meta name=\"twitter:label1\" content=\"Est. reading time\" \/>\n\t<meta name=\"twitter:data1\" content=\"3 minutes\" \/>\n<script type=\"application\/ld+json\" class=\"yoast-schema-graph\">{\"@context\":\"https:\\\/\\\/schema.org\",\"@graph\":[{\"@type\":\"WebPage\",\"@id\":\"https:\\\/\\\/mobiladeluxonline.ro\\\/p\\\/saltea-biosalt\\\/\",\"url\":\"https:\\\/\\\/mobiladeluxonline.ro\\\/p\\\/saltea-biosalt\\\/\",\"name\":\"Saltea Biosalt - saltele poket spring,saltele ortopedice, preturi mici\",\"isPartOf\":{\"@id\":\"https:\\\/\\\/mobiladeluxonline.ro\\\/#website\"},\"primaryImageOfPage\":{\"@id\":\"https:\\\/\\\/mobiladeluxonline.ro\\\/p\\\/saltea-biosalt\\\/#primaryimage\"},\"image\":{\"@id\":\"https:\\\/\\\/mobiladeluxonline.ro\\\/p\\\/saltea-biosalt\\\/#primaryimage\"},\"thumbnailUrl\":\"https:\\\/\\\/mobiladeluxonline.ro\\\/wp-content\\\/uploads\\\/2020\\\/02\\\/Untitled1-1.jpg\",\"datePublished\":\"2023-01-19T14:44:04+00:00\",\"dateModified\":\"2025-11-07T09:16:05+00:00\",\"description\":\"Saltea Biosalt .Sistem arcuri impachetate - 3 zone :Acest sistem de arcuri impachetate, cu 3 zone, ofera fermitate personalizata .\",\"breadcrumb\":{\"@id\":\"https:\\\/\\\/mobiladeluxonline.ro\\\/p\\\/saltea-biosalt\\\/#breadcrumb\"},\"inLanguage\":\"en-US\",\"potentialAction\":[{\"@type\":\"ReadAction\",\"target\":[\"https:\\\/\\\/mobiladeluxonline.ro\\\/p\\\/saltea-biosalt\\\/\"]}]},{\"@type\":\"ImageObject\",\"inLanguage\":\"en-US\",\"@id\":\"https:\\\/\\\/mobiladeluxonline.ro\\\/p\\\/saltea-biosalt\\\/#primaryimage\",\"url\":\"https:\\\/\\\/mobiladeluxonline.ro\\\/wp-content\\\/uploads\\\/2020\\\/02\\\/Untitled1-1.jpg\",\"contentUrl\":\"https:\\\/\\\/mobiladeluxonline.ro\\\/wp-content\\\/uploads\\\/2020\\\/02\\\/Untitled1-1.jpg\",\"width\":1069,\"height\":716},{\"@type\":\"BreadcrumbList\",\"@id\":\"https:\\\/\\\/mobiladeluxonline.ro\\\/p\\\/saltea-biosalt\\\/#breadcrumb\",\"itemListElement\":[{\"@type\":\"ListItem\",\"position\":1,\"name\":\"Prima pagin\u0103\",\"item\":\"https:\\\/\\\/mobiladeluxonline.ro\\\/\"},{\"@type\":\"ListItem\",\"position\":2,\"name\":\"Produse\",\"item\":\"https:\\\/\\\/mobiladeluxonline.ro\\\/produse\\\/\"},{\"@type\":\"ListItem\",\"position\":3,\"name\":\"Saltea Biosalt\"}]},{\"@type\":\"WebSite\",\"@id\":\"https:\\\/\\\/mobiladeluxonline.ro\\\/#website\",\"url\":\"https:\\\/\\\/mobiladeluxonline.ro\\\/\",\"name\":\"MobilaDeLuxOnline.ro\",\"description\":\"\",\"potentialAction\":[{\"@type\":\"SearchAction\",\"target\":{\"@type\":\"EntryPoint\",\"urlTemplate\":\"https:\\\/\\\/mobiladeluxonline.ro\\\/?s={search_term_string}\"},\"query-input\":{\"@type\":\"PropertyValueSpecification\",\"valueRequired\":true,\"valueName\":\"search_term_string\"}}],\"inLanguage\":\"en-US\"}]}<\/script>\n<!-- \/ Yoast SEO plugin. -->","yoast_head_json":{"title":"Saltea Biosalt - saltele poket spring,saltele ortopedice, preturi mici","description":"Saltea Biosalt .Sistem arcuri impachetate - 3 zone :Acest sistem de arcuri impachetate, cu 3 zone, ofera fermitate personalizata .","robots":{"index":"index","follow":"follow","max-snippet":"max-snippet:-1","max-image-preview":"max-image-preview:large","max-video-preview":"max-video-preview:-1"},"canonical":"https:\/\/mobiladeluxonline.ro\/en\/p\/saltea-biosalt\/","og_locale":"en_US","og_type":"article","og_title":"Saltea Biosalt - saltele poket spring,saltele ortopedice, preturi mici","og_description":"Saltea Biosalt .Sistem arcuri impachetate - 3 zone :Acest sistem de arcuri impachetate, cu 3 zone, ofera fermitate personalizata .","og_url":"https:\/\/mobiladeluxonline.ro\/en\/p\/saltea-biosalt\/","og_site_name":"MobilaDeLuxOnline.ro","article_modified_time":"2025-11-07T09:16:05+00:00","og_image":[{"width":1069,"height":716,"url":"https:\/\/mobiladeluxonline.ro\/wp-content\/uploads\/2020\/02\/Untitled1-1.jpg","type":"image\/jpeg"}],"twitter_card":"summary_large_image","twitter_misc":{"Est. reading time":"3 minutes"},"schema":{"@context":"https:\/\/schema.org","@graph":[{"@type":"WebPage","@id":"https:\/\/mobiladeluxonline.ro\/p\/saltea-biosalt\/","url":"https:\/\/mobiladeluxonline.ro\/p\/saltea-biosalt\/","name":"Saltea Biosalt - saltele poket spring,saltele ortopedice, preturi mici","isPartOf":{"@id":"https:\/\/mobiladeluxonline.ro\/#website"},"primaryImageOfPage":{"@id":"https:\/\/mobiladeluxonline.ro\/p\/saltea-biosalt\/#primaryimage"},"image":{"@id":"https:\/\/mobiladeluxonline.ro\/p\/saltea-biosalt\/#primaryimage"},"thumbnailUrl":"https:\/\/mobiladeluxonline.ro\/wp-content\/uploads\/2020\/02\/Untitled1-1.jpg","datePublished":"2023-01-19T14:44:04+00:00","dateModified":"2025-11-07T09:16:05+00:00","description":"Saltea Biosalt .Sistem arcuri impachetate - 3 zone :Acest sistem de arcuri impachetate, cu 3 zone, ofera fermitate personalizata .","breadcrumb":{"@id":"https:\/\/mobiladeluxonline.ro\/p\/saltea-biosalt\/#breadcrumb"},"inLanguage":"en-US","potentialAction":[{"@type":"ReadAction","target":["https:\/\/mobiladeluxonline.ro\/p\/saltea-biosalt\/"]}]},{"@type":"ImageObject","inLanguage":"en-US","@id":"https:\/\/mobiladeluxonline.ro\/p\/saltea-biosalt\/#primaryimage","url":"https:\/\/mobiladeluxonline.ro\/wp-content\/uploads\/2020\/02\/Untitled1-1.jpg","contentUrl":"https:\/\/mobiladeluxonline.ro\/wp-content\/uploads\/2020\/02\/Untitled1-1.jpg","width":1069,"height":716},{"@type":"BreadcrumbList","@id":"https:\/\/mobiladeluxonline.ro\/p\/saltea-biosalt\/#breadcrumb","itemListElement":[{"@type":"ListItem","position":1,"name":"Prima pagin\u0103","item":"https:\/\/mobiladeluxonline.ro\/"},{"@type":"ListItem","position":2,"name":"Produse","item":"https:\/\/mobiladeluxonline.ro\/produse\/"},{"@type":"ListItem","position":3,"name":"Saltea Biosalt"}]},{"@type":"WebSite","@id":"https:\/\/mobiladeluxonline.ro\/#website","url":"https:\/\/mobiladeluxonline.ro\/","name":"MobilaDeLuxOnline.ro","description":"","potentialAction":[{"@type":"SearchAction","target":{"@type":"EntryPoint","urlTemplate":"https:\/\/mobiladeluxonline.ro\/?s={search_term_string}"},"query-input":{"@type":"PropertyValueSpecification","valueRequired":true,"valueName":"search_term_string"}}],"inLanguage":"en-US"}]}},"_links":{"self":[{"href":"https:\/\/mobiladeluxonline.ro\/en\/wp-json\/wp\/v2\/product\/5695","targetHints":{"allow":["GET"]}}],"collection":[{"href":"https:\/\/mobiladeluxonline.ro\/en\/wp-json\/wp\/v2\/product"}],"about":[{"href":"https:\/\/mobiladeluxonline.ro\/en\/wp-json\/wp\/v2\/types\/product"}],"replies":[{"embeddable":true,"href":"https:\/\/mobiladeluxonline.ro\/en\/wp-json\/wp\/v2\/comments?post=5695"}],"wp:featuredmedia":[{"embeddable":true,"href":"https:\/\/mobiladeluxonline.ro\/en\/wp-json\/wp\/v2\/media\/5693"}],"wp:attachment":[{"href":"https:\/\/mobiladeluxonline.ro\/en\/wp-json\/wp\/v2\/media?parent=5695"}],"wp:term":[{"taxonomy":"product_brand","embeddable":true,"href":"https:\/\/mobiladeluxonline.ro\/en\/wp-json\/wp\/v2\/product_brand?post=5695"},{"taxonomy":"product_cat","embeddable":true,"href":"https:\/\/mobiladeluxonline.ro\/en\/wp-json\/wp\/v2\/product_cat?post=5695"},{"taxonomy":"product_tag","embeddable":true,"href":"https:\/\/mobiladeluxonline.ro\/en\/wp-json\/wp\/v2\/product_tag?post=5695"}],"curies":[{"name":"wp","href":"https:\/\/api.w.org\/{rel}","templated":true}]}}