{"id":6130,"date":"2024-03-18T10:07:13","date_gmt":"2024-03-18T08:07:13","guid":{"rendered":"https:\/\/mobiladeluxonline.ro\/?post_type=product&#038;p=6130"},"modified":"2025-11-07T11:15:38","modified_gmt":"2025-11-07T09:15:38","slug":"saltea-climextra-160x200","status":"publish","type":"product","link":"https:\/\/mobiladeluxonline.ro\/en\/p\/saltea-climextra-160x200\/","title":{"rendered":"Saltea Climextra 160&#215;200"},"content":{"rendered":"<p>Saltea Climextra 1.6m  Comanda acum si beneficiezi de cele mai bune preturi. Pretul este pentru dimensiunea de 1.6x2m. Pentru alte dimensiuni puteti sa ne contactati telefonic sau pe email.<br \/>\nSalteaua Climextra, de o duritate medie+ este conceput\u0103 pentru cel mai bun somn \u00een toate anotimpurile datorit\u0103 utiliz\u0103rii sale pe dou\u0103 fe\u021be. Suprafa\u021b\u0103 de var\u0103 cu Tehnologia SensICE care te \u00eemprosp\u0103teaz\u0103 cu o senza\u021bie de r\u0103coare; Un somn s\u0103n\u0103tos \u0219i lini\u0219tit v\u0103 a\u0219teapt\u0103 cu suprafa\u021ba sa de iarn\u0103 din amestec de l\u00e2n\u0103, care v\u0103 va \u021bine de cald \u00een anotimpurile reci.<br \/>\nArcurile saltelei se pun in pachet in pungi independente. \u00cen acest fel, se asigur\u0103 izolarea fonic\u0103. \u00cen plus, arcurile care se mi\u0219c\u0103 independent ajut\u0103 la distribuirea egal\u0103 a presiunii corpului c\u0103tre pat. Men\u021binerea pozi\u021biei corecte a coloanei vertebrale asigur\u0103 un somn confortabil. Partenerii sunt mai pu\u021bin afecta\u021bi de mi\u0219c\u0103rile celuilalt \u00een timpul somnului.<\/p>","protected":false},"excerpt":{"rendered":"<p>Pretul este pentru dimensiunea de 1.6x2m.Se poate comanda si pe alte dimensiuni.Salteaua Climextra,de o duritate medie+ este conceput\u0103 pentru cel mai bun somn \u00een toate anotimpurile datorit\u0103 utiliz\u0103rii sale pe dou\u0103 fe\u021be. Suprafa\u021b\u0103 de var\u0103 cu Tehnologia SensICE care te \u00eemprosp\u0103teaz\u0103 cu o senza\u021bie de r\u0103coare; Un somn s\u0103n\u0103tos \u0219i lini\u0219tit v\u0103 a\u0219teapt\u0103 cu suprafa\u021ba sa de iarn\u0103 din amestec de l\u00e2n\u0103, care v\u0103 va \u021bine de cald \u00een anotimpurile reci.<\/p>","protected":false},"featured_media":6118,"comment_status":"open","ping_status":"closed","template":"","meta":[],"product_brand":[],"product_cat":[62],"product_tag":[],"class_list":{"0":"post-6130","1":"product","2":"type-product","3":"status-publish","4":"has-post-thumbnail","6":"product_cat-saltele","8":"first","9":"instock","10":"sale","11":"shipping-taxable","12":"purchasable","13":"product-type-simple"},"yoast_head":"<!-- This site is optimized with the Yoast SEO plugin v27.4 - https:\/\/yoast.com\/product\/yoast-seo-wordpress\/ -->\n<title>Saltea Climextra 160x200 - mobila import - canapele,dormitoare,paturi<\/title>\n<meta name=\"description\" content=\"Saltea Climextra . Comanda acum la superpret.Pretul este pentru dimensiunea de 1.6x2m.Salteaua este de o duritate medie si poate fi folosita pe ambele parti\" \/>\n<meta name=\"robots\" content=\"index, follow, max-snippet:-1, max-image-preview:large, max-video-preview:-1\" \/>\n<link rel=\"canonical\" href=\"https:\/\/mobiladeluxonline.ro\/en\/p\/saltea-climextra-160x200\/\" \/>\n<meta property=\"og:locale\" content=\"en_US\" \/>\n<meta property=\"og:type\" content=\"article\" \/>\n<meta property=\"og:title\" content=\"Saltea Climextra 160x200 - mobila import - canapele,dormitoare,paturi\" \/>\n<meta property=\"og:description\" content=\"Saltea Climextra . Comanda acum la superpret.Pretul este pentru dimensiunea de 1.6x2m.Salteaua este de o duritate medie si poate fi folosita pe ambele parti\" \/>\n<meta property=\"og:url\" content=\"https:\/\/mobiladeluxonline.ro\/en\/p\/saltea-climextra-160x200\/\" \/>\n<meta property=\"og:site_name\" content=\"MobilaDeLuxOnline.ro\" \/>\n<meta property=\"article:modified_time\" content=\"2025-11-07T09:15:38+00:00\" \/>\n<meta property=\"og:image\" content=\"https:\/\/mobiladeluxonline.ro\/wp-content\/uploads\/2024\/03\/Untitled1-2.jpg\" \/>\n\t<meta property=\"og:image:width\" content=\"1112\" \/>\n\t<meta property=\"og:image:height\" content=\"768\" \/>\n\t<meta property=\"og:image:type\" content=\"image\/jpeg\" \/>\n<meta name=\"twitter:card\" content=\"summary_large_image\" \/>\n<meta name=\"twitter:label1\" content=\"Est. reading time\" \/>\n\t<meta name=\"twitter:data1\" content=\"1 minute\" \/>\n<script type=\"application\/ld+json\" class=\"yoast-schema-graph\">{\"@context\":\"https:\\\/\\\/schema.org\",\"@graph\":[{\"@type\":\"WebPage\",\"@id\":\"https:\\\/\\\/mobiladeluxonline.ro\\\/p\\\/saltea-climextra-160x200\\\/\",\"url\":\"https:\\\/\\\/mobiladeluxonline.ro\\\/p\\\/saltea-climextra-160x200\\\/\",\"name\":\"Saltea Climextra 160x200 - mobila import - canapele,dormitoare,paturi\",\"isPartOf\":{\"@id\":\"https:\\\/\\\/mobiladeluxonline.ro\\\/#website\"},\"primaryImageOfPage\":{\"@id\":\"https:\\\/\\\/mobiladeluxonline.ro\\\/p\\\/saltea-climextra-160x200\\\/#primaryimage\"},\"image\":{\"@id\":\"https:\\\/\\\/mobiladeluxonline.ro\\\/p\\\/saltea-climextra-160x200\\\/#primaryimage\"},\"thumbnailUrl\":\"https:\\\/\\\/mobiladeluxonline.ro\\\/wp-content\\\/uploads\\\/2024\\\/03\\\/Untitled1-2.jpg\",\"datePublished\":\"2024-03-18T08:07:13+00:00\",\"dateModified\":\"2025-11-07T09:15:38+00:00\",\"description\":\"Saltea Climextra . Comanda acum la superpret.Pretul este pentru dimensiunea de 1.6x2m.Salteaua este de o duritate medie si poate fi folosita pe ambele parti\",\"breadcrumb\":{\"@id\":\"https:\\\/\\\/mobiladeluxonline.ro\\\/p\\\/saltea-climextra-160x200\\\/#breadcrumb\"},\"inLanguage\":\"en-US\",\"potentialAction\":[{\"@type\":\"ReadAction\",\"target\":[\"https:\\\/\\\/mobiladeluxonline.ro\\\/p\\\/saltea-climextra-160x200\\\/\"]}]},{\"@type\":\"ImageObject\",\"inLanguage\":\"en-US\",\"@id\":\"https:\\\/\\\/mobiladeluxonline.ro\\\/p\\\/saltea-climextra-160x200\\\/#primaryimage\",\"url\":\"https:\\\/\\\/mobiladeluxonline.ro\\\/wp-content\\\/uploads\\\/2024\\\/03\\\/Untitled1-2.jpg\",\"contentUrl\":\"https:\\\/\\\/mobiladeluxonline.ro\\\/wp-content\\\/uploads\\\/2024\\\/03\\\/Untitled1-2.jpg\",\"width\":1112,\"height\":768},{\"@type\":\"BreadcrumbList\",\"@id\":\"https:\\\/\\\/mobiladeluxonline.ro\\\/p\\\/saltea-climextra-160x200\\\/#breadcrumb\",\"itemListElement\":[{\"@type\":\"ListItem\",\"position\":1,\"name\":\"Prima pagin\u0103\",\"item\":\"https:\\\/\\\/mobiladeluxonline.ro\\\/\"},{\"@type\":\"ListItem\",\"position\":2,\"name\":\"Produse\",\"item\":\"https:\\\/\\\/mobiladeluxonline.ro\\\/produse\\\/\"},{\"@type\":\"ListItem\",\"position\":3,\"name\":\"Saltea Climextra 160&#215;200\"}]},{\"@type\":\"WebSite\",\"@id\":\"https:\\\/\\\/mobiladeluxonline.ro\\\/#website\",\"url\":\"https:\\\/\\\/mobiladeluxonline.ro\\\/\",\"name\":\"MobilaDeLuxOnline.ro\",\"description\":\"\",\"potentialAction\":[{\"@type\":\"SearchAction\",\"target\":{\"@type\":\"EntryPoint\",\"urlTemplate\":\"https:\\\/\\\/mobiladeluxonline.ro\\\/?s={search_term_string}\"},\"query-input\":{\"@type\":\"PropertyValueSpecification\",\"valueRequired\":true,\"valueName\":\"search_term_string\"}}],\"inLanguage\":\"en-US\"}]}<\/script>\n<!-- \/ Yoast SEO plugin. -->","yoast_head_json":{"title":"Saltea Climextra 160x200 - mobila import - canapele,dormitoare,paturi","description":"Saltea Climextra . Comanda acum la superpret.Pretul este pentru dimensiunea de 1.6x2m.Salteaua este de o duritate medie si poate fi folosita pe ambele parti","robots":{"index":"index","follow":"follow","max-snippet":"max-snippet:-1","max-image-preview":"max-image-preview:large","max-video-preview":"max-video-preview:-1"},"canonical":"https:\/\/mobiladeluxonline.ro\/en\/p\/saltea-climextra-160x200\/","og_locale":"en_US","og_type":"article","og_title":"Saltea Climextra 160x200 - mobila import - canapele,dormitoare,paturi","og_description":"Saltea Climextra . Comanda acum la superpret.Pretul este pentru dimensiunea de 1.6x2m.Salteaua este de o duritate medie si poate fi folosita pe ambele parti","og_url":"https:\/\/mobiladeluxonline.ro\/en\/p\/saltea-climextra-160x200\/","og_site_name":"MobilaDeLuxOnline.ro","article_modified_time":"2025-11-07T09:15:38+00:00","og_image":[{"width":1112,"height":768,"url":"https:\/\/mobiladeluxonline.ro\/wp-content\/uploads\/2024\/03\/Untitled1-2.jpg","type":"image\/jpeg"}],"twitter_card":"summary_large_image","twitter_misc":{"Est. reading time":"1 minute"},"schema":{"@context":"https:\/\/schema.org","@graph":[{"@type":"WebPage","@id":"https:\/\/mobiladeluxonline.ro\/p\/saltea-climextra-160x200\/","url":"https:\/\/mobiladeluxonline.ro\/p\/saltea-climextra-160x200\/","name":"Saltea Climextra 160x200 - mobila import - canapele,dormitoare,paturi","isPartOf":{"@id":"https:\/\/mobiladeluxonline.ro\/#website"},"primaryImageOfPage":{"@id":"https:\/\/mobiladeluxonline.ro\/p\/saltea-climextra-160x200\/#primaryimage"},"image":{"@id":"https:\/\/mobiladeluxonline.ro\/p\/saltea-climextra-160x200\/#primaryimage"},"thumbnailUrl":"https:\/\/mobiladeluxonline.ro\/wp-content\/uploads\/2024\/03\/Untitled1-2.jpg","datePublished":"2024-03-18T08:07:13+00:00","dateModified":"2025-11-07T09:15:38+00:00","description":"Saltea Climextra . Comanda acum la superpret.Pretul este pentru dimensiunea de 1.6x2m.Salteaua este de o duritate medie si poate fi folosita pe ambele parti","breadcrumb":{"@id":"https:\/\/mobiladeluxonline.ro\/p\/saltea-climextra-160x200\/#breadcrumb"},"inLanguage":"en-US","potentialAction":[{"@type":"ReadAction","target":["https:\/\/mobiladeluxonline.ro\/p\/saltea-climextra-160x200\/"]}]},{"@type":"ImageObject","inLanguage":"en-US","@id":"https:\/\/mobiladeluxonline.ro\/p\/saltea-climextra-160x200\/#primaryimage","url":"https:\/\/mobiladeluxonline.ro\/wp-content\/uploads\/2024\/03\/Untitled1-2.jpg","contentUrl":"https:\/\/mobiladeluxonline.ro\/wp-content\/uploads\/2024\/03\/Untitled1-2.jpg","width":1112,"height":768},{"@type":"BreadcrumbList","@id":"https:\/\/mobiladeluxonline.ro\/p\/saltea-climextra-160x200\/#breadcrumb","itemListElement":[{"@type":"ListItem","position":1,"name":"Prima pagin\u0103","item":"https:\/\/mobiladeluxonline.ro\/"},{"@type":"ListItem","position":2,"name":"Produse","item":"https:\/\/mobiladeluxonline.ro\/produse\/"},{"@type":"ListItem","position":3,"name":"Saltea Climextra 160&#215;200"}]},{"@type":"WebSite","@id":"https:\/\/mobiladeluxonline.ro\/#website","url":"https:\/\/mobiladeluxonline.ro\/","name":"MobilaDeLuxOnline.ro","description":"","potentialAction":[{"@type":"SearchAction","target":{"@type":"EntryPoint","urlTemplate":"https:\/\/mobiladeluxonline.ro\/?s={search_term_string}"},"query-input":{"@type":"PropertyValueSpecification","valueRequired":true,"valueName":"search_term_string"}}],"inLanguage":"en-US"}]}},"_links":{"self":[{"href":"https:\/\/mobiladeluxonline.ro\/en\/wp-json\/wp\/v2\/product\/6130","targetHints":{"allow":["GET"]}}],"collection":[{"href":"https:\/\/mobiladeluxonline.ro\/en\/wp-json\/wp\/v2\/product"}],"about":[{"href":"https:\/\/mobiladeluxonline.ro\/en\/wp-json\/wp\/v2\/types\/product"}],"replies":[{"embeddable":true,"href":"https:\/\/mobiladeluxonline.ro\/en\/wp-json\/wp\/v2\/comments?post=6130"}],"wp:featuredmedia":[{"embeddable":true,"href":"https:\/\/mobiladeluxonline.ro\/en\/wp-json\/wp\/v2\/media\/6118"}],"wp:attachment":[{"href":"https:\/\/mobiladeluxonline.ro\/en\/wp-json\/wp\/v2\/media?parent=6130"}],"wp:term":[{"taxonomy":"product_brand","embeddable":true,"href":"https:\/\/mobiladeluxonline.ro\/en\/wp-json\/wp\/v2\/product_brand?post=6130"},{"taxonomy":"product_cat","embeddable":true,"href":"https:\/\/mobiladeluxonline.ro\/en\/wp-json\/wp\/v2\/product_cat?post=6130"},{"taxonomy":"product_tag","embeddable":true,"href":"https:\/\/mobiladeluxonline.ro\/en\/wp-json\/wp\/v2\/product_tag?post=6130"}],"curies":[{"name":"wp","href":"https:\/\/api.w.org\/{rel}","templated":true}]}}