{"id":6133,"date":"2024-03-18T11:50:08","date_gmt":"2024-03-18T09:50:08","guid":{"rendered":"https:\/\/mobiladeluxonline.ro\/?post_type=product&#038;p=6133"},"modified":"2025-04-25T14:39:28","modified_gmt":"2025-04-25T12:39:28","slug":"saltea-royal160x200","status":"publish","type":"product","link":"https:\/\/mobiladeluxonline.ro\/en\/p\/saltea-royal160x200\/","title":{"rendered":"Saltea Royal 160&#215;200"},"content":{"rendered":"<p>Saltea Royal 1.6m Comanda acum si beneficiezi de cele mai bune preturi. Pretul este pentru dimensiunea de 1.6x2m. Pentru alte dimensiuni puteti sa ne contactati telefonic sau pe email.<br \/>\nTehnologie avansat\u0103 de spum\u0103 pentru un confort de neegalat<\/p>\n<p>Salteaua Royal Exclusive \u00eencorporeaz\u0103 tehnologii de ultim\u0103 or\u0103 de fabricare a spumei pentru a oferi un nivel de confort de neegalat. Fiecare strat de spum\u0103 este proiectat cu aten\u021bie pentru a oferi combina\u021bia ideal\u0103 de moliciune \u0219i sus\u021binere, asigur\u00e2nd o experien\u021b\u0103 de \u00eentinerire a somnului noapte de noapte. Cufunda\u021bi-v\u0103 \u00een suprafa\u021ba de plu\u0219 a saltelei \u0219i sim\u021bi\u021bi c\u0103, confortul luxos v\u0103 \u00eenv\u0103luie corpul.<\/p>\n<p>Echilibrul perfect de confort \u0219i suport<\/p>\n<p>Istikbal \u00een\u021belege importan\u021ba g\u0103sirii echilibrului potrivit \u00eentre confort \u0219i sprijin pentru un somn odihnitor. Salteaua Royal Exclusive atinge acest echilibru f\u0103r\u0103 efort. Straturile avansate de spum\u0103 se conformeaz\u0103 contururilor corpului dumneavoastr\u0103, oferind un sprijin \u021bintit acolo unde ave\u021bi cea mai mare nevoie. Spune-\u021bi la revedere nop\u021bilor agitate \u0219i treze\u0219te-te \u00eemprosp\u0103tat \u0219i plin de energie \u00een fiecare diminea\u021b\u0103.<\/p>\n<p>Fabricat pentru o calitate de lung\u0103 durat\u0103<\/p>\n<p>Istikbal este sinonim cu m\u0103iestria de calitate, iar Salteaua Royal Exclusive este o dovad\u0103<\/p>","protected":false},"excerpt":{"rendered":"<p>Pretul este pentru dimensiunea de 1.6x2m.Se poate comanda si pe alte dimensiuni.Tehnologie avansat\u0103 de spum\u0103 pentru un confort de neegalat.<br \/>\nSalteaua Royal Exclusive \u00eencorporeaz\u0103 tehnologii de ultim\u0103 or\u0103 de fabricare a spumei pentru a oferi un nivel de confort de neegalat. Fiecare strat de spum\u0103 este proiectat cu aten\u021bie pentru a oferi combina\u021bia ideal\u0103 de moliciune \u0219i sus\u021binere, asigur\u00e2nd o experien\u021b\u0103 de \u00eentinerire a somnului noapte de noapte. Cufunda\u021bi-v\u0103 \u00een suprafa\u021ba de plu\u0219 a saltelei \u0219i sim\u021bi\u021bi c\u0103, confortul luxos v\u0103 \u00eenv\u0103luie corpul.<br \/>\nEchilibrul perfect de confort \u0219i suport<br \/>\nIstikbal \u00een\u021belege importan\u021ba g\u0103sirii echilibrului potrivit \u00eentre confort \u0219i sprijin pentru un somn odihnitor. Salteaua Royal Exclusive atinge acest echilibru f\u0103r\u0103 efort. Straturile avansate de spum\u0103 se conformeaz\u0103 contururilor corpului dumneavoastr\u0103, oferind un sprijin \u021bintit acolo unde ave\u021bi cea mai mare nevoie. Spune-\u021bi la revedere nop\u021bilor agitate \u0219i treze\u0219te-te \u00eemprosp\u0103tat \u0219i plin de energie \u00een fiecare diminea\u021b\u0103.<br \/>\nFabricat pentru o calitate de lung\u0103 durat\u0103<br \/>\nIstikbal este sinonim cu m\u0103iestria de calitate, iar Salteaua Royal Exclusive este o dovad\u0103<\/p>","protected":false},"featured_media":6134,"comment_status":"open","ping_status":"closed","template":"","meta":[],"product_brand":[],"product_cat":[62],"product_tag":[],"class_list":{"0":"post-6133","1":"product","2":"type-product","3":"status-publish","4":"has-post-thumbnail","6":"product_cat-saltele","8":"first","9":"instock","10":"shipping-taxable","11":"purchasable","12":"product-type-simple"},"yoast_head":"<!-- This site is optimized with the Yoast SEO plugin v27.4 - https:\/\/yoast.com\/product\/yoast-seo-wordpress\/ -->\n<title>Saltea Royal 160x200 - mobila import - canapele,dormitoare,paturi<\/title>\n<meta name=\"description\" content=\"Saltea Royal 1.6m . Comanda acum la superpret.Pretul este pentru dimensiunea de 1.6x2m.\" \/>\n<meta name=\"robots\" content=\"index, follow, max-snippet:-1, max-image-preview:large, max-video-preview:-1\" \/>\n<link rel=\"canonical\" href=\"https:\/\/mobiladeluxonline.ro\/en\/p\/saltea-royal160x200\/\" \/>\n<meta property=\"og:locale\" content=\"en_US\" \/>\n<meta property=\"og:type\" content=\"article\" \/>\n<meta property=\"og:title\" content=\"Saltea Royal 160x200 - mobila import - canapele,dormitoare,paturi\" \/>\n<meta property=\"og:description\" content=\"Saltea Royal 1.6m . Comanda acum la superpret.Pretul este pentru dimensiunea de 1.6x2m.\" \/>\n<meta property=\"og:url\" content=\"https:\/\/mobiladeluxonline.ro\/en\/p\/saltea-royal160x200\/\" \/>\n<meta property=\"og:site_name\" content=\"MobilaDeLuxOnline.ro\" \/>\n<meta property=\"article:modified_time\" content=\"2025-04-25T12:39:28+00:00\" \/>\n<meta property=\"og:image\" content=\"https:\/\/mobiladeluxonline.ro\/wp-content\/uploads\/2024\/03\/Untitled-8.jpg\" \/>\n\t<meta property=\"og:image:width\" content=\"1092\" \/>\n\t<meta property=\"og:image:height\" content=\"757\" \/>\n\t<meta property=\"og:image:type\" content=\"image\/jpeg\" \/>\n<meta name=\"twitter:card\" content=\"summary_large_image\" \/>\n<meta name=\"twitter:label1\" content=\"Est. reading time\" \/>\n\t<meta name=\"twitter:data1\" content=\"1 minute\" \/>\n<script type=\"application\/ld+json\" class=\"yoast-schema-graph\">{\"@context\":\"https:\\\/\\\/schema.org\",\"@graph\":[{\"@type\":\"WebPage\",\"@id\":\"https:\\\/\\\/mobiladeluxonline.ro\\\/p\\\/saltea-royal160x200\\\/\",\"url\":\"https:\\\/\\\/mobiladeluxonline.ro\\\/p\\\/saltea-royal160x200\\\/\",\"name\":\"Saltea Royal 160x200 - mobila import - canapele,dormitoare,paturi\",\"isPartOf\":{\"@id\":\"https:\\\/\\\/mobiladeluxonline.ro\\\/#website\"},\"primaryImageOfPage\":{\"@id\":\"https:\\\/\\\/mobiladeluxonline.ro\\\/p\\\/saltea-royal160x200\\\/#primaryimage\"},\"image\":{\"@id\":\"https:\\\/\\\/mobiladeluxonline.ro\\\/p\\\/saltea-royal160x200\\\/#primaryimage\"},\"thumbnailUrl\":\"https:\\\/\\\/mobiladeluxonline.ro\\\/wp-content\\\/uploads\\\/2024\\\/03\\\/Untitled-8.jpg\",\"datePublished\":\"2024-03-18T09:50:08+00:00\",\"dateModified\":\"2025-04-25T12:39:28+00:00\",\"description\":\"Saltea Royal 1.6m . Comanda acum la superpret.Pretul este pentru dimensiunea de 1.6x2m.\",\"breadcrumb\":{\"@id\":\"https:\\\/\\\/mobiladeluxonline.ro\\\/p\\\/saltea-royal160x200\\\/#breadcrumb\"},\"inLanguage\":\"en-US\",\"potentialAction\":[{\"@type\":\"ReadAction\",\"target\":[\"https:\\\/\\\/mobiladeluxonline.ro\\\/p\\\/saltea-royal160x200\\\/\"]}]},{\"@type\":\"ImageObject\",\"inLanguage\":\"en-US\",\"@id\":\"https:\\\/\\\/mobiladeluxonline.ro\\\/p\\\/saltea-royal160x200\\\/#primaryimage\",\"url\":\"https:\\\/\\\/mobiladeluxonline.ro\\\/wp-content\\\/uploads\\\/2024\\\/03\\\/Untitled-8.jpg\",\"contentUrl\":\"https:\\\/\\\/mobiladeluxonline.ro\\\/wp-content\\\/uploads\\\/2024\\\/03\\\/Untitled-8.jpg\",\"width\":1092,\"height\":757},{\"@type\":\"BreadcrumbList\",\"@id\":\"https:\\\/\\\/mobiladeluxonline.ro\\\/p\\\/saltea-royal160x200\\\/#breadcrumb\",\"itemListElement\":[{\"@type\":\"ListItem\",\"position\":1,\"name\":\"Prima pagin\u0103\",\"item\":\"https:\\\/\\\/mobiladeluxonline.ro\\\/\"},{\"@type\":\"ListItem\",\"position\":2,\"name\":\"Produse\",\"item\":\"https:\\\/\\\/mobiladeluxonline.ro\\\/produse\\\/\"},{\"@type\":\"ListItem\",\"position\":3,\"name\":\"Saltea Royal 160&#215;200\"}]},{\"@type\":\"WebSite\",\"@id\":\"https:\\\/\\\/mobiladeluxonline.ro\\\/#website\",\"url\":\"https:\\\/\\\/mobiladeluxonline.ro\\\/\",\"name\":\"MobilaDeLuxOnline.ro\",\"description\":\"\",\"potentialAction\":[{\"@type\":\"SearchAction\",\"target\":{\"@type\":\"EntryPoint\",\"urlTemplate\":\"https:\\\/\\\/mobiladeluxonline.ro\\\/?s={search_term_string}\"},\"query-input\":{\"@type\":\"PropertyValueSpecification\",\"valueRequired\":true,\"valueName\":\"search_term_string\"}}],\"inLanguage\":\"en-US\"}]}<\/script>\n<!-- \/ Yoast SEO plugin. -->","yoast_head_json":{"title":"Saltea Royal 160x200 - mobila import - canapele,dormitoare,paturi","description":"Saltea Royal 1.6m . Comanda acum la superpret.Pretul este pentru dimensiunea de 1.6x2m.","robots":{"index":"index","follow":"follow","max-snippet":"max-snippet:-1","max-image-preview":"max-image-preview:large","max-video-preview":"max-video-preview:-1"},"canonical":"https:\/\/mobiladeluxonline.ro\/en\/p\/saltea-royal160x200\/","og_locale":"en_US","og_type":"article","og_title":"Saltea Royal 160x200 - mobila import - canapele,dormitoare,paturi","og_description":"Saltea Royal 1.6m . Comanda acum la superpret.Pretul este pentru dimensiunea de 1.6x2m.","og_url":"https:\/\/mobiladeluxonline.ro\/en\/p\/saltea-royal160x200\/","og_site_name":"MobilaDeLuxOnline.ro","article_modified_time":"2025-04-25T12:39:28+00:00","og_image":[{"width":1092,"height":757,"url":"https:\/\/mobiladeluxonline.ro\/wp-content\/uploads\/2024\/03\/Untitled-8.jpg","type":"image\/jpeg"}],"twitter_card":"summary_large_image","twitter_misc":{"Est. reading time":"1 minute"},"schema":{"@context":"https:\/\/schema.org","@graph":[{"@type":"WebPage","@id":"https:\/\/mobiladeluxonline.ro\/p\/saltea-royal160x200\/","url":"https:\/\/mobiladeluxonline.ro\/p\/saltea-royal160x200\/","name":"Saltea Royal 160x200 - mobila import - canapele,dormitoare,paturi","isPartOf":{"@id":"https:\/\/mobiladeluxonline.ro\/#website"},"primaryImageOfPage":{"@id":"https:\/\/mobiladeluxonline.ro\/p\/saltea-royal160x200\/#primaryimage"},"image":{"@id":"https:\/\/mobiladeluxonline.ro\/p\/saltea-royal160x200\/#primaryimage"},"thumbnailUrl":"https:\/\/mobiladeluxonline.ro\/wp-content\/uploads\/2024\/03\/Untitled-8.jpg","datePublished":"2024-03-18T09:50:08+00:00","dateModified":"2025-04-25T12:39:28+00:00","description":"Saltea Royal 1.6m . Comanda acum la superpret.Pretul este pentru dimensiunea de 1.6x2m.","breadcrumb":{"@id":"https:\/\/mobiladeluxonline.ro\/p\/saltea-royal160x200\/#breadcrumb"},"inLanguage":"en-US","potentialAction":[{"@type":"ReadAction","target":["https:\/\/mobiladeluxonline.ro\/p\/saltea-royal160x200\/"]}]},{"@type":"ImageObject","inLanguage":"en-US","@id":"https:\/\/mobiladeluxonline.ro\/p\/saltea-royal160x200\/#primaryimage","url":"https:\/\/mobiladeluxonline.ro\/wp-content\/uploads\/2024\/03\/Untitled-8.jpg","contentUrl":"https:\/\/mobiladeluxonline.ro\/wp-content\/uploads\/2024\/03\/Untitled-8.jpg","width":1092,"height":757},{"@type":"BreadcrumbList","@id":"https:\/\/mobiladeluxonline.ro\/p\/saltea-royal160x200\/#breadcrumb","itemListElement":[{"@type":"ListItem","position":1,"name":"Prima pagin\u0103","item":"https:\/\/mobiladeluxonline.ro\/"},{"@type":"ListItem","position":2,"name":"Produse","item":"https:\/\/mobiladeluxonline.ro\/produse\/"},{"@type":"ListItem","position":3,"name":"Saltea Royal 160&#215;200"}]},{"@type":"WebSite","@id":"https:\/\/mobiladeluxonline.ro\/#website","url":"https:\/\/mobiladeluxonline.ro\/","name":"MobilaDeLuxOnline.ro","description":"","potentialAction":[{"@type":"SearchAction","target":{"@type":"EntryPoint","urlTemplate":"https:\/\/mobiladeluxonline.ro\/?s={search_term_string}"},"query-input":{"@type":"PropertyValueSpecification","valueRequired":true,"valueName":"search_term_string"}}],"inLanguage":"en-US"}]}},"_links":{"self":[{"href":"https:\/\/mobiladeluxonline.ro\/en\/wp-json\/wp\/v2\/product\/6133","targetHints":{"allow":["GET"]}}],"collection":[{"href":"https:\/\/mobiladeluxonline.ro\/en\/wp-json\/wp\/v2\/product"}],"about":[{"href":"https:\/\/mobiladeluxonline.ro\/en\/wp-json\/wp\/v2\/types\/product"}],"replies":[{"embeddable":true,"href":"https:\/\/mobiladeluxonline.ro\/en\/wp-json\/wp\/v2\/comments?post=6133"}],"wp:featuredmedia":[{"embeddable":true,"href":"https:\/\/mobiladeluxonline.ro\/en\/wp-json\/wp\/v2\/media\/6134"}],"wp:attachment":[{"href":"https:\/\/mobiladeluxonline.ro\/en\/wp-json\/wp\/v2\/media?parent=6133"}],"wp:term":[{"taxonomy":"product_brand","embeddable":true,"href":"https:\/\/mobiladeluxonline.ro\/en\/wp-json\/wp\/v2\/product_brand?post=6133"},{"taxonomy":"product_cat","embeddable":true,"href":"https:\/\/mobiladeluxonline.ro\/en\/wp-json\/wp\/v2\/product_cat?post=6133"},{"taxonomy":"product_tag","embeddable":true,"href":"https:\/\/mobiladeluxonline.ro\/en\/wp-json\/wp\/v2\/product_tag?post=6133"}],"curies":[{"name":"wp","href":"https:\/\/api.w.org\/{rel}","templated":true}]}}