{"id":6151,"date":"2024-03-18T12:30:10","date_gmt":"2024-03-18T10:30:10","guid":{"rendered":"https:\/\/mobiladeluxonline.ro\/?post_type=product&#038;p=6151"},"modified":"2025-04-25T14:39:58","modified_gmt":"2025-04-25T12:39:58","slug":"pat-tapitat-synergy-160x200","status":"publish","type":"product","link":"https:\/\/mobiladeluxonline.ro\/en\/p\/pat-tapitat-synergy-160x200\/","title":{"rendered":"Pat Tapitat Synergy 160&#215;200"},"content":{"rendered":"<p>Pat Tapitat Synergy 1.6m.<br \/>\nNoul pat modern Synergy de la Istikbal \u00een stil ultra modern.<br \/>\nT\u0103blie cu un design distinct \u00eentr-un stil futurist \u0219i geometrii inteligente datorit\u0103 liniilor sale verticale. Un alt element care \u00eel face unic este iluminatul integrat pe ambele p\u0103r\u021bi ale patului precum \u0219i mesele laterale care pot fi amplasate suplimentar.<br \/>\nSpatiu de depozitare cu mecanism de ridicare.<br \/>\nConstruc\u021bie robust\u0103.<br \/>\nInclude si 4 amortizoare de siguranta pentru ridicarea usoara a saltelei.<br \/>\nTotal Silence System (TSS): Design \u0219i construc\u021bie special\u0103 a patului pentru o absen\u021b\u0103 absolut\u0103 a sc\u00e2r\u021b\u00e2iturilor datorit\u0103 tehnologiei TSS.<br \/>\nPicioarele \u00eenalte asigur\u0103 o cur\u0103\u021bare u\u0219oar\u0103.<br \/>\n*Pretul nu include mesele laterale.<br \/>\nCuloarea produsului poate diferi in realitate, in functie de specificatiile materialului sau setarile ecranului dispozitivului folosit.<br \/>\nMontaj: Se monteaz\u0103 u\u0219or Termen de livrare 1-8 saptamani.<\/p>","protected":false},"excerpt":{"rendered":"<p>TRANSPORT GRATUIT*<br \/>\nNoul pat modern Synergy de la Istikbal \u00een stil ultra modern.<br \/>\nT\u0103blie cu un design distinct \u00eentr-un stil futurist \u0219i geometrii inteligente datorit\u0103 liniilor sale verticale. Un alt element care \u00eel face unic este iluminatul integrat pe ambele p\u0103r\u021bi ale patului precum \u0219i mesele laterale care pot fi amplasate suplimentar.<br \/>\nSpatiu de depozitare cu mecanism de ridicare.<br \/>\nConstruc\u021bie robust\u0103.<br \/>\n*Impreuna cu achizitia unei saltele (in principalele orase)<\/p>","protected":false},"featured_media":6152,"comment_status":"open","ping_status":"closed","template":"","meta":[],"product_brand":[],"product_cat":[61],"product_tag":[],"class_list":{"0":"post-6151","1":"product","2":"type-product","3":"status-publish","4":"has-post-thumbnail","6":"product_cat-paturi-tapitate","8":"first","9":"instock","10":"shipping-taxable","11":"purchasable","12":"product-type-simple"},"yoast_head":"<!-- This site is optimized with the Yoast SEO plugin v27.4 - https:\/\/yoast.com\/product\/yoast-seo-wordpress\/ -->\n<title>Pat Tapitat Synergy 160x200 - mobila import - canapele,dormitoare,paturi<\/title>\n<meta name=\"description\" content=\"Pat Tapitat Synergy 1.6m . Comanda acum la superpret. Pretul este pentru dimensiunea de 1.6x2m.\" \/>\n<meta name=\"robots\" content=\"index, follow, max-snippet:-1, max-image-preview:large, max-video-preview:-1\" \/>\n<link rel=\"canonical\" href=\"https:\/\/mobiladeluxonline.ro\/en\/p\/pat-tapitat-synergy-160x200\/\" \/>\n<meta property=\"og:locale\" content=\"en_US\" \/>\n<meta property=\"og:type\" content=\"article\" \/>\n<meta property=\"og:title\" content=\"Pat Tapitat Synergy 160x200 - mobila import - canapele,dormitoare,paturi\" \/>\n<meta property=\"og:description\" content=\"Pat Tapitat Synergy 1.6m . Comanda acum la superpret. Pretul este pentru dimensiunea de 1.6x2m.\" \/>\n<meta property=\"og:url\" content=\"https:\/\/mobiladeluxonline.ro\/en\/p\/pat-tapitat-synergy-160x200\/\" \/>\n<meta property=\"og:site_name\" content=\"MobilaDeLuxOnline.ro\" \/>\n<meta property=\"article:modified_time\" content=\"2025-04-25T12:39:58+00:00\" \/>\n<meta property=\"og:image\" content=\"https:\/\/mobiladeluxonline.ro\/wp-content\/uploads\/2024\/03\/Untitled-11.jpg\" \/>\n\t<meta property=\"og:image:width\" content=\"994\" \/>\n\t<meta property=\"og:image:height\" content=\"745\" \/>\n\t<meta property=\"og:image:type\" content=\"image\/jpeg\" \/>\n<meta name=\"twitter:card\" content=\"summary_large_image\" \/>\n<meta name=\"twitter:label1\" content=\"Est. reading time\" \/>\n\t<meta name=\"twitter:data1\" content=\"1 minute\" \/>\n<script type=\"application\/ld+json\" class=\"yoast-schema-graph\">{\"@context\":\"https:\\\/\\\/schema.org\",\"@graph\":[{\"@type\":\"WebPage\",\"@id\":\"https:\\\/\\\/mobiladeluxonline.ro\\\/p\\\/pat-tapitat-synergy-160x200\\\/\",\"url\":\"https:\\\/\\\/mobiladeluxonline.ro\\\/p\\\/pat-tapitat-synergy-160x200\\\/\",\"name\":\"Pat Tapitat Synergy 160x200 - mobila import - canapele,dormitoare,paturi\",\"isPartOf\":{\"@id\":\"https:\\\/\\\/mobiladeluxonline.ro\\\/#website\"},\"primaryImageOfPage\":{\"@id\":\"https:\\\/\\\/mobiladeluxonline.ro\\\/p\\\/pat-tapitat-synergy-160x200\\\/#primaryimage\"},\"image\":{\"@id\":\"https:\\\/\\\/mobiladeluxonline.ro\\\/p\\\/pat-tapitat-synergy-160x200\\\/#primaryimage\"},\"thumbnailUrl\":\"https:\\\/\\\/mobiladeluxonline.ro\\\/wp-content\\\/uploads\\\/2024\\\/03\\\/Untitled-11.jpg\",\"datePublished\":\"2024-03-18T10:30:10+00:00\",\"dateModified\":\"2025-04-25T12:39:58+00:00\",\"description\":\"Pat Tapitat Synergy 1.6m . Comanda acum la superpret. Pretul este pentru dimensiunea de 1.6x2m.\",\"breadcrumb\":{\"@id\":\"https:\\\/\\\/mobiladeluxonline.ro\\\/p\\\/pat-tapitat-synergy-160x200\\\/#breadcrumb\"},\"inLanguage\":\"en-US\",\"potentialAction\":[{\"@type\":\"ReadAction\",\"target\":[\"https:\\\/\\\/mobiladeluxonline.ro\\\/p\\\/pat-tapitat-synergy-160x200\\\/\"]}]},{\"@type\":\"ImageObject\",\"inLanguage\":\"en-US\",\"@id\":\"https:\\\/\\\/mobiladeluxonline.ro\\\/p\\\/pat-tapitat-synergy-160x200\\\/#primaryimage\",\"url\":\"https:\\\/\\\/mobiladeluxonline.ro\\\/wp-content\\\/uploads\\\/2024\\\/03\\\/Untitled-11.jpg\",\"contentUrl\":\"https:\\\/\\\/mobiladeluxonline.ro\\\/wp-content\\\/uploads\\\/2024\\\/03\\\/Untitled-11.jpg\",\"width\":994,\"height\":745},{\"@type\":\"BreadcrumbList\",\"@id\":\"https:\\\/\\\/mobiladeluxonline.ro\\\/p\\\/pat-tapitat-synergy-160x200\\\/#breadcrumb\",\"itemListElement\":[{\"@type\":\"ListItem\",\"position\":1,\"name\":\"Prima pagin\u0103\",\"item\":\"https:\\\/\\\/mobiladeluxonline.ro\\\/\"},{\"@type\":\"ListItem\",\"position\":2,\"name\":\"Produse\",\"item\":\"https:\\\/\\\/mobiladeluxonline.ro\\\/produse\\\/\"},{\"@type\":\"ListItem\",\"position\":3,\"name\":\"Pat Tapitat Synergy 160&#215;200\"}]},{\"@type\":\"WebSite\",\"@id\":\"https:\\\/\\\/mobiladeluxonline.ro\\\/#website\",\"url\":\"https:\\\/\\\/mobiladeluxonline.ro\\\/\",\"name\":\"MobilaDeLuxOnline.ro\",\"description\":\"\",\"potentialAction\":[{\"@type\":\"SearchAction\",\"target\":{\"@type\":\"EntryPoint\",\"urlTemplate\":\"https:\\\/\\\/mobiladeluxonline.ro\\\/?s={search_term_string}\"},\"query-input\":{\"@type\":\"PropertyValueSpecification\",\"valueRequired\":true,\"valueName\":\"search_term_string\"}}],\"inLanguage\":\"en-US\"}]}<\/script>\n<!-- \/ Yoast SEO plugin. -->","yoast_head_json":{"title":"Pat Tapitat Synergy 160x200 - mobila import - canapele,dormitoare,paturi","description":"Pat Tapitat Synergy 1.6m . Comanda acum la superpret. Pretul este pentru dimensiunea de 1.6x2m.","robots":{"index":"index","follow":"follow","max-snippet":"max-snippet:-1","max-image-preview":"max-image-preview:large","max-video-preview":"max-video-preview:-1"},"canonical":"https:\/\/mobiladeluxonline.ro\/en\/p\/pat-tapitat-synergy-160x200\/","og_locale":"en_US","og_type":"article","og_title":"Pat Tapitat Synergy 160x200 - mobila import - canapele,dormitoare,paturi","og_description":"Pat Tapitat Synergy 1.6m . Comanda acum la superpret. Pretul este pentru dimensiunea de 1.6x2m.","og_url":"https:\/\/mobiladeluxonline.ro\/en\/p\/pat-tapitat-synergy-160x200\/","og_site_name":"MobilaDeLuxOnline.ro","article_modified_time":"2025-04-25T12:39:58+00:00","og_image":[{"width":994,"height":745,"url":"https:\/\/mobiladeluxonline.ro\/wp-content\/uploads\/2024\/03\/Untitled-11.jpg","type":"image\/jpeg"}],"twitter_card":"summary_large_image","twitter_misc":{"Est. reading time":"1 minute"},"schema":{"@context":"https:\/\/schema.org","@graph":[{"@type":"WebPage","@id":"https:\/\/mobiladeluxonline.ro\/p\/pat-tapitat-synergy-160x200\/","url":"https:\/\/mobiladeluxonline.ro\/p\/pat-tapitat-synergy-160x200\/","name":"Pat Tapitat Synergy 160x200 - mobila import - canapele,dormitoare,paturi","isPartOf":{"@id":"https:\/\/mobiladeluxonline.ro\/#website"},"primaryImageOfPage":{"@id":"https:\/\/mobiladeluxonline.ro\/p\/pat-tapitat-synergy-160x200\/#primaryimage"},"image":{"@id":"https:\/\/mobiladeluxonline.ro\/p\/pat-tapitat-synergy-160x200\/#primaryimage"},"thumbnailUrl":"https:\/\/mobiladeluxonline.ro\/wp-content\/uploads\/2024\/03\/Untitled-11.jpg","datePublished":"2024-03-18T10:30:10+00:00","dateModified":"2025-04-25T12:39:58+00:00","description":"Pat Tapitat Synergy 1.6m . Comanda acum la superpret. Pretul este pentru dimensiunea de 1.6x2m.","breadcrumb":{"@id":"https:\/\/mobiladeluxonline.ro\/p\/pat-tapitat-synergy-160x200\/#breadcrumb"},"inLanguage":"en-US","potentialAction":[{"@type":"ReadAction","target":["https:\/\/mobiladeluxonline.ro\/p\/pat-tapitat-synergy-160x200\/"]}]},{"@type":"ImageObject","inLanguage":"en-US","@id":"https:\/\/mobiladeluxonline.ro\/p\/pat-tapitat-synergy-160x200\/#primaryimage","url":"https:\/\/mobiladeluxonline.ro\/wp-content\/uploads\/2024\/03\/Untitled-11.jpg","contentUrl":"https:\/\/mobiladeluxonline.ro\/wp-content\/uploads\/2024\/03\/Untitled-11.jpg","width":994,"height":745},{"@type":"BreadcrumbList","@id":"https:\/\/mobiladeluxonline.ro\/p\/pat-tapitat-synergy-160x200\/#breadcrumb","itemListElement":[{"@type":"ListItem","position":1,"name":"Prima pagin\u0103","item":"https:\/\/mobiladeluxonline.ro\/"},{"@type":"ListItem","position":2,"name":"Produse","item":"https:\/\/mobiladeluxonline.ro\/produse\/"},{"@type":"ListItem","position":3,"name":"Pat Tapitat Synergy 160&#215;200"}]},{"@type":"WebSite","@id":"https:\/\/mobiladeluxonline.ro\/#website","url":"https:\/\/mobiladeluxonline.ro\/","name":"MobilaDeLuxOnline.ro","description":"","potentialAction":[{"@type":"SearchAction","target":{"@type":"EntryPoint","urlTemplate":"https:\/\/mobiladeluxonline.ro\/?s={search_term_string}"},"query-input":{"@type":"PropertyValueSpecification","valueRequired":true,"valueName":"search_term_string"}}],"inLanguage":"en-US"}]}},"_links":{"self":[{"href":"https:\/\/mobiladeluxonline.ro\/en\/wp-json\/wp\/v2\/product\/6151","targetHints":{"allow":["GET"]}}],"collection":[{"href":"https:\/\/mobiladeluxonline.ro\/en\/wp-json\/wp\/v2\/product"}],"about":[{"href":"https:\/\/mobiladeluxonline.ro\/en\/wp-json\/wp\/v2\/types\/product"}],"replies":[{"embeddable":true,"href":"https:\/\/mobiladeluxonline.ro\/en\/wp-json\/wp\/v2\/comments?post=6151"}],"wp:featuredmedia":[{"embeddable":true,"href":"https:\/\/mobiladeluxonline.ro\/en\/wp-json\/wp\/v2\/media\/6152"}],"wp:attachment":[{"href":"https:\/\/mobiladeluxonline.ro\/en\/wp-json\/wp\/v2\/media?parent=6151"}],"wp:term":[{"taxonomy":"product_brand","embeddable":true,"href":"https:\/\/mobiladeluxonline.ro\/en\/wp-json\/wp\/v2\/product_brand?post=6151"},{"taxonomy":"product_cat","embeddable":true,"href":"https:\/\/mobiladeluxonline.ro\/en\/wp-json\/wp\/v2\/product_cat?post=6151"},{"taxonomy":"product_tag","embeddable":true,"href":"https:\/\/mobiladeluxonline.ro\/en\/wp-json\/wp\/v2\/product_tag?post=6151"}],"curies":[{"name":"wp","href":"https:\/\/api.w.org\/{rel}","templated":true}]}}