{"id":6194,"date":"2024-06-17T08:57:20","date_gmt":"2024-06-17T06:57:20","guid":{"rendered":"https:\/\/mobiladeluxonline.ro\/?post_type=product&#038;p=6194"},"modified":"2024-06-17T09:14:36","modified_gmt":"2024-06-17T07:14:36","slug":"coltar-caprice","status":"publish","type":"product","link":"https:\/\/mobiladeluxonline.ro\/en\/p\/coltar-caprice\/","title":{"rendered":"Coltar Caprice"},"content":{"rendered":"<p>Coltar Caprice .Transport Gratuit.<br \/>\nCaprice conceput cu un design diferit, adaug\u0103 o atmosfer\u0103 cald\u0103 spa\u021biilor tale de locuit, infrumusetind \u00een acela\u0219i timp e locuita ta, O elegan\u021b\u0103 diferit\u0103 cu detaliile sale.<br \/>\n*Preturile produselor difera in functie de categoria de materiale din care face parte. (Categorii disponibile K1,K2K3,A1,A2,A3).<br \/>\n\u00b7 \u021aes\u0103tur\u0103 u\u0219or de cur\u0103\u021bat<br \/>\n\u00b7 Burete non d\u0103un\u0103tor<br \/>\n\u00b7 Tesatura moale, placut la atingere<br \/>\n\u00b7 Se poate comanda canapea de 4 locuri, de 3 locuri si fotoliu in orice combinatie<br \/>\n\u00b7 Dimensiuni canapea 4 locuri:&nbsp;<br \/>\n\u00b7 Dimensiune canapea 3 locuri:&nbsp;<br \/>\n\u00b7 Dimensiune fotoliu:&nbsp;<\/p>\n<p>Acest produs este modular<\/p>","protected":false},"excerpt":{"rendered":"<p>Coltar Caprice .Transport gratuit.Acest produs este modular.Mobilier Import Turcia.Canapele fixe si extensibile,coltare,fotolii,paturi tapitate cu lada,saltele.<\/p>","protected":false},"featured_media":6195,"comment_status":"open","ping_status":"closed","template":"","meta":[],"product_brand":[],"product_cat":[548,52],"product_tag":[],"class_list":{"0":"post-6194","1":"product","2":"type-product","3":"status-publish","4":"has-post-thumbnail","6":"product_cat-canapele-coltare-canapele-si-fotolii","7":"product_cat-coltare-canapele-si-fotolii","9":"first","10":"instock","11":"shipping-taxable","12":"purchasable","13":"product-type-simple"},"yoast_head":"<!-- This site is optimized with the Yoast SEO plugin v27.4 - https:\/\/yoast.com\/product\/yoast-seo-wordpress\/ -->\n<title>Coltar Caprice - MobilaDeLuxOnline.ro<\/title>\n<meta name=\"description\" content=\"Coltar Caprice . Import Turcia.Canapele fixe si extensibile,coltare,fotolii,paturi tapitate cu lada\" \/>\n<meta name=\"robots\" content=\"index, follow, max-snippet:-1, max-image-preview:large, max-video-preview:-1\" \/>\n<link rel=\"canonical\" href=\"https:\/\/mobiladeluxonline.ro\/en\/p\/coltar-caprice\/\" \/>\n<meta property=\"og:locale\" content=\"en_US\" \/>\n<meta property=\"og:type\" content=\"article\" \/>\n<meta property=\"og:title\" content=\"Coltar Caprice - MobilaDeLuxOnline.ro\" \/>\n<meta property=\"og:description\" content=\"Coltar Caprice . Import Turcia.Canapele fixe si extensibile,coltare,fotolii,paturi tapitate cu lada\" \/>\n<meta property=\"og:url\" content=\"https:\/\/mobiladeluxonline.ro\/en\/p\/coltar-caprice\/\" \/>\n<meta property=\"og:site_name\" content=\"MobilaDeLuxOnline.ro\" \/>\n<meta property=\"article:modified_time\" content=\"2024-06-17T07:14:36+00:00\" \/>\n<meta property=\"og:image\" content=\"https:\/\/mobiladeluxonline.ro\/wp-content\/uploads\/2024\/06\/Caprice.jpg\" \/>\n\t<meta property=\"og:image:width\" content=\"946\" \/>\n\t<meta property=\"og:image:height\" content=\"760\" \/>\n\t<meta property=\"og:image:type\" content=\"image\/jpeg\" \/>\n<meta name=\"twitter:card\" content=\"summary_large_image\" \/>\n<meta name=\"twitter:label1\" content=\"Est. reading time\" \/>\n\t<meta name=\"twitter:data1\" content=\"1 minute\" \/>\n<script type=\"application\/ld+json\" class=\"yoast-schema-graph\">{\"@context\":\"https:\\\/\\\/schema.org\",\"@graph\":[{\"@type\":\"WebPage\",\"@id\":\"https:\\\/\\\/mobiladeluxonline.ro\\\/p\\\/coltar-caprice\\\/\",\"url\":\"https:\\\/\\\/mobiladeluxonline.ro\\\/p\\\/coltar-caprice\\\/\",\"name\":\"Coltar Caprice - MobilaDeLuxOnline.ro\",\"isPartOf\":{\"@id\":\"https:\\\/\\\/mobiladeluxonline.ro\\\/#website\"},\"primaryImageOfPage\":{\"@id\":\"https:\\\/\\\/mobiladeluxonline.ro\\\/p\\\/coltar-caprice\\\/#primaryimage\"},\"image\":{\"@id\":\"https:\\\/\\\/mobiladeluxonline.ro\\\/p\\\/coltar-caprice\\\/#primaryimage\"},\"thumbnailUrl\":\"https:\\\/\\\/mobiladeluxonline.ro\\\/wp-content\\\/uploads\\\/2024\\\/06\\\/Caprice.jpg\",\"datePublished\":\"2024-06-17T06:57:20+00:00\",\"dateModified\":\"2024-06-17T07:14:36+00:00\",\"description\":\"Coltar Caprice . Import Turcia.Canapele fixe si extensibile,coltare,fotolii,paturi tapitate cu lada\",\"breadcrumb\":{\"@id\":\"https:\\\/\\\/mobiladeluxonline.ro\\\/p\\\/coltar-caprice\\\/#breadcrumb\"},\"inLanguage\":\"en-US\",\"potentialAction\":[{\"@type\":\"ReadAction\",\"target\":[\"https:\\\/\\\/mobiladeluxonline.ro\\\/p\\\/coltar-caprice\\\/\"]}]},{\"@type\":\"ImageObject\",\"inLanguage\":\"en-US\",\"@id\":\"https:\\\/\\\/mobiladeluxonline.ro\\\/p\\\/coltar-caprice\\\/#primaryimage\",\"url\":\"https:\\\/\\\/mobiladeluxonline.ro\\\/wp-content\\\/uploads\\\/2024\\\/06\\\/Caprice.jpg\",\"contentUrl\":\"https:\\\/\\\/mobiladeluxonline.ro\\\/wp-content\\\/uploads\\\/2024\\\/06\\\/Caprice.jpg\",\"width\":946,\"height\":760},{\"@type\":\"BreadcrumbList\",\"@id\":\"https:\\\/\\\/mobiladeluxonline.ro\\\/p\\\/coltar-caprice\\\/#breadcrumb\",\"itemListElement\":[{\"@type\":\"ListItem\",\"position\":1,\"name\":\"Prima pagin\u0103\",\"item\":\"https:\\\/\\\/mobiladeluxonline.ro\\\/\"},{\"@type\":\"ListItem\",\"position\":2,\"name\":\"Produse\",\"item\":\"https:\\\/\\\/mobiladeluxonline.ro\\\/produse\\\/\"},{\"@type\":\"ListItem\",\"position\":3,\"name\":\"Coltar Caprice\"}]},{\"@type\":\"WebSite\",\"@id\":\"https:\\\/\\\/mobiladeluxonline.ro\\\/#website\",\"url\":\"https:\\\/\\\/mobiladeluxonline.ro\\\/\",\"name\":\"MobilaDeLuxOnline.ro\",\"description\":\"\",\"potentialAction\":[{\"@type\":\"SearchAction\",\"target\":{\"@type\":\"EntryPoint\",\"urlTemplate\":\"https:\\\/\\\/mobiladeluxonline.ro\\\/?s={search_term_string}\"},\"query-input\":{\"@type\":\"PropertyValueSpecification\",\"valueRequired\":true,\"valueName\":\"search_term_string\"}}],\"inLanguage\":\"en-US\"}]}<\/script>\n<!-- \/ Yoast SEO plugin. -->","yoast_head_json":{"title":"Coltar Caprice - MobilaDeLuxOnline.ro","description":"Coltar Caprice . Import Turcia.Canapele fixe si extensibile,coltare,fotolii,paturi tapitate cu lada","robots":{"index":"index","follow":"follow","max-snippet":"max-snippet:-1","max-image-preview":"max-image-preview:large","max-video-preview":"max-video-preview:-1"},"canonical":"https:\/\/mobiladeluxonline.ro\/en\/p\/coltar-caprice\/","og_locale":"en_US","og_type":"article","og_title":"Coltar Caprice - MobilaDeLuxOnline.ro","og_description":"Coltar Caprice . Import Turcia.Canapele fixe si extensibile,coltare,fotolii,paturi tapitate cu lada","og_url":"https:\/\/mobiladeluxonline.ro\/en\/p\/coltar-caprice\/","og_site_name":"MobilaDeLuxOnline.ro","article_modified_time":"2024-06-17T07:14:36+00:00","og_image":[{"width":946,"height":760,"url":"https:\/\/mobiladeluxonline.ro\/wp-content\/uploads\/2024\/06\/Caprice.jpg","type":"image\/jpeg"}],"twitter_card":"summary_large_image","twitter_misc":{"Est. reading time":"1 minute"},"schema":{"@context":"https:\/\/schema.org","@graph":[{"@type":"WebPage","@id":"https:\/\/mobiladeluxonline.ro\/p\/coltar-caprice\/","url":"https:\/\/mobiladeluxonline.ro\/p\/coltar-caprice\/","name":"Coltar Caprice - MobilaDeLuxOnline.ro","isPartOf":{"@id":"https:\/\/mobiladeluxonline.ro\/#website"},"primaryImageOfPage":{"@id":"https:\/\/mobiladeluxonline.ro\/p\/coltar-caprice\/#primaryimage"},"image":{"@id":"https:\/\/mobiladeluxonline.ro\/p\/coltar-caprice\/#primaryimage"},"thumbnailUrl":"https:\/\/mobiladeluxonline.ro\/wp-content\/uploads\/2024\/06\/Caprice.jpg","datePublished":"2024-06-17T06:57:20+00:00","dateModified":"2024-06-17T07:14:36+00:00","description":"Coltar Caprice . Import Turcia.Canapele fixe si extensibile,coltare,fotolii,paturi tapitate cu lada","breadcrumb":{"@id":"https:\/\/mobiladeluxonline.ro\/p\/coltar-caprice\/#breadcrumb"},"inLanguage":"en-US","potentialAction":[{"@type":"ReadAction","target":["https:\/\/mobiladeluxonline.ro\/p\/coltar-caprice\/"]}]},{"@type":"ImageObject","inLanguage":"en-US","@id":"https:\/\/mobiladeluxonline.ro\/p\/coltar-caprice\/#primaryimage","url":"https:\/\/mobiladeluxonline.ro\/wp-content\/uploads\/2024\/06\/Caprice.jpg","contentUrl":"https:\/\/mobiladeluxonline.ro\/wp-content\/uploads\/2024\/06\/Caprice.jpg","width":946,"height":760},{"@type":"BreadcrumbList","@id":"https:\/\/mobiladeluxonline.ro\/p\/coltar-caprice\/#breadcrumb","itemListElement":[{"@type":"ListItem","position":1,"name":"Prima pagin\u0103","item":"https:\/\/mobiladeluxonline.ro\/"},{"@type":"ListItem","position":2,"name":"Produse","item":"https:\/\/mobiladeluxonline.ro\/produse\/"},{"@type":"ListItem","position":3,"name":"Coltar Caprice"}]},{"@type":"WebSite","@id":"https:\/\/mobiladeluxonline.ro\/#website","url":"https:\/\/mobiladeluxonline.ro\/","name":"MobilaDeLuxOnline.ro","description":"","potentialAction":[{"@type":"SearchAction","target":{"@type":"EntryPoint","urlTemplate":"https:\/\/mobiladeluxonline.ro\/?s={search_term_string}"},"query-input":{"@type":"PropertyValueSpecification","valueRequired":true,"valueName":"search_term_string"}}],"inLanguage":"en-US"}]}},"_links":{"self":[{"href":"https:\/\/mobiladeluxonline.ro\/en\/wp-json\/wp\/v2\/product\/6194","targetHints":{"allow":["GET"]}}],"collection":[{"href":"https:\/\/mobiladeluxonline.ro\/en\/wp-json\/wp\/v2\/product"}],"about":[{"href":"https:\/\/mobiladeluxonline.ro\/en\/wp-json\/wp\/v2\/types\/product"}],"replies":[{"embeddable":true,"href":"https:\/\/mobiladeluxonline.ro\/en\/wp-json\/wp\/v2\/comments?post=6194"}],"wp:featuredmedia":[{"embeddable":true,"href":"https:\/\/mobiladeluxonline.ro\/en\/wp-json\/wp\/v2\/media\/6195"}],"wp:attachment":[{"href":"https:\/\/mobiladeluxonline.ro\/en\/wp-json\/wp\/v2\/media?parent=6194"}],"wp:term":[{"taxonomy":"product_brand","embeddable":true,"href":"https:\/\/mobiladeluxonline.ro\/en\/wp-json\/wp\/v2\/product_brand?post=6194"},{"taxonomy":"product_cat","embeddable":true,"href":"https:\/\/mobiladeluxonline.ro\/en\/wp-json\/wp\/v2\/product_cat?post=6194"},{"taxonomy":"product_tag","embeddable":true,"href":"https:\/\/mobiladeluxonline.ro\/en\/wp-json\/wp\/v2\/product_tag?post=6194"}],"curies":[{"name":"wp","href":"https:\/\/api.w.org\/{rel}","templated":true}]}}