{"id":6385,"date":"2025-03-11T12:14:50","date_gmt":"2025-03-11T10:14:50","guid":{"rendered":"https:\/\/mobiladeluxonline.ro\/?post_type=product&#038;p=6385"},"modified":"2025-11-07T10:11:12","modified_gmt":"2025-11-07T08:11:12","slug":"pat-tapitat-blacksand-160x200","status":"publish","type":"product","link":"https:\/\/mobiladeluxonline.ro\/en\/p\/pat-tapitat-blacksand-160x200\/","title":{"rendered":"Pat tapitat Blacksand 160&#215;200"},"content":{"rendered":"<p>Pat tapitat Blacksand 160&#215;200<br \/>\nPaturi tapitate cu schelet metalic si lada de depozitare mare. Comanda acum si beneficiezi de cele mai bune preturi.<br \/>\nPretul este pentru dimensiunea de 1.6&#215;2 m si nu cuprinde salteaua si noptierele. Pentru alte dimensiuni puteti sa ne contactati telefonic sau pe email.<\/p>\n<ul>\n<li>\u00cembr\u0103c\u0103minte din \u021bes\u0103tur\u0103 importat\u0103, rezistent\u0103, durabil\u0103 \u0219i u\u0219or de cur\u0103\u021bat.<\/li>\n<li>Structur\u0103 din o\u021bel inoxidabil, rezistent\u0103 la greut\u0103\u021bi mari.<\/li>\n<li>Blocaj de siguran\u021b\u0103 \u00een amortizoare.<\/li>\n<li>Capsule de ventila\u021bie care previn umezeala \u0219i condensul.<\/li>\n<li>Picioare \u00eenalte, elegante, pentru o cur\u0103\u021bare u\u0219oar\u0103.<\/li>\n<li>M\u00e2ner flexibil \u0219i rezistent pentru baz\u0103.<\/li>\n<li>Sistem de balansor care permite deschiderea simultan\u0103 a capacelor.<\/li>\n<li>Compartiment spa\u021bios cu lada integrat\u0103.<\/li>\n<li>Amortizoare care faciliteaz\u0103 deschiderea u\u0219oar\u0103 a bazei.<\/li>\n<li>Sistem Stopper pentru \u00eenchidere silen\u021bioas\u0103.<\/li>\n<li>Nisipul negru magnetic este o substan\u021b\u0103 natural\u0103 despre care se spune c\u0103 are propriet\u0103\u021bi care echilibreaz\u0103 energia biologic\u0103 \u0219i regleaz\u0103 func\u021biile vie\u021bii \u0219i este compus\u0103 din boabe formate dintr-o combina\u021bie de minerale. Datorit\u0103 propriet\u0103\u021bilor sale magnetice, ajut\u0103 la reglarea rezonan\u021bei magnetice a organismului. Ajut\u0103 la corectarea dezechilibrelor care apar \u00een organism din cauza acumul\u0103rii de nereguli magnetice cauzate de poluarea electromagnetic\u0103 emis\u0103 de dispozitivele tehnologice \u0219i de condi\u021biile stresante ale vie\u021bii de ora\u0219 \u00een timpul somnului. Acest proces activeaz\u0103 mecanismele de reparare ale organismului \u0219i \u00eent\u0103re\u0219te sistemul imunitar. De asemenea, contribuie la vindecarea afec\u021biunilor fizice cauzate de problemele de circula\u021bie a s\u00e2ngelui.<\/li>\n<\/ul>","protected":false},"excerpt":{"rendered":"<p>Paturi tapitate cu schelet metalic si lada de depozitare mare. Comanda acum si beneficiezi de cele mai bune preturi.Pretul este pentru dimensiunea de 1.6x2m.Pret noptiera 1590 lei buc<\/p>","protected":false},"featured_media":6374,"comment_status":"open","ping_status":"closed","template":"","meta":[],"product_brand":[],"product_cat":[61],"product_tag":[490,488],"class_list":{"0":"post-6385","1":"product","2":"type-product","3":"status-publish","4":"has-post-thumbnail","6":"product_cat-paturi-tapitate","7":"product_tag-pat-de-lux","8":"product_tag-pat-tapitat","10":"first","11":"instock","12":"sale","13":"shipping-taxable","14":"purchasable","15":"product-type-simple"},"yoast_head":"<!-- This site is optimized with the Yoast SEO plugin v27.5 - https:\/\/yoast.com\/product\/yoast-seo-wordpress\/ -->\n<title>Pat tapitat Blacksand 160x200 - Paturi matrimoniale tapitate de lux<\/title>\n<meta name=\"description\" content=\"Pat tapitat Blacksand 160x200 cu schelet metalic si\u00a0 lada de depozitare mare. Comanda acum la superpret. Paturi matrimoniale tapitate de lux .\" \/>\n<meta name=\"robots\" content=\"index, follow, max-snippet:-1, max-image-preview:large, max-video-preview:-1\" \/>\n<link rel=\"canonical\" href=\"https:\/\/mobiladeluxonline.ro\/en\/p\/pat-tapitat-blacksand-160x200\/\" \/>\n<meta property=\"og:locale\" content=\"en_US\" \/>\n<meta property=\"og:type\" content=\"article\" \/>\n<meta property=\"og:title\" content=\"Pat tapitat Blacksand 160x200 - Paturi matrimoniale tapitate de lux\" \/>\n<meta property=\"og:description\" content=\"Pat tapitat Blacksand 160x200 cu schelet metalic si\u00a0 lada de depozitare mare. Comanda acum la superpret. Paturi matrimoniale tapitate de lux .\" \/>\n<meta property=\"og:url\" content=\"https:\/\/mobiladeluxonline.ro\/en\/p\/pat-tapitat-blacksand-160x200\/\" \/>\n<meta property=\"og:site_name\" content=\"MobilaDeLuxOnline.ro\" \/>\n<meta property=\"article:modified_time\" content=\"2025-11-07T08:11:12+00:00\" \/>\n<meta property=\"og:image\" content=\"https:\/\/mobiladeluxonline.ro\/wp-content\/uploads\/2025\/03\/1.jpg\" \/>\n\t<meta property=\"og:image:width\" content=\"1143\" \/>\n\t<meta property=\"og:image:height\" content=\"755\" \/>\n\t<meta property=\"og:image:type\" content=\"image\/jpeg\" \/>\n<meta name=\"twitter:card\" content=\"summary_large_image\" \/>\n<meta name=\"twitter:label1\" content=\"Est. reading time\" \/>\n\t<meta name=\"twitter:data1\" content=\"2 minutes\" \/>\n<script type=\"application\/ld+json\" class=\"yoast-schema-graph\">{\"@context\":\"https:\\\/\\\/schema.org\",\"@graph\":[{\"@type\":\"WebPage\",\"@id\":\"https:\\\/\\\/mobiladeluxonline.ro\\\/p\\\/pat-tapitat-blacksand-160x200\\\/\",\"url\":\"https:\\\/\\\/mobiladeluxonline.ro\\\/p\\\/pat-tapitat-blacksand-160x200\\\/\",\"name\":\"Pat tapitat Blacksand 160x200 - Paturi matrimoniale tapitate de lux\",\"isPartOf\":{\"@id\":\"https:\\\/\\\/mobiladeluxonline.ro\\\/#website\"},\"primaryImageOfPage\":{\"@id\":\"https:\\\/\\\/mobiladeluxonline.ro\\\/p\\\/pat-tapitat-blacksand-160x200\\\/#primaryimage\"},\"image\":{\"@id\":\"https:\\\/\\\/mobiladeluxonline.ro\\\/p\\\/pat-tapitat-blacksand-160x200\\\/#primaryimage\"},\"thumbnailUrl\":\"https:\\\/\\\/mobiladeluxonline.ro\\\/wp-content\\\/uploads\\\/2025\\\/03\\\/1.jpg\",\"datePublished\":\"2025-03-11T10:14:50+00:00\",\"dateModified\":\"2025-11-07T08:11:12+00:00\",\"description\":\"Pat tapitat Blacksand 160x200 cu schelet metalic si\u00a0 lada de depozitare mare. Comanda acum la superpret. Paturi matrimoniale tapitate de lux .\",\"breadcrumb\":{\"@id\":\"https:\\\/\\\/mobiladeluxonline.ro\\\/p\\\/pat-tapitat-blacksand-160x200\\\/#breadcrumb\"},\"inLanguage\":\"en-US\",\"potentialAction\":[{\"@type\":\"ReadAction\",\"target\":[\"https:\\\/\\\/mobiladeluxonline.ro\\\/p\\\/pat-tapitat-blacksand-160x200\\\/\"]}]},{\"@type\":\"ImageObject\",\"inLanguage\":\"en-US\",\"@id\":\"https:\\\/\\\/mobiladeluxonline.ro\\\/p\\\/pat-tapitat-blacksand-160x200\\\/#primaryimage\",\"url\":\"https:\\\/\\\/mobiladeluxonline.ro\\\/wp-content\\\/uploads\\\/2025\\\/03\\\/1.jpg\",\"contentUrl\":\"https:\\\/\\\/mobiladeluxonline.ro\\\/wp-content\\\/uploads\\\/2025\\\/03\\\/1.jpg\",\"width\":1143,\"height\":755},{\"@type\":\"BreadcrumbList\",\"@id\":\"https:\\\/\\\/mobiladeluxonline.ro\\\/p\\\/pat-tapitat-blacksand-160x200\\\/#breadcrumb\",\"itemListElement\":[{\"@type\":\"ListItem\",\"position\":1,\"name\":\"Prima pagin\u0103\",\"item\":\"https:\\\/\\\/mobiladeluxonline.ro\\\/\"},{\"@type\":\"ListItem\",\"position\":2,\"name\":\"Produse\",\"item\":\"https:\\\/\\\/mobiladeluxonline.ro\\\/produse\\\/\"},{\"@type\":\"ListItem\",\"position\":3,\"name\":\"Pat tapitat Blacksand 160&#215;200\"}]},{\"@type\":\"WebSite\",\"@id\":\"https:\\\/\\\/mobiladeluxonline.ro\\\/#website\",\"url\":\"https:\\\/\\\/mobiladeluxonline.ro\\\/\",\"name\":\"MobilaDeLuxOnline.ro\",\"description\":\"\",\"potentialAction\":[{\"@type\":\"SearchAction\",\"target\":{\"@type\":\"EntryPoint\",\"urlTemplate\":\"https:\\\/\\\/mobiladeluxonline.ro\\\/?s={search_term_string}\"},\"query-input\":{\"@type\":\"PropertyValueSpecification\",\"valueRequired\":true,\"valueName\":\"search_term_string\"}}],\"inLanguage\":\"en-US\"}]}<\/script>\n<!-- \/ Yoast SEO plugin. -->","yoast_head_json":{"title":"Pat tapitat Blacksand 160x200 - Paturi matrimoniale tapitate de lux","description":"Pat tapitat Blacksand 160x200 cu schelet metalic si\u00a0 lada de depozitare mare. Comanda acum la superpret. Paturi matrimoniale tapitate de lux .","robots":{"index":"index","follow":"follow","max-snippet":"max-snippet:-1","max-image-preview":"max-image-preview:large","max-video-preview":"max-video-preview:-1"},"canonical":"https:\/\/mobiladeluxonline.ro\/en\/p\/pat-tapitat-blacksand-160x200\/","og_locale":"en_US","og_type":"article","og_title":"Pat tapitat Blacksand 160x200 - Paturi matrimoniale tapitate de lux","og_description":"Pat tapitat Blacksand 160x200 cu schelet metalic si\u00a0 lada de depozitare mare. Comanda acum la superpret. Paturi matrimoniale tapitate de lux .","og_url":"https:\/\/mobiladeluxonline.ro\/en\/p\/pat-tapitat-blacksand-160x200\/","og_site_name":"MobilaDeLuxOnline.ro","article_modified_time":"2025-11-07T08:11:12+00:00","og_image":[{"width":1143,"height":755,"url":"https:\/\/mobiladeluxonline.ro\/wp-content\/uploads\/2025\/03\/1.jpg","type":"image\/jpeg"}],"twitter_card":"summary_large_image","twitter_misc":{"Est. reading time":"2 minutes"},"schema":{"@context":"https:\/\/schema.org","@graph":[{"@type":"WebPage","@id":"https:\/\/mobiladeluxonline.ro\/p\/pat-tapitat-blacksand-160x200\/","url":"https:\/\/mobiladeluxonline.ro\/p\/pat-tapitat-blacksand-160x200\/","name":"Pat tapitat Blacksand 160x200 - Paturi matrimoniale tapitate de lux","isPartOf":{"@id":"https:\/\/mobiladeluxonline.ro\/#website"},"primaryImageOfPage":{"@id":"https:\/\/mobiladeluxonline.ro\/p\/pat-tapitat-blacksand-160x200\/#primaryimage"},"image":{"@id":"https:\/\/mobiladeluxonline.ro\/p\/pat-tapitat-blacksand-160x200\/#primaryimage"},"thumbnailUrl":"https:\/\/mobiladeluxonline.ro\/wp-content\/uploads\/2025\/03\/1.jpg","datePublished":"2025-03-11T10:14:50+00:00","dateModified":"2025-11-07T08:11:12+00:00","description":"Pat tapitat Blacksand 160x200 cu schelet metalic si\u00a0 lada de depozitare mare. Comanda acum la superpret. Paturi matrimoniale tapitate de lux .","breadcrumb":{"@id":"https:\/\/mobiladeluxonline.ro\/p\/pat-tapitat-blacksand-160x200\/#breadcrumb"},"inLanguage":"en-US","potentialAction":[{"@type":"ReadAction","target":["https:\/\/mobiladeluxonline.ro\/p\/pat-tapitat-blacksand-160x200\/"]}]},{"@type":"ImageObject","inLanguage":"en-US","@id":"https:\/\/mobiladeluxonline.ro\/p\/pat-tapitat-blacksand-160x200\/#primaryimage","url":"https:\/\/mobiladeluxonline.ro\/wp-content\/uploads\/2025\/03\/1.jpg","contentUrl":"https:\/\/mobiladeluxonline.ro\/wp-content\/uploads\/2025\/03\/1.jpg","width":1143,"height":755},{"@type":"BreadcrumbList","@id":"https:\/\/mobiladeluxonline.ro\/p\/pat-tapitat-blacksand-160x200\/#breadcrumb","itemListElement":[{"@type":"ListItem","position":1,"name":"Prima pagin\u0103","item":"https:\/\/mobiladeluxonline.ro\/"},{"@type":"ListItem","position":2,"name":"Produse","item":"https:\/\/mobiladeluxonline.ro\/produse\/"},{"@type":"ListItem","position":3,"name":"Pat tapitat Blacksand 160&#215;200"}]},{"@type":"WebSite","@id":"https:\/\/mobiladeluxonline.ro\/#website","url":"https:\/\/mobiladeluxonline.ro\/","name":"MobilaDeLuxOnline.ro","description":"","potentialAction":[{"@type":"SearchAction","target":{"@type":"EntryPoint","urlTemplate":"https:\/\/mobiladeluxonline.ro\/?s={search_term_string}"},"query-input":{"@type":"PropertyValueSpecification","valueRequired":true,"valueName":"search_term_string"}}],"inLanguage":"en-US"}]}},"_links":{"self":[{"href":"https:\/\/mobiladeluxonline.ro\/en\/wp-json\/wp\/v2\/product\/6385","targetHints":{"allow":["GET"]}}],"collection":[{"href":"https:\/\/mobiladeluxonline.ro\/en\/wp-json\/wp\/v2\/product"}],"about":[{"href":"https:\/\/mobiladeluxonline.ro\/en\/wp-json\/wp\/v2\/types\/product"}],"replies":[{"embeddable":true,"href":"https:\/\/mobiladeluxonline.ro\/en\/wp-json\/wp\/v2\/comments?post=6385"}],"wp:featuredmedia":[{"embeddable":true,"href":"https:\/\/mobiladeluxonline.ro\/en\/wp-json\/wp\/v2\/media\/6374"}],"wp:attachment":[{"href":"https:\/\/mobiladeluxonline.ro\/en\/wp-json\/wp\/v2\/media?parent=6385"}],"wp:term":[{"taxonomy":"product_brand","embeddable":true,"href":"https:\/\/mobiladeluxonline.ro\/en\/wp-json\/wp\/v2\/product_brand?post=6385"},{"taxonomy":"product_cat","embeddable":true,"href":"https:\/\/mobiladeluxonline.ro\/en\/wp-json\/wp\/v2\/product_cat?post=6385"},{"taxonomy":"product_tag","embeddable":true,"href":"https:\/\/mobiladeluxonline.ro\/en\/wp-json\/wp\/v2\/product_tag?post=6385"}],"curies":[{"name":"wp","href":"https:\/\/api.w.org\/{rel}","templated":true}]}}