{"id":6394,"date":"2025-03-11T12:46:59","date_gmt":"2025-03-11T10:46:59","guid":{"rendered":"https:\/\/mobiladeluxonline.ro\/?post_type=product&#038;p=6394"},"modified":"2025-11-07T11:14:08","modified_gmt":"2025-11-07T09:14:08","slug":"saltea-vanilla-160x200","status":"publish","type":"product","link":"https:\/\/mobiladeluxonline.ro\/en\/p\/saltea-vanilla-160x200\/","title":{"rendered":"Saltea Vanilla 160&#215;200"},"content":{"rendered":"<p>Saltea Vanilla 160&#215;200<\/p>\n<p>Arcurile se pun in pachet in pungi independente. \u00cen acest fel, se asigur\u0103 izolarea fonic\u0103. \u00cen plus, arcurile care se mi\u0219c\u0103 independent ajut\u0103 la distribuirea uniform\u0103 a presiunii corpului pe saltea. Men\u021binerea coloanei vertebrale \u00een pozi\u021bia corect\u0103 asigur\u0103 un somn confortabil. Partenerii sunt mai pu\u021bin afecta\u021bi de mi\u0219c\u0103rile celuilalt \u00een timpul somnului.<\/p>\n<pre class=\"short-description\"><strong>\u021aes\u0103tura de suprafa\u021b\u0103 a patului Vanilla Dream este \u021bes\u0103tur\u0103 din viscoz\u0103 natural\u0103 produs\u0103 din fibre de lemn.\r\n Potrivit pentru toate anotimpurile, ofer\u0103 o experien\u021b\u0103 de somn pl\u0103cut\u0103 cu textura sa moale.\r\nUn somn mai natural se realizeaz\u0103 cu bumbacul natural folosit \u00een stratul de saltea, oferind o senza\u021bie de atingere mai moale \u00een timpul contactului cu corpul.\r\n \u00cen plus, bumbacul ajut\u0103 la echilibrarea temperaturii corpului prin transferul c\u0103ldurii din corp datorit\u0103 capacit\u0103\u021bii sale superioare de absorb\u021bie a umidit\u0103\u021bii.\r\n<\/strong><\/pre>\n<p>\u2022 Salteaua, de o duritate medie, este invelita in jurul perimetrului cu burete de inalta densitate, care ajuta la prevenirea deformarii;<br \/>\n\u2022 Densitatea inalta a buretelui de care beneficiaza aceasta saltea ofera un suport full ortopedic pentru coloana vertebrala, cap si umeri.<br \/>\n\u2022 SPACER BAND: Aceata banda din jurul saltelei are rolul de a usura transferul aerului, astfel beneficiind de o extraigiena.<br \/>\nKNIT FABRIC: Datorita tesaturii special concepute, la care este folosit si bumbacul, aceasta saltea este mai moale la atingere. Totodata ajuta la usurarea transferului de aer pentru a diminua umiditatea.<br \/>\nIn compozitia saltelei mai intra si vatelina siliconizata, pentru a oferi o extraigiena;<br \/>\nInaltimea saltelei este de 34 cm (\u00b1 1 cm).<\/p>","protected":false},"excerpt":{"rendered":"<p>Aceasta saltea poate fi comandata pe diferite dimensiuni.<br \/>\nSaltea Vanilla 160&#215;200<\/p>","protected":false},"featured_media":6391,"comment_status":"open","ping_status":"closed","template":"","meta":[],"product_brand":[],"product_cat":[62],"product_tag":[],"class_list":{"0":"post-6394","1":"product","2":"type-product","3":"status-publish","4":"has-post-thumbnail","6":"product_cat-saltele","8":"first","9":"instock","10":"sale","11":"shipping-taxable","12":"purchasable","13":"product-type-simple"},"yoast_head":"<!-- This site is optimized with the Yoast SEO plugin v27.4 - https:\/\/yoast.com\/product\/yoast-seo-wordpress\/ -->\n<title>Saltea Vanilla 160x200 - www.mobiladeluxonline.ro mobila<\/title>\n<meta name=\"description\" content=\"Saltea Vanilla 160x200 . Saltele ortopedice diferite dimensiuni si modele.Saltea Vanilla 160x200\" \/>\n<meta name=\"robots\" content=\"index, follow, max-snippet:-1, max-image-preview:large, max-video-preview:-1\" \/>\n<link rel=\"canonical\" href=\"https:\/\/mobiladeluxonline.ro\/en\/p\/saltea-vanilla-160x200\/\" \/>\n<meta property=\"og:locale\" content=\"en_US\" \/>\n<meta property=\"og:type\" content=\"article\" \/>\n<meta property=\"og:title\" content=\"Saltea Vanilla 160x200 - www.mobiladeluxonline.ro mobila\" \/>\n<meta property=\"og:description\" content=\"Saltea Vanilla 160x200 . Saltele ortopedice diferite dimensiuni si modele.Saltea Vanilla 160x200\" \/>\n<meta property=\"og:url\" content=\"https:\/\/mobiladeluxonline.ro\/en\/p\/saltea-vanilla-160x200\/\" \/>\n<meta property=\"og:site_name\" content=\"MobilaDeLuxOnline.ro\" \/>\n<meta property=\"article:modified_time\" content=\"2025-11-07T09:14:08+00:00\" \/>\n<meta property=\"og:image\" content=\"https:\/\/mobiladeluxonline.ro\/wp-content\/uploads\/2025\/03\/Untitled7-1.jpg\" \/>\n\t<meta property=\"og:image:width\" content=\"1087\" \/>\n\t<meta property=\"og:image:height\" content=\"760\" \/>\n\t<meta property=\"og:image:type\" content=\"image\/jpeg\" \/>\n<meta name=\"twitter:card\" content=\"summary_large_image\" \/>\n<meta name=\"twitter:label1\" content=\"Est. reading time\" \/>\n\t<meta name=\"twitter:data1\" content=\"2 minutes\" \/>\n<script type=\"application\/ld+json\" class=\"yoast-schema-graph\">{\"@context\":\"https:\\\/\\\/schema.org\",\"@graph\":[{\"@type\":\"WebPage\",\"@id\":\"https:\\\/\\\/mobiladeluxonline.ro\\\/p\\\/saltea-vanilla-160x200\\\/\",\"url\":\"https:\\\/\\\/mobiladeluxonline.ro\\\/p\\\/saltea-vanilla-160x200\\\/\",\"name\":\"Saltea Vanilla 160x200 - www.mobiladeluxonline.ro mobila\",\"isPartOf\":{\"@id\":\"https:\\\/\\\/mobiladeluxonline.ro\\\/#website\"},\"primaryImageOfPage\":{\"@id\":\"https:\\\/\\\/mobiladeluxonline.ro\\\/p\\\/saltea-vanilla-160x200\\\/#primaryimage\"},\"image\":{\"@id\":\"https:\\\/\\\/mobiladeluxonline.ro\\\/p\\\/saltea-vanilla-160x200\\\/#primaryimage\"},\"thumbnailUrl\":\"https:\\\/\\\/mobiladeluxonline.ro\\\/wp-content\\\/uploads\\\/2025\\\/03\\\/Untitled7-1.jpg\",\"datePublished\":\"2025-03-11T10:46:59+00:00\",\"dateModified\":\"2025-11-07T09:14:08+00:00\",\"description\":\"Saltea Vanilla 160x200 . Saltele ortopedice diferite dimensiuni si modele.Saltea Vanilla 160x200\",\"breadcrumb\":{\"@id\":\"https:\\\/\\\/mobiladeluxonline.ro\\\/p\\\/saltea-vanilla-160x200\\\/#breadcrumb\"},\"inLanguage\":\"en-US\",\"potentialAction\":[{\"@type\":\"ReadAction\",\"target\":[\"https:\\\/\\\/mobiladeluxonline.ro\\\/p\\\/saltea-vanilla-160x200\\\/\"]}]},{\"@type\":\"ImageObject\",\"inLanguage\":\"en-US\",\"@id\":\"https:\\\/\\\/mobiladeluxonline.ro\\\/p\\\/saltea-vanilla-160x200\\\/#primaryimage\",\"url\":\"https:\\\/\\\/mobiladeluxonline.ro\\\/wp-content\\\/uploads\\\/2025\\\/03\\\/Untitled7-1.jpg\",\"contentUrl\":\"https:\\\/\\\/mobiladeluxonline.ro\\\/wp-content\\\/uploads\\\/2025\\\/03\\\/Untitled7-1.jpg\",\"width\":1087,\"height\":760},{\"@type\":\"BreadcrumbList\",\"@id\":\"https:\\\/\\\/mobiladeluxonline.ro\\\/p\\\/saltea-vanilla-160x200\\\/#breadcrumb\",\"itemListElement\":[{\"@type\":\"ListItem\",\"position\":1,\"name\":\"Prima pagin\u0103\",\"item\":\"https:\\\/\\\/mobiladeluxonline.ro\\\/\"},{\"@type\":\"ListItem\",\"position\":2,\"name\":\"Produse\",\"item\":\"https:\\\/\\\/mobiladeluxonline.ro\\\/produse\\\/\"},{\"@type\":\"ListItem\",\"position\":3,\"name\":\"Saltea Vanilla 160&#215;200\"}]},{\"@type\":\"WebSite\",\"@id\":\"https:\\\/\\\/mobiladeluxonline.ro\\\/#website\",\"url\":\"https:\\\/\\\/mobiladeluxonline.ro\\\/\",\"name\":\"MobilaDeLuxOnline.ro\",\"description\":\"\",\"potentialAction\":[{\"@type\":\"SearchAction\",\"target\":{\"@type\":\"EntryPoint\",\"urlTemplate\":\"https:\\\/\\\/mobiladeluxonline.ro\\\/?s={search_term_string}\"},\"query-input\":{\"@type\":\"PropertyValueSpecification\",\"valueRequired\":true,\"valueName\":\"search_term_string\"}}],\"inLanguage\":\"en-US\"}]}<\/script>\n<!-- \/ Yoast SEO plugin. -->","yoast_head_json":{"title":"Saltea Vanilla 160x200 - www.mobiladeluxonline.ro mobila","description":"Saltea Vanilla 160x200 . Saltele ortopedice diferite dimensiuni si modele.Saltea Vanilla 160x200","robots":{"index":"index","follow":"follow","max-snippet":"max-snippet:-1","max-image-preview":"max-image-preview:large","max-video-preview":"max-video-preview:-1"},"canonical":"https:\/\/mobiladeluxonline.ro\/en\/p\/saltea-vanilla-160x200\/","og_locale":"en_US","og_type":"article","og_title":"Saltea Vanilla 160x200 - www.mobiladeluxonline.ro mobila","og_description":"Saltea Vanilla 160x200 . Saltele ortopedice diferite dimensiuni si modele.Saltea Vanilla 160x200","og_url":"https:\/\/mobiladeluxonline.ro\/en\/p\/saltea-vanilla-160x200\/","og_site_name":"MobilaDeLuxOnline.ro","article_modified_time":"2025-11-07T09:14:08+00:00","og_image":[{"width":1087,"height":760,"url":"https:\/\/mobiladeluxonline.ro\/wp-content\/uploads\/2025\/03\/Untitled7-1.jpg","type":"image\/jpeg"}],"twitter_card":"summary_large_image","twitter_misc":{"Est. reading time":"2 minutes"},"schema":{"@context":"https:\/\/schema.org","@graph":[{"@type":"WebPage","@id":"https:\/\/mobiladeluxonline.ro\/p\/saltea-vanilla-160x200\/","url":"https:\/\/mobiladeluxonline.ro\/p\/saltea-vanilla-160x200\/","name":"Saltea Vanilla 160x200 - www.mobiladeluxonline.ro mobila","isPartOf":{"@id":"https:\/\/mobiladeluxonline.ro\/#website"},"primaryImageOfPage":{"@id":"https:\/\/mobiladeluxonline.ro\/p\/saltea-vanilla-160x200\/#primaryimage"},"image":{"@id":"https:\/\/mobiladeluxonline.ro\/p\/saltea-vanilla-160x200\/#primaryimage"},"thumbnailUrl":"https:\/\/mobiladeluxonline.ro\/wp-content\/uploads\/2025\/03\/Untitled7-1.jpg","datePublished":"2025-03-11T10:46:59+00:00","dateModified":"2025-11-07T09:14:08+00:00","description":"Saltea Vanilla 160x200 . Saltele ortopedice diferite dimensiuni si modele.Saltea Vanilla 160x200","breadcrumb":{"@id":"https:\/\/mobiladeluxonline.ro\/p\/saltea-vanilla-160x200\/#breadcrumb"},"inLanguage":"en-US","potentialAction":[{"@type":"ReadAction","target":["https:\/\/mobiladeluxonline.ro\/p\/saltea-vanilla-160x200\/"]}]},{"@type":"ImageObject","inLanguage":"en-US","@id":"https:\/\/mobiladeluxonline.ro\/p\/saltea-vanilla-160x200\/#primaryimage","url":"https:\/\/mobiladeluxonline.ro\/wp-content\/uploads\/2025\/03\/Untitled7-1.jpg","contentUrl":"https:\/\/mobiladeluxonline.ro\/wp-content\/uploads\/2025\/03\/Untitled7-1.jpg","width":1087,"height":760},{"@type":"BreadcrumbList","@id":"https:\/\/mobiladeluxonline.ro\/p\/saltea-vanilla-160x200\/#breadcrumb","itemListElement":[{"@type":"ListItem","position":1,"name":"Prima pagin\u0103","item":"https:\/\/mobiladeluxonline.ro\/"},{"@type":"ListItem","position":2,"name":"Produse","item":"https:\/\/mobiladeluxonline.ro\/produse\/"},{"@type":"ListItem","position":3,"name":"Saltea Vanilla 160&#215;200"}]},{"@type":"WebSite","@id":"https:\/\/mobiladeluxonline.ro\/#website","url":"https:\/\/mobiladeluxonline.ro\/","name":"MobilaDeLuxOnline.ro","description":"","potentialAction":[{"@type":"SearchAction","target":{"@type":"EntryPoint","urlTemplate":"https:\/\/mobiladeluxonline.ro\/?s={search_term_string}"},"query-input":{"@type":"PropertyValueSpecification","valueRequired":true,"valueName":"search_term_string"}}],"inLanguage":"en-US"}]}},"_links":{"self":[{"href":"https:\/\/mobiladeluxonline.ro\/en\/wp-json\/wp\/v2\/product\/6394","targetHints":{"allow":["GET"]}}],"collection":[{"href":"https:\/\/mobiladeluxonline.ro\/en\/wp-json\/wp\/v2\/product"}],"about":[{"href":"https:\/\/mobiladeluxonline.ro\/en\/wp-json\/wp\/v2\/types\/product"}],"replies":[{"embeddable":true,"href":"https:\/\/mobiladeluxonline.ro\/en\/wp-json\/wp\/v2\/comments?post=6394"}],"wp:featuredmedia":[{"embeddable":true,"href":"https:\/\/mobiladeluxonline.ro\/en\/wp-json\/wp\/v2\/media\/6391"}],"wp:attachment":[{"href":"https:\/\/mobiladeluxonline.ro\/en\/wp-json\/wp\/v2\/media?parent=6394"}],"wp:term":[{"taxonomy":"product_brand","embeddable":true,"href":"https:\/\/mobiladeluxonline.ro\/en\/wp-json\/wp\/v2\/product_brand?post=6394"},{"taxonomy":"product_cat","embeddable":true,"href":"https:\/\/mobiladeluxonline.ro\/en\/wp-json\/wp\/v2\/product_cat?post=6394"},{"taxonomy":"product_tag","embeddable":true,"href":"https:\/\/mobiladeluxonline.ro\/en\/wp-json\/wp\/v2\/product_tag?post=6394"}],"curies":[{"name":"wp","href":"https:\/\/api.w.org\/{rel}","templated":true}]}}