{"id":7972,"date":"2026-02-13T13:22:53","date_gmt":"2026-02-13T11:22:53","guid":{"rendered":"https:\/\/mobiladeluxonline.ro\/?post_type=product&#038;p=7972"},"modified":"2026-02-13T13:31:19","modified_gmt":"2026-02-13T11:31:19","slug":"pat-tapitat-onda","status":"publish","type":"product","link":"https:\/\/mobiladeluxonline.ro\/en\/p\/pat-tapitat-onda\/","title":{"rendered":"Pat tapitat Onda"},"content":{"rendered":"<p>Pat tapitat Onda.<\/p>\n<p>Structura patului Onda este format\u0103 din lemn masiv de fag, lemn stratificat, pl\u0103ci din a\u0219chii \u0219i fibre de lemn.<\/p>\n<p>Somiera patului\u00a0este realizat\u0103 din cadru metalic \u0219i lamele elastice de fag.<\/p>\n<p>Lada de depozitare a patului\u00a0\u00a0este complet tapi\u021bat\u0103 at\u00e2t pe exterior c\u00e2t \u0219i \u00een interior. salteaua nu este inclus\u0103 \u00een pre\u021bul patului. Pre\u021bul include doar somiera.<\/p>\n<p>Produsul Onda este disponibil in 2 variante de dimensiuni. Acestea sunt urm\u0103toarele:<\/p>\n<ul>\n<li>Pat 164 x 208 cm (c\u0103p\u0103t\u00e2i H130 cm) \u2013 dimensiune saltea 140 x 200 cm<\/li>\n<li>Pat 184 x 208 cm (c\u0103p\u0103t\u00e2i H130 cm) \u2013 dimensiune saltea 160 x 200 cm.<\/li>\n<li>Pat 204 x 208 cm (c\u0103p\u0103t\u00e2i H130 cm) \u2013 dimensiune saltea 180 x 200 cm.<\/li>\n<\/ul>","protected":false},"excerpt":{"rendered":"<ul>\n<li>Structura patului Onda este format\u0103 din lemn masiv de fag, lemn stratificat, pl\u0103ci din a\u0219chii \u0219i fibre de lemn.\n<p>Somiera patului\u00a0este realizat\u0103 din cadru metalic \u0219i lamele elastice de fag.<\/p>\n<p>Lada de depozitare a patului\u00a0\u00a0este complet tapi\u021bat\u0103 at\u00e2t pe exterior c\u00e2t \u0219i \u00een interior.<\/li>\n<\/ul>","protected":false},"featured_media":7973,"comment_status":"open","ping_status":"closed","template":"","meta":[],"product_brand":[],"product_cat":[61],"product_tag":[],"class_list":{"0":"post-7972","1":"product","2":"type-product","3":"status-publish","4":"has-post-thumbnail","6":"product_cat-paturi-tapitate","8":"first","9":"instock","10":"sale","11":"shipping-taxable","12":"purchasable","13":"product-type-simple"},"yoast_head":"<!-- This site is optimized with the Yoast SEO plugin v27.4 - https:\/\/yoast.com\/product\/yoast-seo-wordpress\/ -->\n<title>Pat tapitat Onda - paturi calitate superioara,dormitoare<\/title>\n<meta name=\"description\" content=\"Pat tapitat Onda.Pret mic,calitate superioara. Comanda acum la superpret.pentru un dormitor de vis.\" \/>\n<meta name=\"robots\" content=\"index, follow, max-snippet:-1, max-image-preview:large, max-video-preview:-1\" \/>\n<link rel=\"canonical\" href=\"https:\/\/mobiladeluxonline.ro\/en\/p\/pat-tapitat-onda\/\" \/>\n<meta property=\"og:locale\" content=\"en_US\" \/>\n<meta property=\"og:type\" content=\"article\" \/>\n<meta property=\"og:title\" content=\"Pat tapitat Onda - paturi calitate superioara,dormitoare\" \/>\n<meta property=\"og:description\" content=\"Pat tapitat Onda.Pret mic,calitate superioara. Comanda acum la superpret.pentru un dormitor de vis.\" \/>\n<meta property=\"og:url\" content=\"https:\/\/mobiladeluxonline.ro\/en\/p\/pat-tapitat-onda\/\" \/>\n<meta property=\"og:site_name\" content=\"MobilaDeLuxOnline.ro\" \/>\n<meta property=\"article:modified_time\" content=\"2026-02-13T11:31:19+00:00\" \/>\n<meta property=\"og:image\" content=\"https:\/\/mobiladeluxonline.ro\/wp-content\/uploads\/2026\/02\/onda-pat.jpg\" \/>\n\t<meta property=\"og:image:width\" content=\"1920\" \/>\n\t<meta property=\"og:image:height\" content=\"924\" \/>\n\t<meta property=\"og:image:type\" content=\"image\/jpeg\" \/>\n<meta name=\"twitter:card\" content=\"summary_large_image\" \/>\n<meta name=\"twitter:label1\" content=\"Est. reading time\" \/>\n\t<meta name=\"twitter:data1\" content=\"1 minute\" \/>\n<script type=\"application\/ld+json\" class=\"yoast-schema-graph\">{\"@context\":\"https:\\\/\\\/schema.org\",\"@graph\":[{\"@type\":\"WebPage\",\"@id\":\"https:\\\/\\\/mobiladeluxonline.ro\\\/p\\\/pat-tapitat-onda\\\/\",\"url\":\"https:\\\/\\\/mobiladeluxonline.ro\\\/p\\\/pat-tapitat-onda\\\/\",\"name\":\"Pat tapitat Onda - paturi calitate superioara,dormitoare\",\"isPartOf\":{\"@id\":\"https:\\\/\\\/mobiladeluxonline.ro\\\/#website\"},\"primaryImageOfPage\":{\"@id\":\"https:\\\/\\\/mobiladeluxonline.ro\\\/p\\\/pat-tapitat-onda\\\/#primaryimage\"},\"image\":{\"@id\":\"https:\\\/\\\/mobiladeluxonline.ro\\\/p\\\/pat-tapitat-onda\\\/#primaryimage\"},\"thumbnailUrl\":\"https:\\\/\\\/mobiladeluxonline.ro\\\/wp-content\\\/uploads\\\/2026\\\/02\\\/onda-pat.jpg\",\"datePublished\":\"2026-02-13T11:22:53+00:00\",\"dateModified\":\"2026-02-13T11:31:19+00:00\",\"description\":\"Pat tapitat Onda.Pret mic,calitate superioara. Comanda acum la superpret.pentru un dormitor de vis.\",\"breadcrumb\":{\"@id\":\"https:\\\/\\\/mobiladeluxonline.ro\\\/p\\\/pat-tapitat-onda\\\/#breadcrumb\"},\"inLanguage\":\"en-US\",\"potentialAction\":[{\"@type\":\"ReadAction\",\"target\":[\"https:\\\/\\\/mobiladeluxonline.ro\\\/p\\\/pat-tapitat-onda\\\/\"]}]},{\"@type\":\"ImageObject\",\"inLanguage\":\"en-US\",\"@id\":\"https:\\\/\\\/mobiladeluxonline.ro\\\/p\\\/pat-tapitat-onda\\\/#primaryimage\",\"url\":\"https:\\\/\\\/mobiladeluxonline.ro\\\/wp-content\\\/uploads\\\/2026\\\/02\\\/onda-pat.jpg\",\"contentUrl\":\"https:\\\/\\\/mobiladeluxonline.ro\\\/wp-content\\\/uploads\\\/2026\\\/02\\\/onda-pat.jpg\",\"width\":1920,\"height\":924},{\"@type\":\"BreadcrumbList\",\"@id\":\"https:\\\/\\\/mobiladeluxonline.ro\\\/p\\\/pat-tapitat-onda\\\/#breadcrumb\",\"itemListElement\":[{\"@type\":\"ListItem\",\"position\":1,\"name\":\"Prima pagin\u0103\",\"item\":\"https:\\\/\\\/mobiladeluxonline.ro\\\/\"},{\"@type\":\"ListItem\",\"position\":2,\"name\":\"Produse\",\"item\":\"https:\\\/\\\/mobiladeluxonline.ro\\\/produse\\\/\"},{\"@type\":\"ListItem\",\"position\":3,\"name\":\"Pat tapitat Onda\"}]},{\"@type\":\"WebSite\",\"@id\":\"https:\\\/\\\/mobiladeluxonline.ro\\\/#website\",\"url\":\"https:\\\/\\\/mobiladeluxonline.ro\\\/\",\"name\":\"MobilaDeLuxOnline.ro\",\"description\":\"\",\"potentialAction\":[{\"@type\":\"SearchAction\",\"target\":{\"@type\":\"EntryPoint\",\"urlTemplate\":\"https:\\\/\\\/mobiladeluxonline.ro\\\/?s={search_term_string}\"},\"query-input\":{\"@type\":\"PropertyValueSpecification\",\"valueRequired\":true,\"valueName\":\"search_term_string\"}}],\"inLanguage\":\"en-US\"}]}<\/script>\n<!-- \/ Yoast SEO plugin. -->","yoast_head_json":{"title":"Pat tapitat Onda - paturi calitate superioara,dormitoare","description":"Pat tapitat Onda.Pret mic,calitate superioara. Comanda acum la superpret.pentru un dormitor de vis.","robots":{"index":"index","follow":"follow","max-snippet":"max-snippet:-1","max-image-preview":"max-image-preview:large","max-video-preview":"max-video-preview:-1"},"canonical":"https:\/\/mobiladeluxonline.ro\/en\/p\/pat-tapitat-onda\/","og_locale":"en_US","og_type":"article","og_title":"Pat tapitat Onda - paturi calitate superioara,dormitoare","og_description":"Pat tapitat Onda.Pret mic,calitate superioara. Comanda acum la superpret.pentru un dormitor de vis.","og_url":"https:\/\/mobiladeluxonline.ro\/en\/p\/pat-tapitat-onda\/","og_site_name":"MobilaDeLuxOnline.ro","article_modified_time":"2026-02-13T11:31:19+00:00","og_image":[{"width":1920,"height":924,"url":"https:\/\/mobiladeluxonline.ro\/wp-content\/uploads\/2026\/02\/onda-pat.jpg","type":"image\/jpeg"}],"twitter_card":"summary_large_image","twitter_misc":{"Est. reading time":"1 minute"},"schema":{"@context":"https:\/\/schema.org","@graph":[{"@type":"WebPage","@id":"https:\/\/mobiladeluxonline.ro\/p\/pat-tapitat-onda\/","url":"https:\/\/mobiladeluxonline.ro\/p\/pat-tapitat-onda\/","name":"Pat tapitat Onda - paturi calitate superioara,dormitoare","isPartOf":{"@id":"https:\/\/mobiladeluxonline.ro\/#website"},"primaryImageOfPage":{"@id":"https:\/\/mobiladeluxonline.ro\/p\/pat-tapitat-onda\/#primaryimage"},"image":{"@id":"https:\/\/mobiladeluxonline.ro\/p\/pat-tapitat-onda\/#primaryimage"},"thumbnailUrl":"https:\/\/mobiladeluxonline.ro\/wp-content\/uploads\/2026\/02\/onda-pat.jpg","datePublished":"2026-02-13T11:22:53+00:00","dateModified":"2026-02-13T11:31:19+00:00","description":"Pat tapitat Onda.Pret mic,calitate superioara. Comanda acum la superpret.pentru un dormitor de vis.","breadcrumb":{"@id":"https:\/\/mobiladeluxonline.ro\/p\/pat-tapitat-onda\/#breadcrumb"},"inLanguage":"en-US","potentialAction":[{"@type":"ReadAction","target":["https:\/\/mobiladeluxonline.ro\/p\/pat-tapitat-onda\/"]}]},{"@type":"ImageObject","inLanguage":"en-US","@id":"https:\/\/mobiladeluxonline.ro\/p\/pat-tapitat-onda\/#primaryimage","url":"https:\/\/mobiladeluxonline.ro\/wp-content\/uploads\/2026\/02\/onda-pat.jpg","contentUrl":"https:\/\/mobiladeluxonline.ro\/wp-content\/uploads\/2026\/02\/onda-pat.jpg","width":1920,"height":924},{"@type":"BreadcrumbList","@id":"https:\/\/mobiladeluxonline.ro\/p\/pat-tapitat-onda\/#breadcrumb","itemListElement":[{"@type":"ListItem","position":1,"name":"Prima pagin\u0103","item":"https:\/\/mobiladeluxonline.ro\/"},{"@type":"ListItem","position":2,"name":"Produse","item":"https:\/\/mobiladeluxonline.ro\/produse\/"},{"@type":"ListItem","position":3,"name":"Pat tapitat Onda"}]},{"@type":"WebSite","@id":"https:\/\/mobiladeluxonline.ro\/#website","url":"https:\/\/mobiladeluxonline.ro\/","name":"MobilaDeLuxOnline.ro","description":"","potentialAction":[{"@type":"SearchAction","target":{"@type":"EntryPoint","urlTemplate":"https:\/\/mobiladeluxonline.ro\/?s={search_term_string}"},"query-input":{"@type":"PropertyValueSpecification","valueRequired":true,"valueName":"search_term_string"}}],"inLanguage":"en-US"}]}},"_links":{"self":[{"href":"https:\/\/mobiladeluxonline.ro\/en\/wp-json\/wp\/v2\/product\/7972","targetHints":{"allow":["GET"]}}],"collection":[{"href":"https:\/\/mobiladeluxonline.ro\/en\/wp-json\/wp\/v2\/product"}],"about":[{"href":"https:\/\/mobiladeluxonline.ro\/en\/wp-json\/wp\/v2\/types\/product"}],"replies":[{"embeddable":true,"href":"https:\/\/mobiladeluxonline.ro\/en\/wp-json\/wp\/v2\/comments?post=7972"}],"wp:featuredmedia":[{"embeddable":true,"href":"https:\/\/mobiladeluxonline.ro\/en\/wp-json\/wp\/v2\/media\/7973"}],"wp:attachment":[{"href":"https:\/\/mobiladeluxonline.ro\/en\/wp-json\/wp\/v2\/media?parent=7972"}],"wp:term":[{"taxonomy":"product_brand","embeddable":true,"href":"https:\/\/mobiladeluxonline.ro\/en\/wp-json\/wp\/v2\/product_brand?post=7972"},{"taxonomy":"product_cat","embeddable":true,"href":"https:\/\/mobiladeluxonline.ro\/en\/wp-json\/wp\/v2\/product_cat?post=7972"},{"taxonomy":"product_tag","embeddable":true,"href":"https:\/\/mobiladeluxonline.ro\/en\/wp-json\/wp\/v2\/product_tag?post=7972"}],"curies":[{"name":"wp","href":"https:\/\/api.w.org\/{rel}","templated":true}]}}